{"id":1005,"date":"2017-07-21T23:14:46","date_gmt":"2017-07-21T23:14:46","guid":{"rendered":"https:\/\/www.losangelesemploymentattorney.org\/?page_id=1005"},"modified":"2018-08-16T18:04:10","modified_gmt":"2018-08-16T18:04:10","slug":"me-pueden-despedir-por-abogado-de-discriminacion-por-artritis-reumatoide-2","status":"publish","type":"page","link":"https:\/\/www.losangelesemploymentattorney.org\/es\/can-i-be-fired-for-rheumatoid-arthritis-discrimination-lawyer\/","title":{"rendered":"Abogado de discriminaci\u00f3n y despido injustificado de artritis reumatoide"},"content":{"rendered":"<h2>\u00bfTengo protecciones bajo la Ley de Estadounidenses con Discapacidades para la artritis reumatoide?<\/h2>\n<p><img loading=\"lazy\" decoding=\"async\" class=\"size-full wp-image-1008 alignright\" src=\"https:\/\/www.losangelesemploymentattorney.org\/wp-content\/uploads\/2017\/07\/rheumatoid-arthritis.jpg\" alt=\"Abogado de discriminaci\u00f3n y despido injustificado de artritis reumatoide\" width=\"363\" height=\"204\" srcset=\"https:\/\/www.losangelesemploymentattorney.org\/wp-content\/uploads\/2017\/07\/rheumatoid-arthritis.jpg 363w, https:\/\/www.losangelesemploymentattorney.org\/wp-content\/uploads\/2017\/07\/rheumatoid-arthritis-300x169.jpg 300w\" sizes=\"auto, (max-width: 363px) 100vw, 363px\" \/>La artritis reumatoide puede ser una enfermedad dolorosa que afecta su vida en m\u00e1s de un sentido. Si el dolor afecta su vida personal y laboral, puede calificar para protecciones bajo la Ley de Estadounidenses con Discapacidades (ADA). Si est\u00e1 protegido por la ADA, significa que su empleador no puede tomar decisiones laborales basadas en su discapacidad.<\/p>\n<p>Si cree que su empleador lo ha discriminado debido a su artritis, es posible que tenga motivos para presentar una demanda contra su empleador y cobrar una indemnizaci\u00f3n por da\u00f1os y perjuicios. Nuestro grupo de abogados est\u00e1 aqu\u00ed para ayudarlo a obtener la compensaci\u00f3n m\u00e1xima disponible si su empleador actu\u00f3 ilegalmente. Ayudamos a personas como usted todos los d\u00edas y respondemos las preguntas que puedan tener sobre cualquier acci\u00f3n que quieran tomar. Ejemplos de tales preguntas incluyen:<\/p>\n<ul>\n<li>\u00bfLa artritis reumatoide se considera una discapacidad seg\u00fan la ADA?<\/li>\n<li>\u00bfPuedes trabajar si tienes artrosis?<\/li>\n<li>Mi empleador me despidi\u00f3 porque tengo artritis. \u00bfPuede hacerlo legalmente?<\/li>\n<li>\u00bfLa artritis reumatoide est\u00e1 protegida por la ADA?<\/li>\n<li>Tengo artritis y mi jefe me discrimina. \u00bfEs esto discriminaci\u00f3n ilegal? Necesito un abogado para demandar a mi empleador. \u00bfQui\u00e9n es el mejor abogado?<\/li>\n<li>Me despidieron porque tengo artritis. \u00bfSe trata de un despido injustificado? \u00bfPuedo demandar a mi jefe?<\/li>\n<\/ul>\n<h3>\u00bfEst\u00e1 protegida la artritis reumatoide seg\u00fan la ADA?<\/h3>\n<p>Tal vez. La ADA no enumera todas las posibles discapacidades que pueda tener una persona. M\u00e1s bien, su definici\u00f3n amplia de discapacidad (independientemente de que se afecten o no actividades importantes de la vida) puede abarcar a las personas con artritis reumatoide.<\/p>\n<p>Las principales actividades de la vida son aquellas cosas que las personas hacen todos los d\u00edas no s\u00f3lo para mantenerse biol\u00f3gicamente sino tambi\u00e9n monetariamente. Las principales actividades de la vida incluyen, entre otras, \u201ccuidarse a uno mismo, realizar tareas manuales, ver, o\u00edr, comer, dormir, caminar, pararse, levantar objetos, inclinarse, hablar, respirar, aprender, leer, concentrarse, pensar, comunicarse, y trabajando.&quot;<\/p>\n<p>Si su artritis reumatoide afecta uno o m\u00e1s de estos, es posible que est\u00e9 protegido por la ley federal.<\/p>\n<h3>\u00bfQu\u00e9 leyes protegen a las personas con artritis reumatoide?<\/h3>\n<p>La Ley de Estadounidenses con Discapacidades de 1990 se promulg\u00f3 con la intenci\u00f3n de proteger a las personas con discapacidades de la discriminaci\u00f3n y el acoso en el lugar de trabajo. El t\u00e9rmino &quot;discapacidad&quot; se hizo amplio a prop\u00f3sito para no cerrar las puertas a ninguna persona que sufra discapacidades, por lo que en lugar de enumerar todos los tipos de enfermedades cubiertas por la ADA, permite a los tribunales decidir caso por caso. -Cada caso para determinar si una persona est\u00e1 cubierta o no por la ADA. Para que su dolencia se considere protegida seg\u00fan la ADA, debe estar dentro de la definici\u00f3n amplia de &quot;discapacidad&quot; seg\u00fan la ADA.<\/p>\n<p>La ADA define la discapacidad como una condici\u00f3n f\u00edsica o mental que limita severamente la capacidad de una persona para realizar tareas importantes de la vida, una persona con antecedentes o antecedentes de la enfermedad. Del mismo modo, un empleador no puede presumir que un empleado tiene una discapacidad y tomar decisiones bas\u00e1ndose en esa suposici\u00f3n.<\/p>\n<p>Se supone que un empleador no debe discriminar ni a los solicitantes ni a los empleados. Se supone que el empleador, al considerar el estatus de empleado y solicitante, solo debe centrarse en dos cosas: las calificaciones del empleado para el puesto que solicit\u00f3 y su capacidad para realizar las funciones laborales esenciales, con o sin ajustes razonables.<\/p>\n<p>Los ajustes razonables se clasifican como cambios en un puesto o pol\u00edtica en el lugar de trabajo que permiten que el empleado discapacitado (en este caso, el empleado con artritis reumatoide) tenga el mayor \u00e9xito posible en su puesto. Por ejemplo, si su artritis requiere que tome descansos m\u00e1s prolongados para tratar su enfermedad, es posible que su empleador deba brindarle dicha adaptaci\u00f3n. Negarse a brindarle una adaptaci\u00f3n razonable es ilegal. S\u00f3lo si las empresas pueden demostrar que la adaptaci\u00f3n razonable causar\u00eda una carga excesiva al empleador estar\u00e1n exentas de proporcionar dicha adaptaci\u00f3n. En la mayor\u00eda de los casos, s\u00f3lo est\u00e1n exentas las peque\u00f1as empresas con recursos muy limitados. Las empresas y corporaciones m\u00e1s grandes generalmente no pueden presentar la misma defensa.<\/p>\n<p>Si tiene artritis reumatoide, su empleador no puede pasarlo por alto si hay posibilidades de ascenso, aumento, beneficios y otros aspectos positivos del trabajo. Por ejemplo, si usted es el empleado m\u00e1s calificado pero tambi\u00e9n tiene artritis reumatoide, su empleador no puede considerar todas las dificultades que pueden surgir al ascenderlo, como las adaptaciones razonables que deber\u00e1n realizarse para garantizar que pueda realizar el trabajo esencial. funciones.<\/p>\n<h3>C\u00f3mo presentar una demanda contra su empleador<\/h3>\n<p>Si cree que su empleador ha violado la Ley de Estadounidenses con Discapacidades, puede tener motivos para presentar una demanda contra ellos y cobrar los da\u00f1os y perjuicios a los que tenga derecho. Nuestros abogados de Los \u00c1ngeles tienen a\u00f1os de experiencia y un historial comprobado de ganar casos. Nuestra sede est\u00e1 en Los \u00c1ngeles, pero aceptamos casos en todo el estado de California. Pero antes de poder tomar medidas adecuadas contra su empleador, primero debe presentar un cargo ante una agencia gubernamental de empleo. Hay dos disponibles para usted en el estado de California: las agencias federales y estatales. La agencia federal se conoce como Comisi\u00f3n de Igualdad de Oportunidades en el Empleo (EEOC) y hace cumplir la ADA en todo el pa\u00eds. La agencia de empleo del estado de California se llama Departamento de Vivienda y Empleo Justo. Ambas agencias hacen cumplir las leyes contra la discriminaci\u00f3n. La EEOC y el DFEH tienen un acuerdo de trabajo compartido, lo que significa que cuando usted presenta un cargo por discriminaci\u00f3n ante una de estas agencias, se env\u00eda una copia duplicada a la otra agencia; esto se conoce como presentaci\u00f3n dual y sirve para proteger mejor sus derechos bajo las leyes estatales y federales.<\/p>\n<p>Si solo est\u00e1 protegido por la EEOC, lo que significa que su estado no ofrece las mismas protecciones que las leyes federales, tiene 180 d\u00edas para presentar un cargo a partir del d\u00eda en que experiment\u00f3 la discriminaci\u00f3n por \u00faltima vez. Afortunadamente, California protege a los empleados de la discriminaci\u00f3n en el lugar de trabajo y, debido a que ambas pol\u00edticas act\u00faan en conjunto, el plazo para presentar una demanda se extiende a 300 d\u00edas.<\/p>\n<p>Una vez que la agencia inicie una investigaci\u00f3n y determine que es posible que se hayan violado sus derechos seg\u00fan la ADA, puede solicitar una carta de \u201cderecho a demandar\u201d. La carta de derecho a demandar le da luz verde legal para emprender acciones contra su empleador. Solo tiene 90 d\u00edas para tomar medidas contra su empleador a partir del d\u00eda en que recibe su carta, por lo que se recomienda que solo solicite esta carta una vez que usted y su abogado est\u00e9n listos para acudir a la corte.<\/p>\n<h3>Garant\u00eda de tarifa cero y consulta gratuita<\/h3>\n<p>\u00a1El Grupo de Abogados de Derecho Laboral de California est\u00e1 aqu\u00ed para garantizar que se haga justicia! Ofrecemos una consulta gratuita y garant\u00eda de tarifa cero, lo que significa que no hay riesgo financiero de su parte. Si no podemos probar su caso, no pagar\u00e1 por nuestros servicios. Si ganamos, solo cobraremos una peque\u00f1a tarifa sobre el monto recaudado.<\/p>","protected":false},"excerpt":{"rendered":"<p>\u00bfTengo protecciones bajo la Ley de Estadounidenses con Discapacidades para la artritis reumatoide? La artritis reumatoide puede ser una enfermedad dolorosa que afecta su vida en m\u00e1s de un sentido. Si el dolor afecta su vida personal y laboral, puede calificar para recibir protecci\u00f3n bajo la Ley de Estadounidenses con Discapacidades (ADA). Si est\u00e1 protegido por\u2026<\/p>","protected":false},"author":1,"featured_media":0,"parent":0,"menu_order":0,"comment_status":"closed","ping_status":"closed","template":"","meta":{"om_disable_all_campaigns":false,"_monsterinsights_skip_tracking":false,"_monsterinsights_sitenote_active":false,"_monsterinsights_sitenote_note":"","_monsterinsights_sitenote_category":0,"footnotes":""},"class_list":["post-1005","page","type-page","status-publish"],"aioseo_notices":[],"aioseo_head":"\n\t\t<!-- All in One SEO Pro 4.9.6.2 - aioseo.com -->\n\t<meta name=\"description\" content=\"Do I Have Protections Under the Americans with Disabilities Act for Rheumatoid Arthritis? Rheumatoid arthritis can be a painful disease that affects your life in more ways than one. If the pain impacts your personal and work life, you may qualify for protections under the Americans with Disabilities Act (ADA). If you are protected under\" \/>\n\t<meta name=\"robots\" content=\"max-image-preview:large\" \/>\n\t<link rel=\"canonical\" href=\"https:\/\/www.losangelesemploymentattorney.org\/es\/can-i-be-fired-for-rheumatoid-arthritis-discrimination-lawyer\/\" \/>\n\t<meta name=\"generator\" content=\"All in One SEO Pro (AIOSEO) 4.9.6.2\" \/>\n\t\t<meta property=\"og:locale\" content=\"es_MX\" \/>\n\t\t<meta property=\"og:site_name\" content=\"California Labor Law Employment Attorneys Group -\" \/>\n\t\t<meta property=\"og:type\" content=\"article\" \/>\n\t\t<meta property=\"og:title\" content=\"Rheumatoid Arthritis Wrongful Termination and Discrimination Lawyer - California Labor Law Employment Attorneys Group\" \/>\n\t\t<meta property=\"og:description\" content=\"Do I Have Protections Under the Americans with Disabilities Act for Rheumatoid Arthritis? Rheumatoid arthritis can be a painful disease that affects your life in more ways than one. If the pain impacts your personal and work life, you may qualify for protections under the Americans with Disabilities Act (ADA). If you are protected under\" \/>\n\t\t<meta property=\"og:url\" content=\"https:\/\/www.losangelesemploymentattorney.org\/es\/can-i-be-fired-for-rheumatoid-arthritis-discrimination-lawyer\/\" \/>\n\t\t<meta property=\"article:published_time\" content=\"2017-07-21T23:14:46+00:00\" \/>\n\t\t<meta property=\"article:modified_time\" content=\"2018-08-16T18:04:10+00:00\" \/>\n\t\t<meta name=\"twitter:card\" content=\"summary_large_image\" \/>\n\t\t<meta name=\"twitter:title\" content=\"Rheumatoid Arthritis Wrongful Termination and Discrimination Lawyer - California Labor Law Employment Attorneys Group\" \/>\n\t\t<meta name=\"twitter:description\" content=\"Do I Have Protections Under the Americans with Disabilities Act for Rheumatoid Arthritis? Rheumatoid arthritis can be a painful disease that affects your life in more ways than one. If the pain impacts your personal and work life, you may qualify for protections under the Americans with Disabilities Act (ADA). If you are protected under\" \/>\n\t\t<script type=\"application\/ld+json\" class=\"aioseo-schema\">\n\t\t\t{\"@context\":\"https:\\\/\\\/schema.org\",\"@graph\":[{\"@type\":\"BreadcrumbList\",\"@id\":\"https:\\\/\\\/www.losangelesemploymentattorney.org\\\/es\\\/can-i-be-fired-for-rheumatoid-arthritis-discrimination-lawyer\\\/#breadcrumblist\",\"itemListElement\":[{\"@type\":\"ListItem\",\"@id\":\"https:\\\/\\\/www.losangelesemploymentattorney.org\\\/es#listItem\",\"position\":1,\"name\":\"Home\",\"item\":\"https:\\\/\\\/www.losangelesemploymentattorney.org\\\/es\",\"nextItem\":{\"@type\":\"ListItem\",\"@id\":\"https:\\\/\\\/www.losangelesemploymentattorney.org\\\/es\\\/can-i-be-fired-for-rheumatoid-arthritis-discrimination-lawyer\\\/#listItem\",\"name\":\"Rheumatoid Arthritis Wrongful Termination and Discrimination Lawyer\"}},{\"@type\":\"ListItem\",\"@id\":\"https:\\\/\\\/www.losangelesemploymentattorney.org\\\/es\\\/can-i-be-fired-for-rheumatoid-arthritis-discrimination-lawyer\\\/#listItem\",\"position\":2,\"name\":\"Rheumatoid Arthritis Wrongful Termination and Discrimination Lawyer\",\"previousItem\":{\"@type\":\"ListItem\",\"@id\":\"https:\\\/\\\/www.losangelesemploymentattorney.org\\\/es#listItem\",\"name\":\"Home\"}}]},{\"@type\":\"Organization\",\"@id\":\"https:\\\/\\\/www.losangelesemploymentattorney.org\\\/es\\\/#organization\",\"name\":\"California Labor Law Employment Attorneys Group\",\"url\":\"https:\\\/\\\/www.losangelesemploymentattorney.org\\\/es\\\/\",\"email\":\"info@losangelesemploymentattorney.org\",\"telephone\":\"+18884518915\",\"numberOfEmployees\":{\"@type\":\"QuantitativeValue\",\"value\":400},\"logo\":{\"@type\":\"ImageObject\",\"url\":\"https:\\\/\\\/www.losangelesemploymentattorney.org\\\/wp-content\\\/uploads\\\/2021\\\/12\\\/clleaglogoss-01.png\",\"@id\":\"https:\\\/\\\/www.losangelesemploymentattorney.org\\\/es\\\/can-i-be-fired-for-rheumatoid-arthritis-discrimination-lawyer\\\/#organizationLogo\",\"width\":854,\"height\":261},\"image\":{\"@id\":\"https:\\\/\\\/www.losangelesemploymentattorney.org\\\/es\\\/can-i-be-fired-for-rheumatoid-arthritis-discrimination-lawyer\\\/#organizationLogo\"},\"address\":{\"@id\":\"https:\\\/\\\/www.losangelesemploymentattorney.org\\\/es\\\/#postaladdress\",\"@type\":\"PostalAddress\",\"streetAddress\":\"612 S Broadway, Suite 600\",\"postalCode\":\"90014\",\"addressLocality\":\"Los Angeles\",\"addressRegion\":\"California\",\"addressCountry\":\"US\"}},{\"@type\":\"WebPage\",\"@id\":\"https:\\\/\\\/www.losangelesemploymentattorney.org\\\/es\\\/can-i-be-fired-for-rheumatoid-arthritis-discrimination-lawyer\\\/#webpage\",\"url\":\"https:\\\/\\\/www.losangelesemploymentattorney.org\\\/es\\\/can-i-be-fired-for-rheumatoid-arthritis-discrimination-lawyer\\\/\",\"name\":\"Rheumatoid Arthritis Wrongful Termination and Discrimination Lawyer - California Labor Law Employment Attorneys Group\",\"description\":\"Do I Have Protections Under the Americans with Disabilities Act for Rheumatoid Arthritis? Rheumatoid arthritis can be a painful disease that affects your life in more ways than one. If the pain impacts your personal and work life, you may qualify for protections under the Americans with Disabilities Act (ADA). If you are protected under\",\"inLanguage\":\"es-MX\",\"isPartOf\":{\"@id\":\"https:\\\/\\\/www.losangelesemploymentattorney.org\\\/es\\\/#website\"},\"breadcrumb\":{\"@id\":\"https:\\\/\\\/www.losangelesemploymentattorney.org\\\/es\\\/can-i-be-fired-for-rheumatoid-arthritis-discrimination-lawyer\\\/#breadcrumblist\"},\"datePublished\":\"2017-07-21T23:14:46+00:00\",\"dateModified\":\"2018-08-16T18:04:10+00:00\"},{\"@type\":\"WebSite\",\"@id\":\"https:\\\/\\\/www.losangelesemploymentattorney.org\\\/es\\\/#website\",\"url\":\"https:\\\/\\\/www.losangelesemploymentattorney.org\\\/es\\\/\",\"name\":\"California Labor Law Employment Attorneys Group\",\"inLanguage\":\"es-MX\",\"publisher\":{\"@id\":\"https:\\\/\\\/www.losangelesemploymentattorney.org\\\/es\\\/#organization\"}}]}\n\t\t<\/script>\n\t\t<!-- All in One SEO Pro -->\r\n\t\t<title>Rheumatoid Arthritis Wrongful Termination and Discrimination Lawyer - California Labor Law Employment Attorneys Group<\/title>\n\n","aioseo_head_json":{"title":"Abogado de discriminaci\u00f3n y despido injustificado de artritis reumatoide - Grupo de abogados de empleo de derecho laboral de California","description":"\u00bfTengo protecciones bajo la Ley de Estadounidenses con Discapacidades para la artritis reumatoide? La artritis reumatoide puede ser una enfermedad dolorosa que afecta su vida en m\u00e1s de un sentido. Si el dolor afecta su vida personal y laboral, puede calificar para protecciones bajo la Ley de Estadounidenses con Discapacidades (ADA). Si est\u00e1 protegido bajo","canonical_url":"https:\/\/www.losangelesemploymentattorney.org\/es\/can-i-be-fired-for-rheumatoid-arthritis-discrimination-lawyer\/","robots":"max-image-preview:large","keywords":"","webmasterTools":{"miscellaneous":""},"schema":{"@context":"https:\/\/schema.org","@graph":[{"@type":"BreadcrumbList","@id":"https:\/\/www.losangelesemploymentattorney.org\/es\/can-i-be-fired-for-rheumatoid-arthritis-discrimination-lawyer\/#breadcrumblist","itemListElement":[{"@type":"ListItem","@id":"https:\/\/www.losangelesemploymentattorney.org\/es#listItem","position":1,"name":"Home","item":"https:\/\/www.losangelesemploymentattorney.org\/es","nextItem":{"@type":"ListItem","@id":"https:\/\/www.losangelesemploymentattorney.org\/es\/can-i-be-fired-for-rheumatoid-arthritis-discrimination-lawyer\/#listItem","name":"Rheumatoid Arthritis Wrongful Termination and Discrimination Lawyer"}},{"@type":"ListItem","@id":"https:\/\/www.losangelesemploymentattorney.org\/es\/can-i-be-fired-for-rheumatoid-arthritis-discrimination-lawyer\/#listItem","position":2,"name":"Rheumatoid Arthritis Wrongful Termination and Discrimination Lawyer","previousItem":{"@type":"ListItem","@id":"https:\/\/www.losangelesemploymentattorney.org\/es#listItem","name":"Home"}}]},{"@type":"Organization","@id":"https:\/\/www.losangelesemploymentattorney.org\/es\/#organization","name":"California Labor Law Employment Attorneys Group","url":"https:\/\/www.losangelesemploymentattorney.org\/es\/","email":"info@losangelesemploymentattorney.org","telephone":"+18884518915","numberOfEmployees":{"@type":"QuantitativeValue","value":400},"logo":{"@type":"ImageObject","url":"https:\/\/www.losangelesemploymentattorney.org\/wp-content\/uploads\/2021\/12\/clleaglogoss-01.png","@id":"https:\/\/www.losangelesemploymentattorney.org\/es\/can-i-be-fired-for-rheumatoid-arthritis-discrimination-lawyer\/#organizationLogo","width":854,"height":261},"image":{"@id":"https:\/\/www.losangelesemploymentattorney.org\/es\/can-i-be-fired-for-rheumatoid-arthritis-discrimination-lawyer\/#organizationLogo"},"address":{"@id":"https:\/\/www.losangelesemploymentattorney.org\/es\/#postaladdress","@type":"PostalAddress","streetAddress":"612 S Broadway, Suite 600","postalCode":"90014","addressLocality":"Los Angeles","addressRegion":"California","addressCountry":"US"}},{"@type":"WebPage","@id":"https:\/\/www.losangelesemploymentattorney.org\/es\/can-i-be-fired-for-rheumatoid-arthritis-discrimination-lawyer\/#webpage","url":"https:\/\/www.losangelesemploymentattorney.org\/es\/can-i-be-fired-for-rheumatoid-arthritis-discrimination-lawyer\/","name":"Rheumatoid Arthritis Wrongful Termination and Discrimination Lawyer - California Labor Law Employment Attorneys Group","description":"Do I Have Protections Under the Americans with Disabilities Act for Rheumatoid Arthritis? Rheumatoid arthritis can be a painful disease that affects your life in more ways than one. If the pain impacts your personal and work life, you may qualify for protections under the Americans with Disabilities Act (ADA). If you are protected under","inLanguage":"es-MX","isPartOf":{"@id":"https:\/\/www.losangelesemploymentattorney.org\/es\/#website"},"breadcrumb":{"@id":"https:\/\/www.losangelesemploymentattorney.org\/es\/can-i-be-fired-for-rheumatoid-arthritis-discrimination-lawyer\/#breadcrumblist"},"datePublished":"2017-07-21T23:14:46+00:00","dateModified":"2018-08-16T18:04:10+00:00"},{"@type":"WebSite","@id":"https:\/\/www.losangelesemploymentattorney.org\/es\/#website","url":"https:\/\/www.losangelesemploymentattorney.org\/es\/","name":"California Labor Law Employment Attorneys Group","inLanguage":"es-MX","publisher":{"@id":"https:\/\/www.losangelesemploymentattorney.org\/es\/#organization"}}]},"og:locale":"es_MX","og:site_name":"California Labor Law Employment Attorneys Group -","og:type":"article","og:title":"Rheumatoid Arthritis Wrongful Termination and Discrimination Lawyer - California Labor Law Employment Attorneys Group","og:description":"Do I Have Protections Under the Americans with Disabilities Act for Rheumatoid Arthritis? Rheumatoid arthritis can be a painful disease that affects your life in more ways than one. If the pain impacts your personal and work life, you may qualify for protections under the Americans with Disabilities Act (ADA). If you are protected under","og:url":"https:\/\/www.losangelesemploymentattorney.org\/es\/can-i-be-fired-for-rheumatoid-arthritis-discrimination-lawyer\/","article:published_time":"2017-07-21T23:14:46+00:00","article:modified_time":"2018-08-16T18:04:10+00:00","twitter:card":"summary_large_image","twitter:title":"Rheumatoid Arthritis Wrongful Termination and Discrimination Lawyer - California Labor Law Employment Attorneys Group","twitter:description":"Do I Have Protections Under the Americans with Disabilities Act for Rheumatoid Arthritis? Rheumatoid arthritis can be a painful disease that affects your life in more ways than one. If the pain impacts your personal and work life, you may qualify for protections under the Americans with Disabilities Act (ADA). If you are protected under"},"aioseo_meta_data":{"post_id":"1005","title":null,"description":null,"keywords":null,"keyphrases":null,"primary_term":null,"canonical_url":null,"og_title":null,"og_description":null,"og_object_type":"default","og_image_type":"default","og_image_url":null,"og_image_width":null,"og_image_height":null,"og_image_custom_url":null,"og_image_custom_fields":null,"og_video":null,"og_custom_url":null,"og_article_section":null,"og_article_tags":null,"twitter_use_og":false,"twitter_card":"default","twitter_image_type":"default","twitter_image_url":null,"twitter_image_custom_url":null,"twitter_image_custom_fields":null,"twitter_title":null,"twitter_description":null,"schema":{"blockGraphs":[],"customGraphs":[],"default":{"data":{"Article":[],"Course":[],"Dataset":[],"FAQPage":[],"Movie":[],"Person":[],"Product":[],"ProductReview":[],"Car":[],"Recipe":[],"Service":[],"SoftwareApplication":[],"WebPage":[]},"graphName":"","isEnabled":true},"graphs":[]},"schema_type":"default","schema_type_options":null,"pillar_content":false,"robots_default":true,"robots_noindex":false,"robots_noarchive":false,"robots_nosnippet":false,"robots_nofollow":false,"robots_noimageindex":false,"robots_noodp":false,"robots_notranslate":false,"robots_max_snippet":null,"robots_max_videopreview":null,"robots_max_imagepreview":"large","priority":null,"frequency":null,"local_seo":null,"seo_analyzer_scan_date":"2025-10-09 03:55:02","breadcrumb_settings":null,"limit_modified_date":false,"open_ai":null,"ai":null,"created":"2024-01-10 00:10:29","updated":"2025-10-21 20:53:27"},"aioseo_breadcrumb":"<div class=\"aioseo-breadcrumbs\"><span class=\"aioseo-breadcrumb\">\n\t<a href=\"https:\/\/www.losangelesemploymentattorney.org\/es\" title=\"Home\">Home<\/a>\n<\/span><span class=\"aioseo-breadcrumb-separator\">&raquo;<\/span><span class=\"aioseo-breadcrumb\">\n\tRheumatoid Arthritis Wrongful Termination and Discrimination Lawyer\n<\/span><\/div>","aioseo_breadcrumb_json":[{"label":"Home","link":"https:\/\/www.losangelesemploymentattorney.org\/es"},{"label":"Rheumatoid Arthritis Wrongful Termination and Discrimination Lawyer","link":"https:\/\/www.losangelesemploymentattorney.org\/es\/can-i-be-fired-for-rheumatoid-arthritis-discrimination-lawyer\/"}],"_links":{"self":[{"href":"https:\/\/www.losangelesemploymentattorney.org\/es\/wp-json\/wp\/v2\/pages\/1005","targetHints":{"allow":["GET"]}}],"collection":[{"href":"https:\/\/www.losangelesemploymentattorney.org\/es\/wp-json\/wp\/v2\/pages"}],"about":[{"href":"https:\/\/www.losangelesemploymentattorney.org\/es\/wp-json\/wp\/v2\/types\/page"}],"author":[{"embeddable":true,"href":"https:\/\/www.losangelesemploymentattorney.org\/es\/wp-json\/wp\/v2\/users\/1"}],"replies":[{"embeddable":true,"href":"https:\/\/www.losangelesemploymentattorney.org\/es\/wp-json\/wp\/v2\/comments?post=1005"}],"version-history":[{"count":9,"href":"https:\/\/www.losangelesemploymentattorney.org\/es\/wp-json\/wp\/v2\/pages\/1005\/revisions"}],"predecessor-version":[{"id":8444,"href":"https:\/\/www.losangelesemploymentattorney.org\/es\/wp-json\/wp\/v2\/pages\/1005\/revisions\/8444"}],"wp:attachment":[{"href":"https:\/\/www.losangelesemploymentattorney.org\/es\/wp-json\/wp\/v2\/media?parent=1005"}],"curies":[{"name":"wp","href":"https:\/\/api.w.org\/{rel}","templated":true}]}}