{"id":1089,"date":"2017-07-25T00:03:45","date_gmt":"2017-07-25T00:03:45","guid":{"rendered":"https:\/\/www.losangelesemploymentattorney.org\/?page_id=1089"},"modified":"2025-12-11T19:03:35","modified_gmt":"2025-12-11T19:03:35","slug":"como-presentar-un-reclamo-por-discriminacion-racial-eeoc-hr-2","status":"publish","type":"page","link":"https:\/\/www.losangelesemploymentattorney.org\/es\/how-to-file-race-discrimination-claim-eeoc-hr\/","title":{"rendered":"C\u00f3mo presentar un reclamo por discriminaci\u00f3n racial ante Recursos Humanos y la EEOC"},"content":{"rendered":"<h2>C\u00f3mo presentar un reclamo por discriminaci\u00f3n racial<\/h2>\n<p>Si cree que ha sido discriminado racialmente, puede tener motivos para presentar una demanda contra su empleador y cobrar los da\u00f1os y perjuicios que los tribunales consideren dignos. Pero para que su demanda se considere leg\u00edtima, existe un proceso que debe seguir para que su demanda se considere leg\u00edtima. El Grupo de Abogados de Empleo en Derecho Laboral de California est\u00e1 aqu\u00ed para ayudarlo a garantizar que su reclamo por discriminaci\u00f3n racial pase por el sistema y c\u00f3mo puede tomar medidas contra su empleador.<\/p>\n<p>Cuando se trata de solicitantes y empleados, un empleador s\u00f3lo debe preocuparse por dos cosas: su calificaci\u00f3n y capacidad para realizar las funciones laborales esenciales. Todo lo dem\u00e1s no tiene peso y no deber\u00eda influir en la decisi\u00f3n del empleador. Cosas como raza, sexo, religi\u00f3n, discapacidad, edad, orientaci\u00f3n sexual, pa\u00eds de origen, color, informaci\u00f3n gen\u00e9tica no pueden afectar la decisi\u00f3n de un empleador.<\/p>\n<p>Durante siglos, los empleadores pod\u00edan hacer lo que quisieran y actuar siguiendo impulsos racistas. Si un empleado fuera negro, podr\u00eda ser despedido simplemente por ser negro. Lo mismo ocurre con todas las dem\u00e1s razas minoritarias como latinas, asi\u00e1ticas, indias, etc. La Ley de Derechos Civiles de 1964 declara ilegal que los empleadores discriminen por motivos de raza. A pesar de las leyes implementadas para proteger a las personas de prejuicios y parcialidades, algunos empleadores contin\u00faan discriminando y tomando decisiones basadas en la raza de un empleado.<\/p>\n<p>El Grupo de Abogados de Empleo en Derecho Laboral de California est\u00e1 aqu\u00ed para ayudarlo a proteger sus derechos y obtener la m\u00e1xima indemnizaci\u00f3n a la que tiene derecho. Ayudamos a personas como usted todos los d\u00edas y ayudamos a las personas a responder preguntas sobre los pr\u00f3ximos pasos que est\u00e1n disponibles para ellos. Ejemplos de tales preguntas incluyen:<\/p>\n<ul>\n<li>\u00bfC\u00f3mo presentar un reclamo por discriminaci\u00f3n racial ante la EEOC?<\/li>\n<li>\u00bfC\u00f3mo presentar un reclamo por discriminaci\u00f3n racial ante mi Recursos Humanos?<\/li>\n<li>\u00bfC\u00f3mo informo a recursos humanos sobre la discriminaci\u00f3n racial en el lugar de trabajo?<\/li>\n<\/ul>\n<p><strong>Presentar un reclamo por discriminaci\u00f3n racial ante Recursos Humanos<\/strong><br \/>\nAntes de emprender acciones legales ante los tribunales, es posible que desee presentar un reclamo ante su representante de Recursos Humanos (RRHH) para darle a su empresa la oportunidad de abordar y detener la discriminaci\u00f3n lo antes posible. Si no lo hacen, entonces solo refuerza su caso, ya que puede demostrar a los tribunales que su empresa estaba al tanto de la discriminaci\u00f3n y que, de hecho, usted se lo inform\u00f3 pero ellos no actuaron.<\/p>\n<p>Sin embargo, la mayor\u00eda de las veces, un reclamo ante RR.HH. es suficiente. A continuaci\u00f3n se detallan algunos pasos a seguir para garantizar que su reclamo ante Recursos Humanos sea lo m\u00e1s leg\u00edtimo posible.<\/p>\n<ul>\n<li>Haga su reclamo por escrito e indique espec\u00edficamente el tipo de discriminaci\u00f3n que experiment\u00f3. Por ejemplo, si experiment\u00f3 racismo en el lugar de trabajo, indique &quot;discriminaci\u00f3n racial&quot;.<\/li>\n<li>Incluya qui\u00e9n fue la persona o personas que participaron en la discriminaci\u00f3n racial, e incluya cu\u00e1ndo y d\u00f3nde tuvo lugar. Quieres crear una imagen lo m\u00e1s clara posible.<\/li>\n<li>Cree un registro de cualquier comunicaci\u00f3n con RR.HH.<\/li>\n<li>Env\u00ede un correo electr\u00f3nico al representante de RR.HH. para confirmar que se llev\u00f3 a cabo la reuni\u00f3n y mencione los aspectos m\u00e1s destacados de la conversaci\u00f3n que tuvo lugar. Por ejemplo, que experiment\u00f3 racismo y que debe detenerlo de inmediato.<\/li>\n<\/ul>\n<p><strong>Presentaci\u00f3n de un reclamo por discriminaci\u00f3n racial ante la Comisi\u00f3n de Igualdad de Oportunidades en el Empleo y el Departamento de Vivienda y Empleo Justo<\/strong><br \/>\nPara poder presentar una demanda contra su empleador, primero debe presentar un cargo contra una agencia gubernamental de empleo. Despu\u00e9s de presentar su denuncia, la comisi\u00f3n la revisar\u00e1 y luego le otorgar\u00e1 el derecho de demandar a su empleador si descubre que sus derechos fueron efectivamente violados. Hay dos agencias disponibles en el estado de California: la Comisi\u00f3n de Igualdad de Oportunidades en el Empleo (EEOC) y el Departamento de Vivienda y Empleo Justo (DFEH).<\/p>\n<p>La EEOC es una agencia del gobierno federal que hace cumplir la Ley de Derechos Civiles. Seg\u00fan la EEOC, tiene 180 d\u00edas para presentar su denuncia ante ellos a partir del d\u00eda en que recibi\u00f3 por \u00faltima vez la discriminaci\u00f3n por la que desea demandar a su empleador (en este caso, es discriminaci\u00f3n racial). Pero debido a que el DFEH tambi\u00e9n proh\u00edbe a los empleadores discriminar por motivos intrascendentes como la raza, la fecha l\u00edmite o el estatuto de limitaciones se extiende a 300 d\u00edas calendario a partir del d\u00eda en que recibi\u00f3 por \u00faltima vez su discriminaci\u00f3n. Estas dos agencias tienen un acuerdo de trabajo compartido, lo que significa que cuando presenta un cargo ante la EEOC o el DFEH, se env\u00eda una copia duplicada de su cargo a la otra agencia. Esto se llama presentaci\u00f3n dual y sirve no s\u00f3lo para evitar cargos id\u00e9nticos sino tambi\u00e9n para proteger completamente sus derechos bajo las leyes federales y estatales.<\/p>\n<p>Una vez que presente su denuncia, la agencia ante la cual present\u00f3 la denuncia iniciar\u00e1 una investigaci\u00f3n y decidir\u00e1 si es probable que se hayan violado sus derechos o no. Si as\u00ed fuera, usted tiene derecho a solicitar una carta de \u201cderecho a demandar\u201d. Esta carta, como su nombre indica, le otorga el derecho legal de presentar una demanda contra su empleador por discriminaci\u00f3n racial (o cualquier discriminaci\u00f3n de la que le hayan convertido en v\u00edctima). Se recomienda que solo solicite esta carta una vez que usted y su abogado est\u00e9n listos para presentar dicha demanda porque solo tiene 90 d\u00edas para tomar medidas una vez que reciba la carta.<\/p>\n<h2>Garant\u00eda de tarifa cero y revisi\u00f3n gratuita de su caso<\/h2>\n<p>El Grupo de Abogados de Derecho Laboral de California est\u00e1 aqu\u00ed para servir justicia y asegurarse de que su empleador pague por violar la ley y convertirlo en v\u00edctima de una discriminaci\u00f3n que no tiene lugar en este mundo. Presionaremos agresivamente para obtener la compensaci\u00f3n m\u00e1xima disponible para usted. Si cree que ha sido discriminado racialmente, comun\u00edquese con el Grupo de abogados laborales de derecho laboral de California. Ofrecemos una consulta gratuita sin obligaci\u00f3n financiera y con garant\u00eda de tarifa cero. Esto pone todo el riesgo financiero sobre nosotros, no sobre usted. Si no probamos su caso y ganamos, no paga por nuestros servicios. Si ganamos, solo cobraremos una peque\u00f1a tarifa sobre el monto recaudado.<\/p>","protected":false},"excerpt":{"rendered":"<p>C\u00f3mo presentar un reclamo por discriminaci\u00f3n racial Si cree que ha sido discriminado racialmente, puede tener motivos para presentar una demanda contra su empleador y cobrar los da\u00f1os y perjuicios que los tribunales consideren dignos. Pero para que su demanda se considere leg\u00edtima, hay un proceso que debe seguir...<\/p>","protected":false},"author":1,"featured_media":0,"parent":0,"menu_order":0,"comment_status":"closed","ping_status":"closed","template":"","meta":{"om_disable_all_campaigns":false,"_monsterinsights_skip_tracking":false,"_monsterinsights_sitenote_active":false,"_monsterinsights_sitenote_note":"","_monsterinsights_sitenote_category":0,"footnotes":""},"class_list":["post-1089","page","type-page","status-publish"],"aioseo_notices":[],"aioseo_head":"\n\t\t<!-- All in One SEO Pro 4.9.6.1 - aioseo.com -->\n\t<meta name=\"description\" content=\"How to File a Race Discrimination Claim If you believe that you have been racially discriminated against, you may have the grounds to file a lawsuit against your employer and collect any damages that the courts deem worthy. But for your suit to be considered legitimate, there is a process that you must take in\" \/>\n\t<meta name=\"robots\" content=\"max-image-preview:large\" \/>\n\t<link rel=\"canonical\" href=\"https:\/\/www.losangelesemploymentattorney.org\/es\/how-to-file-race-discrimination-claim-eeoc-hr\/\" \/>\n\t<meta name=\"generator\" content=\"All in One SEO Pro (AIOSEO) 4.9.6.1\" \/>\n\t\t<meta property=\"og:locale\" content=\"es_MX\" \/>\n\t\t<meta property=\"og:site_name\" content=\"California Labor Law Employment Attorneys Group -\" \/>\n\t\t<meta property=\"og:type\" content=\"article\" \/>\n\t\t<meta property=\"og:title\" content=\"How to File a Race Discrimination Claim with HR and EEOC - California Labor Law Employment Attorneys Group\" \/>\n\t\t<meta property=\"og:description\" content=\"How to File a Race Discrimination Claim If you believe that you have been racially discriminated against, you may have the grounds to file a lawsuit against your employer and collect any damages that the courts deem worthy. But for your suit to be considered legitimate, there is a process that you must take in\" \/>\n\t\t<meta property=\"og:url\" content=\"https:\/\/www.losangelesemploymentattorney.org\/es\/how-to-file-race-discrimination-claim-eeoc-hr\/\" \/>\n\t\t<meta property=\"article:published_time\" content=\"2017-07-25T00:03:45+00:00\" \/>\n\t\t<meta property=\"article:modified_time\" content=\"2025-12-11T19:03:35+00:00\" \/>\n\t\t<meta name=\"twitter:card\" content=\"summary_large_image\" \/>\n\t\t<meta name=\"twitter:title\" content=\"How to File a Race Discrimination Claim with HR and EEOC - California Labor Law Employment Attorneys Group\" \/>\n\t\t<meta name=\"twitter:description\" content=\"How to File a Race Discrimination Claim If you believe that you have been racially discriminated against, you may have the grounds to file a lawsuit against your employer and collect any damages that the courts deem worthy. But for your suit to be considered legitimate, there is a process that you must take in\" \/>\n\t\t<script type=\"application\/ld+json\" class=\"aioseo-schema\">\n\t\t\t{\"@context\":\"https:\\\/\\\/schema.org\",\"@graph\":[{\"@type\":\"BreadcrumbList\",\"@id\":\"https:\\\/\\\/www.losangelesemploymentattorney.org\\\/es\\\/how-to-file-race-discrimination-claim-eeoc-hr\\\/#breadcrumblist\",\"itemListElement\":[{\"@type\":\"ListItem\",\"@id\":\"https:\\\/\\\/www.losangelesemploymentattorney.org\\\/es#listItem\",\"position\":1,\"name\":\"Home\",\"item\":\"https:\\\/\\\/www.losangelesemploymentattorney.org\\\/es\",\"nextItem\":{\"@type\":\"ListItem\",\"@id\":\"https:\\\/\\\/www.losangelesemploymentattorney.org\\\/es\\\/how-to-file-race-discrimination-claim-eeoc-hr\\\/#listItem\",\"name\":\"How to File a Race Discrimination Claim with HR and EEOC\"}},{\"@type\":\"ListItem\",\"@id\":\"https:\\\/\\\/www.losangelesemploymentattorney.org\\\/es\\\/how-to-file-race-discrimination-claim-eeoc-hr\\\/#listItem\",\"position\":2,\"name\":\"How to File a Race Discrimination Claim with HR and EEOC\",\"previousItem\":{\"@type\":\"ListItem\",\"@id\":\"https:\\\/\\\/www.losangelesemploymentattorney.org\\\/es#listItem\",\"name\":\"Home\"}}]},{\"@type\":\"Organization\",\"@id\":\"https:\\\/\\\/www.losangelesemploymentattorney.org\\\/es\\\/#organization\",\"name\":\"California Labor Law Employment Attorneys Group\",\"url\":\"https:\\\/\\\/www.losangelesemploymentattorney.org\\\/es\\\/\",\"email\":\"info@losangelesemploymentattorney.org\",\"telephone\":\"+18884518915\",\"numberOfEmployees\":{\"@type\":\"QuantitativeValue\",\"value\":400},\"logo\":{\"@type\":\"ImageObject\",\"url\":\"https:\\\/\\\/www.losangelesemploymentattorney.org\\\/wp-content\\\/uploads\\\/2021\\\/12\\\/clleaglogoss-01.png\",\"@id\":\"https:\\\/\\\/www.losangelesemploymentattorney.org\\\/es\\\/how-to-file-race-discrimination-claim-eeoc-hr\\\/#organizationLogo\",\"width\":854,\"height\":261},\"image\":{\"@id\":\"https:\\\/\\\/www.losangelesemploymentattorney.org\\\/es\\\/how-to-file-race-discrimination-claim-eeoc-hr\\\/#organizationLogo\"},\"address\":{\"@id\":\"https:\\\/\\\/www.losangelesemploymentattorney.org\\\/es\\\/#postaladdress\",\"@type\":\"PostalAddress\",\"streetAddress\":\"612 S Broadway, Suite 600\",\"postalCode\":\"90014\",\"addressLocality\":\"Los Angeles\",\"addressRegion\":\"California\",\"addressCountry\":\"US\"}},{\"@type\":\"WebPage\",\"@id\":\"https:\\\/\\\/www.losangelesemploymentattorney.org\\\/es\\\/how-to-file-race-discrimination-claim-eeoc-hr\\\/#webpage\",\"url\":\"https:\\\/\\\/www.losangelesemploymentattorney.org\\\/es\\\/how-to-file-race-discrimination-claim-eeoc-hr\\\/\",\"name\":\"How to File a Race Discrimination Claim with HR and EEOC - California Labor Law Employment Attorneys Group\",\"description\":\"How to File a Race Discrimination Claim If you believe that you have been racially discriminated against, you may have the grounds to file a lawsuit against your employer and collect any damages that the courts deem worthy. But for your suit to be considered legitimate, there is a process that you must take in\",\"inLanguage\":\"es-MX\",\"isPartOf\":{\"@id\":\"https:\\\/\\\/www.losangelesemploymentattorney.org\\\/es\\\/#website\"},\"breadcrumb\":{\"@id\":\"https:\\\/\\\/www.losangelesemploymentattorney.org\\\/es\\\/how-to-file-race-discrimination-claim-eeoc-hr\\\/#breadcrumblist\"},\"datePublished\":\"2017-07-25T00:03:45+00:00\",\"dateModified\":\"2025-12-11T19:03:35+00:00\"},{\"@type\":\"WebSite\",\"@id\":\"https:\\\/\\\/www.losangelesemploymentattorney.org\\\/es\\\/#website\",\"url\":\"https:\\\/\\\/www.losangelesemploymentattorney.org\\\/es\\\/\",\"name\":\"California Labor Law Employment Attorneys Group\",\"inLanguage\":\"es-MX\",\"publisher\":{\"@id\":\"https:\\\/\\\/www.losangelesemploymentattorney.org\\\/es\\\/#organization\"}}]}\n\t\t<\/script>\n\t\t<!-- All in One SEO Pro -->\r\n\t\t<title>How to File a Race Discrimination Claim with HR and EEOC - California Labor Law Employment Attorneys Group<\/title>\n\n","aioseo_head_json":{"title":"C\u00f3mo presentar un reclamo por discriminaci\u00f3n racial ante Recursos Humanos y la EEOC - Grupo de abogados de empleo en derecho laboral de California","description":"C\u00f3mo presentar un reclamo por discriminaci\u00f3n racial Si cree que ha sido discriminado racialmente, puede tener motivos para presentar una demanda contra su empleador y cobrar los da\u00f1os y perjuicios que los tribunales consideren dignos. Pero para que su demanda se considere leg\u00edtima, existe un proceso que debe seguir","canonical_url":"https:\/\/www.losangelesemploymentattorney.org\/es\/how-to-file-race-discrimination-claim-eeoc-hr\/","robots":"max-image-preview:large","keywords":"","webmasterTools":{"miscellaneous":""},"schema":{"@context":"https:\/\/schema.org","@graph":[{"@type":"BreadcrumbList","@id":"https:\/\/www.losangelesemploymentattorney.org\/es\/how-to-file-race-discrimination-claim-eeoc-hr\/#breadcrumblist","itemListElement":[{"@type":"ListItem","@id":"https:\/\/www.losangelesemploymentattorney.org\/es#listItem","position":1,"name":"Home","item":"https:\/\/www.losangelesemploymentattorney.org\/es","nextItem":{"@type":"ListItem","@id":"https:\/\/www.losangelesemploymentattorney.org\/es\/how-to-file-race-discrimination-claim-eeoc-hr\/#listItem","name":"How to File a Race Discrimination Claim with HR and EEOC"}},{"@type":"ListItem","@id":"https:\/\/www.losangelesemploymentattorney.org\/es\/how-to-file-race-discrimination-claim-eeoc-hr\/#listItem","position":2,"name":"How to File a Race Discrimination Claim with HR and EEOC","previousItem":{"@type":"ListItem","@id":"https:\/\/www.losangelesemploymentattorney.org\/es#listItem","name":"Home"}}]},{"@type":"Organization","@id":"https:\/\/www.losangelesemploymentattorney.org\/es\/#organization","name":"California Labor Law Employment Attorneys Group","url":"https:\/\/www.losangelesemploymentattorney.org\/es\/","email":"info@losangelesemploymentattorney.org","telephone":"+18884518915","numberOfEmployees":{"@type":"QuantitativeValue","value":400},"logo":{"@type":"ImageObject","url":"https:\/\/www.losangelesemploymentattorney.org\/wp-content\/uploads\/2021\/12\/clleaglogoss-01.png","@id":"https:\/\/www.losangelesemploymentattorney.org\/es\/how-to-file-race-discrimination-claim-eeoc-hr\/#organizationLogo","width":854,"height":261},"image":{"@id":"https:\/\/www.losangelesemploymentattorney.org\/es\/how-to-file-race-discrimination-claim-eeoc-hr\/#organizationLogo"},"address":{"@id":"https:\/\/www.losangelesemploymentattorney.org\/es\/#postaladdress","@type":"PostalAddress","streetAddress":"612 S Broadway, Suite 600","postalCode":"90014","addressLocality":"Los Angeles","addressRegion":"California","addressCountry":"US"}},{"@type":"WebPage","@id":"https:\/\/www.losangelesemploymentattorney.org\/es\/how-to-file-race-discrimination-claim-eeoc-hr\/#webpage","url":"https:\/\/www.losangelesemploymentattorney.org\/es\/how-to-file-race-discrimination-claim-eeoc-hr\/","name":"How to File a Race Discrimination Claim with HR and EEOC - California Labor Law Employment Attorneys Group","description":"How to File a Race Discrimination Claim If you believe that you have been racially discriminated against, you may have the grounds to file a lawsuit against your employer and collect any damages that the courts deem worthy. But for your suit to be considered legitimate, there is a process that you must take in","inLanguage":"es-MX","isPartOf":{"@id":"https:\/\/www.losangelesemploymentattorney.org\/es\/#website"},"breadcrumb":{"@id":"https:\/\/www.losangelesemploymentattorney.org\/es\/how-to-file-race-discrimination-claim-eeoc-hr\/#breadcrumblist"},"datePublished":"2017-07-25T00:03:45+00:00","dateModified":"2025-12-11T19:03:35+00:00"},{"@type":"WebSite","@id":"https:\/\/www.losangelesemploymentattorney.org\/es\/#website","url":"https:\/\/www.losangelesemploymentattorney.org\/es\/","name":"California Labor Law Employment Attorneys Group","inLanguage":"es-MX","publisher":{"@id":"https:\/\/www.losangelesemploymentattorney.org\/es\/#organization"}}]},"og:locale":"es_MX","og:site_name":"California Labor Law Employment Attorneys Group -","og:type":"article","og:title":"How to File a Race Discrimination Claim with HR and EEOC - California Labor Law Employment Attorneys Group","og:description":"How to File a Race Discrimination Claim If you believe that you have been racially discriminated against, you may have the grounds to file a lawsuit against your employer and collect any damages that the courts deem worthy. But for your suit to be considered legitimate, there is a process that you must take in","og:url":"https:\/\/www.losangelesemploymentattorney.org\/es\/how-to-file-race-discrimination-claim-eeoc-hr\/","article:published_time":"2017-07-25T00:03:45+00:00","article:modified_time":"2025-12-11T19:03:35+00:00","twitter:card":"summary_large_image","twitter:title":"How to File a Race Discrimination Claim with HR and EEOC - California Labor Law Employment Attorneys Group","twitter:description":"How to File a Race Discrimination Claim If you believe that you have been racially discriminated against, you may have the grounds to file a lawsuit against your employer and collect any damages that the courts deem worthy. But for your suit to be considered legitimate, there is a process that you must take in"},"aioseo_meta_data":{"post_id":"1089","title":null,"description":null,"keywords":null,"keyphrases":{"focus":{"keyphrase":"","score":0,"analysis":{"keyphraseInTitle":{"score":0,"maxScore":9,"error":1}}},"additional":[]},"primary_term":null,"canonical_url":null,"og_title":null,"og_description":null,"og_object_type":"default","og_image_type":"default","og_image_url":null,"og_image_width":null,"og_image_height":null,"og_image_custom_url":null,"og_image_custom_fields":null,"og_video":"","og_custom_url":null,"og_article_section":null,"og_article_tags":null,"twitter_use_og":false,"twitter_card":"default","twitter_image_type":"default","twitter_image_url":null,"twitter_image_custom_url":null,"twitter_image_custom_fields":null,"twitter_title":null,"twitter_description":null,"schema":{"blockGraphs":[],"customGraphs":[],"default":{"data":{"Article":[],"Course":[],"Dataset":[],"FAQPage":[],"Movie":[],"Person":[],"Product":[],"ProductReview":[],"Car":[],"Recipe":[],"Service":[],"SoftwareApplication":[],"WebPage":[]},"graphName":"WebPage","isEnabled":true},"graphs":[]},"schema_type":"default","schema_type_options":null,"pillar_content":false,"robots_default":true,"robots_noindex":false,"robots_noarchive":false,"robots_nosnippet":false,"robots_nofollow":false,"robots_noimageindex":false,"robots_noodp":false,"robots_notranslate":false,"robots_max_snippet":"-1","robots_max_videopreview":"-1","robots_max_imagepreview":"large","priority":null,"frequency":"default","local_seo":null,"seo_analyzer_scan_date":"2025-12-11 19:13:02","breadcrumb_settings":null,"limit_modified_date":false,"open_ai":null,"ai":{"faqs":[],"keyPoints":[],"titles":[],"descriptions":[],"socialPosts":{"email":[],"linkedin":[],"twitter":[],"facebook":[],"instagram":[]}},"created":"2024-01-10 00:10:30","updated":"2025-12-11 19:13:02"},"aioseo_breadcrumb":"<div class=\"aioseo-breadcrumbs\"><span class=\"aioseo-breadcrumb\">\n\t<a href=\"https:\/\/www.losangelesemploymentattorney.org\/es\" title=\"Home\">Home<\/a>\n<\/span><span class=\"aioseo-breadcrumb-separator\">&raquo;<\/span><span class=\"aioseo-breadcrumb\">\n\tHow to File a Race Discrimination Claim with HR and EEOC\n<\/span><\/div>","aioseo_breadcrumb_json":[{"label":"Home","link":"https:\/\/www.losangelesemploymentattorney.org\/es"},{"label":"How to File a Race Discrimination Claim with HR and EEOC","link":"https:\/\/www.losangelesemploymentattorney.org\/es\/how-to-file-race-discrimination-claim-eeoc-hr\/"}],"_links":{"self":[{"href":"https:\/\/www.losangelesemploymentattorney.org\/es\/wp-json\/wp\/v2\/pages\/1089","targetHints":{"allow":["GET"]}}],"collection":[{"href":"https:\/\/www.losangelesemploymentattorney.org\/es\/wp-json\/wp\/v2\/pages"}],"about":[{"href":"https:\/\/www.losangelesemploymentattorney.org\/es\/wp-json\/wp\/v2\/types\/page"}],"author":[{"embeddable":true,"href":"https:\/\/www.losangelesemploymentattorney.org\/es\/wp-json\/wp\/v2\/users\/1"}],"replies":[{"embeddable":true,"href":"https:\/\/www.losangelesemploymentattorney.org\/es\/wp-json\/wp\/v2\/comments?post=1089"}],"version-history":[{"count":9,"href":"https:\/\/www.losangelesemploymentattorney.org\/es\/wp-json\/wp\/v2\/pages\/1089\/revisions"}],"predecessor-version":[{"id":13878,"href":"https:\/\/www.losangelesemploymentattorney.org\/es\/wp-json\/wp\/v2\/pages\/1089\/revisions\/13878"}],"wp:attachment":[{"href":"https:\/\/www.losangelesemploymentattorney.org\/es\/wp-json\/wp\/v2\/media?parent=1089"}],"curies":[{"name":"wp","href":"https:\/\/api.w.org\/{rel}","templated":true}]}}