{"id":10925,"date":"2021-04-24T01:17:16","date_gmt":"2021-04-24T01:17:16","guid":{"rendered":"https:\/\/www.losangelesemploymentattorney.org\/?page_id=10925"},"modified":"2025-04-07T18:26:02","modified_gmt":"2025-04-07T18:26:02","slug":"comisiones-impagas-su-derecho-a-emprender-acciones-legales-2","status":"publish","type":"page","link":"https:\/\/www.losangelesemploymentattorney.org\/es\/unpaid-commissions-your-right-to-take-legal-action\/","title":{"rendered":"Comisiones impagas: su derecho a emprender acciones legales"},"content":{"rendered":"<p><a href=\"tel: 888-694-7132\"><img loading=\"lazy\" decoding=\"async\" class=\"wp-image-10929 size-large aligncenter\" src=\"https:\/\/www.losangelesemploymentattorney.org\/wp-content\/uploads\/2021\/04\/Unpaid-Commissions\u2014Your-Right-to-Take-Legal-Action-lawyer-compensation-sue-lawsuit-justice-employee-rights-justice-02-1-1024x515.png\" alt=\"Comisiones impagas: su derecho a emprender acciones legales compensaci\u00f3n de abogados demanda demanda justicia derechos de los empleados justicia\" width=\"1024\" height=\"515\" srcset=\"https:\/\/www.losangelesemploymentattorney.org\/wp-content\/uploads\/2021\/04\/Unpaid-Commissions\u2014Your-Right-to-Take-Legal-Action-lawyer-compensation-sue-lawsuit-justice-employee-rights-justice-02-1-1024x515.png 1024w, https:\/\/www.losangelesemploymentattorney.org\/wp-content\/uploads\/2021\/04\/Unpaid-Commissions\u2014Your-Right-to-Take-Legal-Action-lawyer-compensation-sue-lawsuit-justice-employee-rights-justice-02-1-300x151.png 300w, https:\/\/www.losangelesemploymentattorney.org\/wp-content\/uploads\/2021\/04\/Unpaid-Commissions\u2014Your-Right-to-Take-Legal-Action-lawyer-compensation-sue-lawsuit-justice-employee-rights-justice-02-1-768x386.png 768w, https:\/\/www.losangelesemploymentattorney.org\/wp-content\/uploads\/2021\/04\/Unpaid-Commissions\u2014Your-Right-to-Take-Legal-Action-lawyer-compensation-sue-lawsuit-justice-employee-rights-justice-02-1-1140x574.png 1140w, https:\/\/www.losangelesemploymentattorney.org\/wp-content\/uploads\/2021\/04\/Unpaid-Commissions\u2014Your-Right-to-Take-Legal-Action-lawyer-compensation-sue-lawsuit-justice-employee-rights-justice-02-1-555x279.png 555w, https:\/\/www.losangelesemploymentattorney.org\/wp-content\/uploads\/2021\/04\/Unpaid-Commissions\u2014Your-Right-to-Take-Legal-Action-lawyer-compensation-sue-lawsuit-justice-employee-rights-justice-02-1-360x181.png 360w, https:\/\/www.losangelesemploymentattorney.org\/wp-content\/uploads\/2021\/04\/Unpaid-Commissions\u2014Your-Right-to-Take-Legal-Action-lawyer-compensation-sue-lawsuit-justice-employee-rights-justice-02-1-262x132.png 262w\" sizes=\"auto, (max-width: 1024px) 100vw, 1024px\" \/><\/a><\/p>\n<p>Are you a California employee who has not received commissions that you earned from your job? Commission refers to money that is earned for selling a service or product, or for the completion of specific job-related tasks. Commission may be paid in place of a hourly wage or salary, or in addition to a salary, under a structure known as \u201csalary plus commission.\u201d<\/p>\n<p>Unfortunately, the commission pay system is often abused by employers, meaning that employees are cheated out of their earnings or fail to receive the full commissions they earned. Failure to pay commissions is against the law, and there are legal protections in place for those who were denied payment.<\/p>\n<p>\u00bfSu empleador se niega a pagarle las comisiones que le deben? \u00bfCree que su empleador no ha pagado la totalidad o una parte de sus comisiones? Si es as\u00ed, es posible que le interese tomar medidas contra su empleador y recuperar las comisiones que gan\u00f3 leg\u00edtimamente.<\/p>\n<h2>Challenges for People that Work on Commission<\/h2>\n<p>Fighting for the commission you are owed can be very challenging, and legal advice from a California employment lawyer is highly recommended. It\u2019s an unfortunate reality that employees are the ones at a disadvantage when it comes to working on a commission basis. Essentially, employers use the system to maximize profits while cheating workers out of what is rightfully theirs, especially on large commission payments for employees that go above and beyond.<\/p>\n<p>Another issue that hurts employees is the lack of a specific formula for the amount of commission that has to be paid. So, commissions are based on contractual agreements between the employer and employee, and whatever the two sides agree on is what will hold up in court. This is very different than payment of overtime wages, which is governed by specific rates that cannot be overridden by an employment contract.<\/p>\n<p>These are just some of the concerns that can make things difficult if you an employee who is owed commissions by your employer. The legal team of California Labor Law Employment Attorneys Group is here for you 24\/7, so don\u2019t hesitate to contact us for advice and guidance.<\/p>\n<h2>What are My Rights if I Get Paid on Commission?<\/h2>\n<p>It\u2019s important to note that even if commissions are your only form of payment from a job, these are still considered wages under California law. Thus, you have a right to file a wage violation claim for unpaid commissions from your employer.<\/p>\n<p>California labor laws also have standards on how and when commissions are paid, such as:<\/p>\n<ul>\n<li>Employers must pay commissions to qualifying employees at least twice a month.<\/li>\n<li>The payment must be made within the first pay period after the employee earned the commission (unless the employer does not have reasonable time to calculate the amount that is due).<\/li>\n<li>All commissions must be paid to the employee immediately upon termination of employment.<\/li>\n<li>If the employee resigns, any commissions they earned must be paid on the date of termination as long as the employer was given 72 hours-notice. In cases of less than 72 hours-notice, payment must be issued within 72 hours of the termination date.<\/li>\n<\/ul>\n<p>If you are owed commissions from a job, make sure to send your employer a formal, written notice (email or physical letter) to ask for the amount you are owed, and proof how the payment was calculated. If you are continually deprived of your rightful wages, we can help you file a complaint with the California labor board.<\/p>\n<h2>Filing an Unpaid Commissions Complaint<\/h2>\n<p>Failure by your employer to resolve the matter regarding your unpaid commissions requires further action. For example, you can file an unpaid wage claim with the<\/p>\n<p>California Division of Labor Standards Enforcement (DLSE). Here are the basic steps that are involved:<\/p>\n<ul>\n<li>Prepare evidence and documentation of the unpaid commissions<\/li>\n<li>Obtain the claim forms, fill them out, and attach all relevant documentation<\/li>\n<li>File the claim with your local DLSE office<\/li>\n<li>Attend the settlement conference at the scheduled date and time<\/li>\n<li>Wait for the results of the hearing and review the board\u2019s decision<\/li>\n<li>If necessary, file the required paperwork to appeal the decision<\/li>\n<\/ul>\n<p>Keep in mind that a government complaint is not the only option for those who were denied commissions from a current or former job. An employment rights attorney can also help you with a lawsuit against your employer.<\/p>\n<h2>Compensation from a Civil Lawsuit<\/h2>\n<p>An unpaid commission lawsuit may be the way to go when you are owed a significant amount of money from your employer. A civil lawsuit is very complicated, so it\u2019s in your best interest to retain legal representation right from the start. Aside from contacting an experienced labor law attorney, make sure to:<\/p>\n<ul>\n<li>Gather any and all documents pertaining to the commission agreement between you and your employer<\/li>\n<li>Collect all communications and documents related to the amount of money you are owed, like records of completed sales and transactions, emails from your payroll department, pay stubs, and bank statements.<\/li>\n<\/ul>\n<p>Not paying commissions that are guaranteed through an agreement is against the law, and you as the victim have the right to file a legal action and demand what you have rightfully earned. Suing your employer isn\u2019t just about the money; it\u2019s about holding them accountable and sending the message that such conduct will not be tolerated.<\/p>\n<h2>Contact an Unpaid Commission Wage Claim Attorney<\/h2>\n<p>Unpaid commission is a common type of wage theft in many California workplaces, but employees have rights under the law, which we are happy to discuss with you during free consultation.<\/p>\n<p>In the event you are interested in filing a claim or lawsuit, we agree to represent you on contingency and wait to receive a percentage of your settlement in legal fees. That way, you don\u2019t have to worry about how you will pay for an unpaid wages lawsuit attorney. And if we don\u2019t recover the compensation you are entitled to, there is a Zero Fee Guarantee to ensure that you owe us nothing.<\/p>\n<p>We look forward to hearing from you and bringing about a just and fair resolution to your case<\/p>","protected":false},"excerpt":{"rendered":"<p>Are you a California employee who has not received commissions that you earned from your job? Commission refers to money that is earned for selling a service or product, or for the completion of specific job-related tasks. Commission may be paid in place of a hourly wage or salary, or in addition to a salary,&#8230;<\/p>","protected":false},"author":1,"featured_media":0,"parent":0,"menu_order":0,"comment_status":"closed","ping_status":"closed","template":"","meta":{"om_disable_all_campaigns":false,"_monsterinsights_skip_tracking":false,"_monsterinsights_sitenote_active":false,"_monsterinsights_sitenote_note":"","_monsterinsights_sitenote_category":0,"footnotes":""},"class_list":["post-10925","page","type-page","status-publish"],"aioseo_notices":[],"aioseo_head":"\n\t\t<!-- All in One SEO Pro 4.9.6.2 - aioseo.com -->\n\t<meta name=\"description\" content=\"Are you a California employee who has not received commissions that you earned from your job? Commission refers to money that is earned for selling a service or product, or for the completion of specific job-related tasks. Commission may be paid in place of a hourly wage or salary, or in addition to a salary,\" \/>\n\t<meta name=\"robots\" content=\"max-image-preview:large\" \/>\n\t<link rel=\"canonical\" href=\"https:\/\/www.losangelesemploymentattorney.org\/es\/unpaid-commissions-your-right-to-take-legal-action\/\" \/>\n\t<meta name=\"generator\" content=\"All in One SEO Pro (AIOSEO) 4.9.6.2\" \/>\n\t\t<meta property=\"og:locale\" content=\"es_MX\" \/>\n\t\t<meta property=\"og:site_name\" content=\"California Labor Law Employment Attorneys Group -\" \/>\n\t\t<meta property=\"og:type\" content=\"article\" \/>\n\t\t<meta property=\"og:title\" content=\"Unpaid Commissions\u2014Your Right to Take Legal Action - California Labor Law Employment Attorneys Group\" \/>\n\t\t<meta property=\"og:description\" content=\"Are you a California employee who has not received commissions that you earned from your job? Commission refers to money that is earned for selling a service or product, or for the completion of specific job-related tasks. Commission may be paid in place of a hourly wage or salary, or in addition to a salary,\" \/>\n\t\t<meta property=\"og:url\" content=\"https:\/\/www.losangelesemploymentattorney.org\/es\/unpaid-commissions-your-right-to-take-legal-action\/\" \/>\n\t\t<meta property=\"article:published_time\" content=\"2021-04-24T01:17:16+00:00\" \/>\n\t\t<meta property=\"article:modified_time\" content=\"2025-04-07T18:26:02+00:00\" \/>\n\t\t<meta name=\"twitter:card\" content=\"summary_large_image\" \/>\n\t\t<meta name=\"twitter:title\" content=\"Unpaid Commissions\u2014Your Right to Take Legal Action - California Labor Law Employment Attorneys Group\" \/>\n\t\t<meta name=\"twitter:description\" content=\"Are you a California employee who has not received commissions that you earned from your job? Commission refers to money that is earned for selling a service or product, or for the completion of specific job-related tasks. Commission may be paid in place of a hourly wage or salary, or in addition to a salary,\" \/>\n\t\t<script type=\"application\/ld+json\" class=\"aioseo-schema\">\n\t\t\t{\"@context\":\"https:\\\/\\\/schema.org\",\"@graph\":[{\"@type\":\"BreadcrumbList\",\"@id\":\"https:\\\/\\\/www.losangelesemploymentattorney.org\\\/es\\\/unpaid-commissions-your-right-to-take-legal-action\\\/#breadcrumblist\",\"itemListElement\":[{\"@type\":\"ListItem\",\"@id\":\"https:\\\/\\\/www.losangelesemploymentattorney.org\\\/es#listItem\",\"position\":1,\"name\":\"Home\",\"item\":\"https:\\\/\\\/www.losangelesemploymentattorney.org\\\/es\",\"nextItem\":{\"@type\":\"ListItem\",\"@id\":\"https:\\\/\\\/www.losangelesemploymentattorney.org\\\/es\\\/unpaid-commissions-your-right-to-take-legal-action\\\/#listItem\",\"name\":\"Unpaid Commissions\\u2014Your Right to Take Legal Action\"}},{\"@type\":\"ListItem\",\"@id\":\"https:\\\/\\\/www.losangelesemploymentattorney.org\\\/es\\\/unpaid-commissions-your-right-to-take-legal-action\\\/#listItem\",\"position\":2,\"name\":\"Unpaid Commissions\\u2014Your Right to Take Legal Action\",\"previousItem\":{\"@type\":\"ListItem\",\"@id\":\"https:\\\/\\\/www.losangelesemploymentattorney.org\\\/es#listItem\",\"name\":\"Home\"}}]},{\"@type\":\"Organization\",\"@id\":\"https:\\\/\\\/www.losangelesemploymentattorney.org\\\/es\\\/#organization\",\"name\":\"California Labor Law Employment Attorneys Group\",\"url\":\"https:\\\/\\\/www.losangelesemploymentattorney.org\\\/es\\\/\",\"email\":\"info@losangelesemploymentattorney.org\",\"telephone\":\"+18884518915\",\"numberOfEmployees\":{\"@type\":\"QuantitativeValue\",\"value\":400},\"logo\":{\"@type\":\"ImageObject\",\"url\":\"https:\\\/\\\/www.losangelesemploymentattorney.org\\\/wp-content\\\/uploads\\\/2021\\\/12\\\/clleaglogoss-01.png\",\"@id\":\"https:\\\/\\\/www.losangelesemploymentattorney.org\\\/es\\\/unpaid-commissions-your-right-to-take-legal-action\\\/#organizationLogo\",\"width\":854,\"height\":261},\"image\":{\"@id\":\"https:\\\/\\\/www.losangelesemploymentattorney.org\\\/es\\\/unpaid-commissions-your-right-to-take-legal-action\\\/#organizationLogo\"},\"address\":{\"@id\":\"https:\\\/\\\/www.losangelesemploymentattorney.org\\\/es\\\/#postaladdress\",\"@type\":\"PostalAddress\",\"streetAddress\":\"612 S Broadway, Suite 600\",\"postalCode\":\"90014\",\"addressLocality\":\"Los Angeles\",\"addressRegion\":\"California\",\"addressCountry\":\"US\"}},{\"@type\":\"WebPage\",\"@id\":\"https:\\\/\\\/www.losangelesemploymentattorney.org\\\/es\\\/unpaid-commissions-your-right-to-take-legal-action\\\/#webpage\",\"url\":\"https:\\\/\\\/www.losangelesemploymentattorney.org\\\/es\\\/unpaid-commissions-your-right-to-take-legal-action\\\/\",\"name\":\"Unpaid Commissions\\u2014Your Right to Take Legal Action - California Labor Law Employment Attorneys Group\",\"description\":\"Are you a California employee who has not received commissions that you earned from your job? Commission refers to money that is earned for selling a service or product, or for the completion of specific job-related tasks. Commission may be paid in place of a hourly wage or salary, or in addition to a salary,\",\"inLanguage\":\"es-MX\",\"isPartOf\":{\"@id\":\"https:\\\/\\\/www.losangelesemploymentattorney.org\\\/es\\\/#website\"},\"breadcrumb\":{\"@id\":\"https:\\\/\\\/www.losangelesemploymentattorney.org\\\/es\\\/unpaid-commissions-your-right-to-take-legal-action\\\/#breadcrumblist\"},\"datePublished\":\"2021-04-24T01:17:16+00:00\",\"dateModified\":\"2025-04-07T18:26:02+00:00\"},{\"@type\":\"WebSite\",\"@id\":\"https:\\\/\\\/www.losangelesemploymentattorney.org\\\/es\\\/#website\",\"url\":\"https:\\\/\\\/www.losangelesemploymentattorney.org\\\/es\\\/\",\"name\":\"California Labor Law Employment Attorneys Group\",\"inLanguage\":\"es-MX\",\"publisher\":{\"@id\":\"https:\\\/\\\/www.losangelesemploymentattorney.org\\\/es\\\/#organization\"}}]}\n\t\t<\/script>\n\t\t<!-- All in One SEO Pro -->\r\n\t\t<title>Unpaid Commissions\u2014Your Right to Take Legal Action - California Labor Law Employment Attorneys Group<\/title>\n\n","aioseo_head_json":{"title":"Comisiones impagas: su derecho a emprender acciones legales - Grupo de abogados de empleo en derecho laboral de California","description":"Are you a California employee who has not received commissions that you earned from your job? Commission refers to money that is earned for selling a service or product, or for the completion of specific job-related tasks. Commission may be paid in place of a hourly wage or salary, or in addition to a salary,","canonical_url":"https:\/\/www.losangelesemploymentattorney.org\/es\/unpaid-commissions-your-right-to-take-legal-action\/","robots":"max-image-preview:large","keywords":"","webmasterTools":{"miscellaneous":""},"schema":{"@context":"https:\/\/schema.org","@graph":[{"@type":"BreadcrumbList","@id":"https:\/\/www.losangelesemploymentattorney.org\/es\/unpaid-commissions-your-right-to-take-legal-action\/#breadcrumblist","itemListElement":[{"@type":"ListItem","@id":"https:\/\/www.losangelesemploymentattorney.org\/es#listItem","position":1,"name":"Home","item":"https:\/\/www.losangelesemploymentattorney.org\/es","nextItem":{"@type":"ListItem","@id":"https:\/\/www.losangelesemploymentattorney.org\/es\/unpaid-commissions-your-right-to-take-legal-action\/#listItem","name":"Unpaid Commissions\u2014Your Right to Take Legal Action"}},{"@type":"ListItem","@id":"https:\/\/www.losangelesemploymentattorney.org\/es\/unpaid-commissions-your-right-to-take-legal-action\/#listItem","position":2,"name":"Unpaid Commissions\u2014Your Right to Take Legal Action","previousItem":{"@type":"ListItem","@id":"https:\/\/www.losangelesemploymentattorney.org\/es#listItem","name":"Home"}}]},{"@type":"Organization","@id":"https:\/\/www.losangelesemploymentattorney.org\/es\/#organization","name":"California Labor Law Employment Attorneys Group","url":"https:\/\/www.losangelesemploymentattorney.org\/es\/","email":"info@losangelesemploymentattorney.org","telephone":"+18884518915","numberOfEmployees":{"@type":"QuantitativeValue","value":400},"logo":{"@type":"ImageObject","url":"https:\/\/www.losangelesemploymentattorney.org\/wp-content\/uploads\/2021\/12\/clleaglogoss-01.png","@id":"https:\/\/www.losangelesemploymentattorney.org\/es\/unpaid-commissions-your-right-to-take-legal-action\/#organizationLogo","width":854,"height":261},"image":{"@id":"https:\/\/www.losangelesemploymentattorney.org\/es\/unpaid-commissions-your-right-to-take-legal-action\/#organizationLogo"},"address":{"@id":"https:\/\/www.losangelesemploymentattorney.org\/es\/#postaladdress","@type":"PostalAddress","streetAddress":"612 S Broadway, Suite 600","postalCode":"90014","addressLocality":"Los Angeles","addressRegion":"California","addressCountry":"US"}},{"@type":"WebPage","@id":"https:\/\/www.losangelesemploymentattorney.org\/es\/unpaid-commissions-your-right-to-take-legal-action\/#webpage","url":"https:\/\/www.losangelesemploymentattorney.org\/es\/unpaid-commissions-your-right-to-take-legal-action\/","name":"Unpaid Commissions\u2014Your Right to Take Legal Action - California Labor Law Employment Attorneys Group","description":"Are you a California employee who has not received commissions that you earned from your job? Commission refers to money that is earned for selling a service or product, or for the completion of specific job-related tasks. Commission may be paid in place of a hourly wage or salary, or in addition to a salary,","inLanguage":"es-MX","isPartOf":{"@id":"https:\/\/www.losangelesemploymentattorney.org\/es\/#website"},"breadcrumb":{"@id":"https:\/\/www.losangelesemploymentattorney.org\/es\/unpaid-commissions-your-right-to-take-legal-action\/#breadcrumblist"},"datePublished":"2021-04-24T01:17:16+00:00","dateModified":"2025-04-07T18:26:02+00:00"},{"@type":"WebSite","@id":"https:\/\/www.losangelesemploymentattorney.org\/es\/#website","url":"https:\/\/www.losangelesemploymentattorney.org\/es\/","name":"California Labor Law Employment Attorneys Group","inLanguage":"es-MX","publisher":{"@id":"https:\/\/www.losangelesemploymentattorney.org\/es\/#organization"}}]},"og:locale":"es_MX","og:site_name":"California Labor Law Employment Attorneys Group -","og:type":"article","og:title":"Unpaid Commissions\u2014Your Right to Take Legal Action - California Labor Law Employment Attorneys Group","og:description":"Are you a California employee who has not received commissions that you earned from your job? Commission refers to money that is earned for selling a service or product, or for the completion of specific job-related tasks. Commission may be paid in place of a hourly wage or salary, or in addition to a salary,","og:url":"https:\/\/www.losangelesemploymentattorney.org\/es\/unpaid-commissions-your-right-to-take-legal-action\/","article:published_time":"2021-04-24T01:17:16+00:00","article:modified_time":"2025-04-07T18:26:02+00:00","twitter:card":"summary_large_image","twitter:title":"Unpaid Commissions\u2014Your Right to Take Legal Action - California Labor Law Employment Attorneys Group","twitter:description":"Are you a California employee who has not received commissions that you earned from your job? Commission refers to money that is earned for selling a service or product, or for the completion of specific job-related tasks. Commission may be paid in place of a hourly wage or salary, or in addition to a salary,"},"aioseo_meta_data":{"post_id":"10925","title":null,"description":null,"keywords":null,"keyphrases":{"focus":{"keyphrase":"","score":0,"analysis":{"keyphraseInTitle":{"score":0,"maxScore":9,"error":1}}},"additional":[]},"primary_term":null,"canonical_url":null,"og_title":null,"og_description":null,"og_object_type":"default","og_image_type":"default","og_image_url":null,"og_image_width":null,"og_image_height":null,"og_image_custom_url":null,"og_image_custom_fields":null,"og_video":"","og_custom_url":null,"og_article_section":null,"og_article_tags":null,"twitter_use_og":false,"twitter_card":"default","twitter_image_type":"default","twitter_image_url":null,"twitter_image_custom_url":null,"twitter_image_custom_fields":null,"twitter_title":null,"twitter_description":null,"schema":{"blockGraphs":[],"customGraphs":[],"default":{"data":{"Article":[],"Course":[],"Dataset":[],"FAQPage":[],"Movie":[],"Person":[],"Product":[],"ProductReview":[],"Car":[],"Recipe":[],"Service":[],"SoftwareApplication":[],"WebPage":[]},"graphName":"WebPage","isEnabled":true},"graphs":[]},"schema_type":"default","schema_type_options":null,"pillar_content":false,"robots_default":true,"robots_noindex":false,"robots_noarchive":false,"robots_nosnippet":false,"robots_nofollow":false,"robots_noimageindex":false,"robots_noodp":false,"robots_notranslate":false,"robots_max_snippet":"-1","robots_max_videopreview":"-1","robots_max_imagepreview":"large","priority":null,"frequency":"default","local_seo":null,"seo_analyzer_scan_date":"2025-10-09 01:56:05","breadcrumb_settings":null,"limit_modified_date":false,"open_ai":"{\"title\":{\"suggestions\":[],\"usage\":0},\"description\":{\"suggestions\":[],\"usage\":0}}","ai":null,"created":"2024-01-10 00:12:22","updated":"2025-10-09 01:56:05"},"aioseo_breadcrumb":"<div class=\"aioseo-breadcrumbs\"><span class=\"aioseo-breadcrumb\">\n\t<a href=\"https:\/\/www.losangelesemploymentattorney.org\/es\" title=\"Home\">Home<\/a>\n<\/span><span class=\"aioseo-breadcrumb-separator\">&raquo;<\/span><span class=\"aioseo-breadcrumb\">\n\tUnpaid Commissions\u2014Your Right to Take Legal Action\n<\/span><\/div>","aioseo_breadcrumb_json":[{"label":"Home","link":"https:\/\/www.losangelesemploymentattorney.org\/es"},{"label":"Unpaid Commissions\u2014Your Right to Take Legal Action","link":"https:\/\/www.losangelesemploymentattorney.org\/es\/unpaid-commissions-your-right-to-take-legal-action\/"}],"_links":{"self":[{"href":"https:\/\/www.losangelesemploymentattorney.org\/es\/wp-json\/wp\/v2\/pages\/10925","targetHints":{"allow":["GET"]}}],"collection":[{"href":"https:\/\/www.losangelesemploymentattorney.org\/es\/wp-json\/wp\/v2\/pages"}],"about":[{"href":"https:\/\/www.losangelesemploymentattorney.org\/es\/wp-json\/wp\/v2\/types\/page"}],"author":[{"embeddable":true,"href":"https:\/\/www.losangelesemploymentattorney.org\/es\/wp-json\/wp\/v2\/users\/1"}],"replies":[{"embeddable":true,"href":"https:\/\/www.losangelesemploymentattorney.org\/es\/wp-json\/wp\/v2\/comments?post=10925"}],"version-history":[{"count":4,"href":"https:\/\/www.losangelesemploymentattorney.org\/es\/wp-json\/wp\/v2\/pages\/10925\/revisions"}],"predecessor-version":[{"id":13063,"href":"https:\/\/www.losangelesemploymentattorney.org\/es\/wp-json\/wp\/v2\/pages\/10925\/revisions\/13063"}],"wp:attachment":[{"href":"https:\/\/www.losangelesemploymentattorney.org\/es\/wp-json\/wp\/v2\/media?parent=10925"}],"curies":[{"name":"wp","href":"https:\/\/api.w.org\/{rel}","templated":true}]}}