{"id":11767,"date":"2022-01-10T18:47:55","date_gmt":"2022-01-10T18:47:55","guid":{"rendered":"https:\/\/www.losangelesemploymentattorney.org\/?page_id=11767"},"modified":"2022-01-10T18:47:55","modified_gmt":"2022-01-10T18:47:55","slug":"puedo-demandar-a-mi-empleador-en-california-si-trabajo-fuera-del-estado-2","status":"publish","type":"page","link":"https:\/\/www.losangelesemploymentattorney.org\/es\/can-i-sue-my-employer-in-california-if-i-work-out-of-state\/","title":{"rendered":"\u00bfPuedo demandar a mi empleador en California si trabajo fuera del estado?"},"content":{"rendered":"<p><a href=\"tel:888-694-7132\"><img loading=\"lazy\" decoding=\"async\" class=\"alignnone wp-image-11769 size-full\" src=\"https:\/\/www.losangelesemploymentattorney.org\/wp-content\/uploads\/2022\/01\/Can-I-Sue-My-Employer-in-California-if-I-work-Out-of-State-lawyer-attorney-sue-compensation-discrimination-injury-claim-unfair-e1641840435919.jpg\" alt=\"\u00bfPuedo demandar a mi empleador en California si trabajo fuera del estado? Abogado abogado demanda compensaci\u00f3n discriminaci\u00f3n reclamo por lesiones injusto\" width=\"841\" height=\"423\" \/><\/a><br \/>\n<i>\u00bfPuedo demandar a mi empleador en California si trabajo fuera del estado, pero la sede de la empresa est\u00e1 en California?<\/i> Esta es una pregunta com\u00fan, especialmente considerando que muchos empleadores tienen empleados fuera del estado o incluso empleados que viajan con frecuencia. Desafortunadamente, muchos empleados no saben la respuesta a esta pregunta, por lo que no toman ninguna medida por trato injusto en el lugar de trabajo y violaciones de las leyes laborales. Entonces, \u00bfpuede demandar a su empleador en California si trabaja en otro estado? S\u00ed, puede demandar a su empleador en California incluso si trabaja fuera del estado.<\/p>\n<p>Si tiene preguntas sobre su derecho a tomar medidas contra su empleador con sede en California, cont\u00e1ctenos hoy. Nuestros abogados laborales aqu\u00ed en el Grupo de Abogados Laborales de Derecho Laboral de California tienen d\u00e9cadas de experiencia y est\u00e1n listos para brindarle la orientaci\u00f3n que necesita para presentar su reclamo laboral y luchar por su derecho a una recuperaci\u00f3n justa. Si est\u00e1 interesado en obtener m\u00e1s informaci\u00f3n sobre su derecho a demandar a su empleador con sede en California, incluso si trabaja fuera del estado, no dude en comunicarse con nosotros y discutir su situaci\u00f3n actual con nuestros expertos. Estamos m\u00e1s que listos para ayudarte.<\/p>\n<h2>Tipos de reclamos laborales<\/h2>\n<p>Algunos de los tipos m\u00e1s comunes de reclamos laborales incluyen los siguientes:<\/p>\n<ul>\n<li>Reclamaciones de discriminaci\u00f3n<\/li>\n<li>Reclamaciones por despido injustificado<\/li>\n<li>Reclamaciones por discriminaci\u00f3n por embarazo<\/li>\n<li>Reclamaciones de salarios y horas<\/li>\n<\/ul>\n<p>Por supuesto, cada una de estas afirmaciones es muy diferente.<\/p>\n<p><b>Reclamaciones de discriminaci\u00f3n<\/b>, en general, puede surgir de cualquier tipo de discriminaci\u00f3n laboral. Seg\u00fan la ley laboral de California, las clases protegidas incluyen las siguientes: raza y color; ascendencia y origen nacional; religi\u00f3n y credo; edad (s\u00f3lo cuando tenga 40 a\u00f1os o m\u00e1s); discapacidad mental y f\u00edsica; sexo y g\u00e9nero (incluido el embarazo, el parto, la lactancia y otras condiciones relacionadas); orientaci\u00f3n sexual; identidad y expresi\u00f3n de g\u00e9nero; condiciones m\u00e9dicas; Informaci\u00f3n gen\u00e9tica; Estado civil; condici\u00f3n de militar o veterano. Cualquier tipo de trato injusto en el lugar de trabajo basado en una clase protegida puede considerarse discriminatorio, ya sea obtener asignaciones deficientes, no ser considerado para ascensos, ser degradado, etc.<\/p>\n<p><b>Reclamaciones por despido injustificado<\/b> Consistir\u00e1 en cualquier despido que se base \u00fanicamente en la pertenencia del empleado a una clase protegida. Aunque la mayor parte del empleo es a voluntad y tanto los empleados como los empleadores tienen derecho a finalizar el empleo esencialmente por cualquier motivo, es ilegal que los empleadores despidan a los empleados bas\u00e1ndose en cualquiera de las clases protegidas mencionadas anteriormente. Desafortunadamente, el despido injustificado a menudo se disfraza detr\u00e1s de informes falsos de desempe\u00f1o deficiente, acusaciones de mala conducta y otras cosas que har\u00edan v\u00e1lido el despido.<\/p>\n<p><b>Reclamaciones por discriminaci\u00f3n por embarazo<\/b> Consistir en cualquier trato injusto basado en el embarazo o condiciones relacionadas. Esto podr\u00eda incluir no recibir ascensos, recibir malas asignaciones de trabajo, negarse a adaptarse, negarse a aprobar la licencia por embarazo y, en \u00faltima instancia, despedir a la empleada debido al embarazo. Aunque el embarazo no es expl\u00edcitamente una clase protegida, est\u00e1 protegido bajo la clase de sexo y g\u00e9nero. California tambi\u00e9n tiene leyes espec\u00edficas sobre la discriminaci\u00f3n por embarazo que protegen a los empleados de un trato injusto, discriminaci\u00f3n, acoso o despido por motivos de embarazo, parto, etc. y tambi\u00e9n protegen el derecho a tomar licencia.<\/p>\n<p><b>Reclamaciones de salarios y horas,<\/b> espec\u00edficamente, surgen de cualquier tipo de problemas con el salario y el tiempo trabajado. Esto puede incluir salarios no pagados, bonos no pagados, horas extras no pagadas, etc. Seg\u00fan las leyes de salarios y horas de California, los empleados tienen derecho a un salario m\u00ednimo, pago de horas extras (tiempo y medio de tiempo extra y doble tiempo extra seg\u00fan el tiempo total trabajado). , descansos para comer\/descansar, etc. Cuando los empleadores no pagan el salario m\u00ednimo o el pago adecuado de horas extras o no proporcionan descansos adecuados, los empleados pueden emprender acciones legales.<\/p>\n<h2>Caso judicial anterior a considerar<\/h2>\n<p>Un caso de 2011, <i>Sullivan contra Oracle<\/i> determin\u00f3 que las leyes de horas extras de California se aplican al empleo en el estado independientemente de la residencia del empleado. Los demandantes argumentaron que, aunque no viv\u00edan en el estado, realizaban parte de su trabajo en el estado y, por lo tanto, se aplicaban las leyes estatales sobre horas extras; por supuesto, el tribunal estuvo de acuerdo. En otras palabras, las leyes laborales del estado se aplican independientemente de si el empleado viv\u00eda dentro o fuera del estado.<\/p>\n<h2>Otras cosas a considerar<\/h2>\n<p>En general, las leyes laborales s\u00f3lo se aplican cuando el trabajo se realiza principalmente en el estado. Por supuesto, esto puede resultar problem\u00e1tico para los empleados que trabajan fuera del estado, como los trabajadores remotos o los que viajan por trabajo. \u00bfD\u00f3nde se encuentran estos trabajadores? En general, dado que toda la supervisi\u00f3n y direcci\u00f3n proviene de California, se aplicar\u00e1n las leyes laborales de California. Sin embargo, esto puede variar seg\u00fan la situaci\u00f3n espec\u00edfica y el tipo de trabajo que se realiza; por lo tanto, lo mejor que podr\u00edan hacer los empleados afectados es hablar con un abogado lo antes posible.<\/p>\n<h2>Demandar y recuperar compensaci\u00f3n<\/h2>\n<p>Es posible que tenga motivos para presentar una demanda laboral con la ayuda de un abogado laboral con experiencia. Si su demanda tiene \u00e9xito, podr\u00eda tener derecho a recuperar una compensaci\u00f3n monetaria. \u00bfQu\u00e9 tipo de compensaci\u00f3n podr\u00eda recuperar? La respuesta a esta pregunta depender\u00e1 en gran medida del tipo de caso que se lleve a cabo; sin embargo, podr\u00eda incluir algunos de los siguientes:<\/p>\n<ul>\n<li>Ingresos perdidos<\/li>\n<li>Beneficios perdidos<\/li>\n<li>Saldos impagos e intereses sobre dichos saldos<\/li>\n<li>Pago atrasado<\/li>\n<li>Costos de reentrenamiento<\/li>\n<li>Cambios en la pol\u00edtica<\/li>\n<li>Da\u00f1os punitivos<\/li>\n<li>Honorarios legales<\/li>\n<\/ul>\n<p>Lo que podr\u00eda recuperar potencialmente si su reclamo de empleo tiene \u00e9xito se basar\u00e1 en \u00faltima instancia en los detalles que rodean su reclamo espec\u00edfico. Para obtener m\u00e1s informaci\u00f3n sobre el posible resultado de su reclamo, no dude en contactar a los expertos de nuestro bufete de abogados de inmediato. Nuestros abogados laborales con experiencia est\u00e1n listos para ayudarlo a presentar su demanda contra su empleador de California y recuperar el pago que se le debe.<\/p>\n<h2>\u00bfQu\u00e9 deber\u00edas hacer?<\/h2>\n<p>Si se violaron sus derechos como empleado, es importante que tome medidas lo antes posible. Hay una serie de cosas que debe hacer para asegurarse de poder prepararse para tomar medidas contra su empleador. Por un lado, debe reunir cualquier evidencia del trato injusto que experiment\u00f3. Esto puede incluir copias de informes realizados a Recursos Humanos o testimonios de testigos, por ejemplo. Tambi\u00e9n debe comunicarse con la agencia de empleo correspondiente para presentar una queja; esta agencia investigar\u00e1 la situaci\u00f3n y tomar\u00e1 medidas contra su empleador. Por supuesto, tambi\u00e9n tiene la opci\u00f3n de presentar una demanda civil contra su empleador con la ayuda de un abogado, pero primero deber\u00e1 obtener el derecho a demandar de la agencia de empleo que maneja su reclamo. Para obtener m\u00e1s informaci\u00f3n sobre lo que debe hacer para prepararse para demandar a su empleador, no dude en buscar asistencia legal con los expertos de nuestra firma hoy.<\/p>\n<h2>P\u00f3ngase en contacto con el grupo de abogados de empleo de derecho laboral de California hoy<\/h2>\n<p>Podr\u00eda demandar a su empleador con sede en California incluso si trabaja o vive fuera del estado. Si desea obtener m\u00e1s informaci\u00f3n sobre su derecho a demandar por discriminaci\u00f3n, despido injustificado, discriminaci\u00f3n por embarazo, reclamos de salario\/hora, etc., puede confiar en los expertos de nuestra firma de abogados para brindarle toda la informaci\u00f3n que necesita y perseguir. su reclamo y ayudarlo a recuperar el pago que se le debe.<\/p>\n<p>Aqu\u00ed en nuestro bufete de abogados, estamos orgullosos de ofrecer servicios legales gratuitos. Estos servicios legales gratuitos incluyen consultas gratuitas y segundas opiniones gratuitas. Durante estos servicios legales, nuestros abogados laborales responder\u00e1n todas sus preguntas, abordar\u00e1n todas sus inquietudes y le brindar\u00e1n toda la informaci\u00f3n que necesita para iniciar o continuar con su reclamo. Si est\u00e1 listo para hablar con nuestros expertos, cont\u00e1ctenos hoy.<\/p>\n<p>Nuestra garant\u00eda de tarifa cero garantiza que nuestros clientes nunca tendr\u00e1n que preocuparse por pagar honorarios legales por adelantado. Adem\u00e1s, como trabajamos en contingencia, nuestros clientes no pagar\u00e1n nada a menos que ganen. Si no gana, simplemente no ser\u00e1 responsable de cubrir los honorarios legales.<\/p>\n<p>Si est\u00e1 listo para hablar con nuestros expertos en empleo de California, cont\u00e1ctenos hoy.<\/p>","protected":false},"excerpt":{"rendered":"<p>\u00bfPuedo demandar a mi empleador en California si trabajo fuera del estado, pero la sede de la empresa est\u00e1 en California? Esta es una pregunta com\u00fan, especialmente considerando que muchos empleadores tienen empleados fuera del estado o incluso empleados que viajan con frecuencia. Desafortunadamente, muchos empleados no saben la respuesta a esta pregunta, as\u00ed que\u2026<\/p>","protected":false},"author":10,"featured_media":0,"parent":0,"menu_order":0,"comment_status":"closed","ping_status":"closed","template":"","meta":{"om_disable_all_campaigns":false,"_monsterinsights_skip_tracking":false,"_monsterinsights_sitenote_active":false,"_monsterinsights_sitenote_note":"","_monsterinsights_sitenote_category":0,"footnotes":""},"class_list":["post-11767","page","type-page","status-publish"],"aioseo_notices":[],"aioseo_head":"\n\t\t<!-- All in One SEO Pro 4.9.6.2 - aioseo.com -->\n\t<meta name=\"description\" content=\"Can I sue my employer in California if I work out of the state, but the company HQ is in California? This is a common question \u2013 especially considering that many employers have out of state employees or even employees that travel frequently. Unfortunately, many employees do not know the answer to this question, so\" \/>\n\t<meta name=\"robots\" content=\"max-image-preview:large\" \/>\n\t<link rel=\"canonical\" href=\"https:\/\/www.losangelesemploymentattorney.org\/es\/can-i-sue-my-employer-in-california-if-i-work-out-of-state\/\" \/>\n\t<meta name=\"generator\" content=\"All in One SEO Pro (AIOSEO) 4.9.6.2\" \/>\n\t\t<meta property=\"og:locale\" content=\"es_MX\" \/>\n\t\t<meta property=\"og:site_name\" content=\"California Labor Law Employment Attorneys Group -\" \/>\n\t\t<meta property=\"og:type\" content=\"article\" \/>\n\t\t<meta property=\"og:title\" content=\"Can I Sue My Employer in California if I work Out of State? - California Labor Law Employment Attorneys Group\" \/>\n\t\t<meta property=\"og:description\" content=\"Can I sue my employer in California if I work out of the state, but the company HQ is in California? This is a common question \u2013 especially considering that many employers have out of state employees or even employees that travel frequently. Unfortunately, many employees do not know the answer to this question, so\" \/>\n\t\t<meta property=\"og:url\" content=\"https:\/\/www.losangelesemploymentattorney.org\/es\/can-i-sue-my-employer-in-california-if-i-work-out-of-state\/\" \/>\n\t\t<meta property=\"article:published_time\" content=\"2022-01-10T18:47:55+00:00\" \/>\n\t\t<meta property=\"article:modified_time\" content=\"2022-01-10T18:47:55+00:00\" \/>\n\t\t<meta name=\"twitter:card\" content=\"summary_large_image\" \/>\n\t\t<meta name=\"twitter:title\" content=\"Can I Sue My Employer in California if I work Out of State? - California Labor Law Employment Attorneys Group\" \/>\n\t\t<meta name=\"twitter:description\" content=\"Can I sue my employer in California if I work out of the state, but the company HQ is in California? This is a common question \u2013 especially considering that many employers have out of state employees or even employees that travel frequently. Unfortunately, many employees do not know the answer to this question, so\" \/>\n\t\t<script type=\"application\/ld+json\" class=\"aioseo-schema\">\n\t\t\t{\"@context\":\"https:\\\/\\\/schema.org\",\"@graph\":[{\"@type\":\"BreadcrumbList\",\"@id\":\"https:\\\/\\\/www.losangelesemploymentattorney.org\\\/es\\\/can-i-sue-my-employer-in-california-if-i-work-out-of-state\\\/#breadcrumblist\",\"itemListElement\":[{\"@type\":\"ListItem\",\"@id\":\"https:\\\/\\\/www.losangelesemploymentattorney.org\\\/es#listItem\",\"position\":1,\"name\":\"Home\",\"item\":\"https:\\\/\\\/www.losangelesemploymentattorney.org\\\/es\",\"nextItem\":{\"@type\":\"ListItem\",\"@id\":\"https:\\\/\\\/www.losangelesemploymentattorney.org\\\/es\\\/can-i-sue-my-employer-in-california-if-i-work-out-of-state\\\/#listItem\",\"name\":\"Can I Sue My Employer in California if I work Out of State?\"}},{\"@type\":\"ListItem\",\"@id\":\"https:\\\/\\\/www.losangelesemploymentattorney.org\\\/es\\\/can-i-sue-my-employer-in-california-if-i-work-out-of-state\\\/#listItem\",\"position\":2,\"name\":\"Can I Sue My Employer in California if I work Out of State?\",\"previousItem\":{\"@type\":\"ListItem\",\"@id\":\"https:\\\/\\\/www.losangelesemploymentattorney.org\\\/es#listItem\",\"name\":\"Home\"}}]},{\"@type\":\"Organization\",\"@id\":\"https:\\\/\\\/www.losangelesemploymentattorney.org\\\/es\\\/#organization\",\"name\":\"California Labor Law Employment Attorneys Group\",\"url\":\"https:\\\/\\\/www.losangelesemploymentattorney.org\\\/es\\\/\",\"email\":\"info@losangelesemploymentattorney.org\",\"telephone\":\"+18884518915\",\"numberOfEmployees\":{\"@type\":\"QuantitativeValue\",\"value\":400},\"logo\":{\"@type\":\"ImageObject\",\"url\":\"https:\\\/\\\/www.losangelesemploymentattorney.org\\\/wp-content\\\/uploads\\\/2021\\\/12\\\/clleaglogoss-01.png\",\"@id\":\"https:\\\/\\\/www.losangelesemploymentattorney.org\\\/es\\\/can-i-sue-my-employer-in-california-if-i-work-out-of-state\\\/#organizationLogo\",\"width\":854,\"height\":261},\"image\":{\"@id\":\"https:\\\/\\\/www.losangelesemploymentattorney.org\\\/es\\\/can-i-sue-my-employer-in-california-if-i-work-out-of-state\\\/#organizationLogo\"},\"address\":{\"@id\":\"https:\\\/\\\/www.losangelesemploymentattorney.org\\\/es\\\/#postaladdress\",\"@type\":\"PostalAddress\",\"streetAddress\":\"612 S Broadway, Suite 600\",\"postalCode\":\"90014\",\"addressLocality\":\"Los Angeles\",\"addressRegion\":\"California\",\"addressCountry\":\"US\"}},{\"@type\":\"WebPage\",\"@id\":\"https:\\\/\\\/www.losangelesemploymentattorney.org\\\/es\\\/can-i-sue-my-employer-in-california-if-i-work-out-of-state\\\/#webpage\",\"url\":\"https:\\\/\\\/www.losangelesemploymentattorney.org\\\/es\\\/can-i-sue-my-employer-in-california-if-i-work-out-of-state\\\/\",\"name\":\"Can I Sue My Employer in California if I work Out of State? - California Labor Law Employment Attorneys Group\",\"description\":\"Can I sue my employer in California if I work out of the state, but the company HQ is in California? This is a common question \\u2013 especially considering that many employers have out of state employees or even employees that travel frequently. Unfortunately, many employees do not know the answer to this question, so\",\"inLanguage\":\"es-MX\",\"isPartOf\":{\"@id\":\"https:\\\/\\\/www.losangelesemploymentattorney.org\\\/es\\\/#website\"},\"breadcrumb\":{\"@id\":\"https:\\\/\\\/www.losangelesemploymentattorney.org\\\/es\\\/can-i-sue-my-employer-in-california-if-i-work-out-of-state\\\/#breadcrumblist\"},\"datePublished\":\"2022-01-10T18:47:55+00:00\",\"dateModified\":\"2022-01-10T18:47:55+00:00\"},{\"@type\":\"WebSite\",\"@id\":\"https:\\\/\\\/www.losangelesemploymentattorney.org\\\/es\\\/#website\",\"url\":\"https:\\\/\\\/www.losangelesemploymentattorney.org\\\/es\\\/\",\"name\":\"California Labor Law Employment Attorneys Group\",\"inLanguage\":\"es-MX\",\"publisher\":{\"@id\":\"https:\\\/\\\/www.losangelesemploymentattorney.org\\\/es\\\/#organization\"}}]}\n\t\t<\/script>\n\t\t<!-- All in One SEO Pro -->\r\n\t\t<title>Can I Sue My Employer in California if I work Out of State? - California Labor Law Employment Attorneys Group<\/title>\n\n","aioseo_head_json":{"title":"\u00bfPuedo demandar a mi empleador en California si trabajo fuera del estado? - Grupo de abogados laborales de derecho laboral de California","description":"\u00bfPuedo demandar a mi empleador en California si trabajo fuera del estado, pero la sede de la empresa est\u00e1 en California? Esta es una pregunta com\u00fan, especialmente considerando que muchos empleadores tienen empleados fuera del estado o incluso empleados que viajan con frecuencia. Desafortunadamente, muchos empleados no saben la respuesta a esta pregunta, por lo que","canonical_url":"https:\/\/www.losangelesemploymentattorney.org\/es\/can-i-sue-my-employer-in-california-if-i-work-out-of-state\/","robots":"max-image-preview:large","keywords":"","webmasterTools":{"miscellaneous":""},"schema":{"@context":"https:\/\/schema.org","@graph":[{"@type":"BreadcrumbList","@id":"https:\/\/www.losangelesemploymentattorney.org\/es\/can-i-sue-my-employer-in-california-if-i-work-out-of-state\/#breadcrumblist","itemListElement":[{"@type":"ListItem","@id":"https:\/\/www.losangelesemploymentattorney.org\/es#listItem","position":1,"name":"Home","item":"https:\/\/www.losangelesemploymentattorney.org\/es","nextItem":{"@type":"ListItem","@id":"https:\/\/www.losangelesemploymentattorney.org\/es\/can-i-sue-my-employer-in-california-if-i-work-out-of-state\/#listItem","name":"Can I Sue My Employer in California if I work Out of State?"}},{"@type":"ListItem","@id":"https:\/\/www.losangelesemploymentattorney.org\/es\/can-i-sue-my-employer-in-california-if-i-work-out-of-state\/#listItem","position":2,"name":"Can I Sue My Employer in California if I work Out of State?","previousItem":{"@type":"ListItem","@id":"https:\/\/www.losangelesemploymentattorney.org\/es#listItem","name":"Home"}}]},{"@type":"Organization","@id":"https:\/\/www.losangelesemploymentattorney.org\/es\/#organization","name":"California Labor Law Employment Attorneys Group","url":"https:\/\/www.losangelesemploymentattorney.org\/es\/","email":"info@losangelesemploymentattorney.org","telephone":"+18884518915","numberOfEmployees":{"@type":"QuantitativeValue","value":400},"logo":{"@type":"ImageObject","url":"https:\/\/www.losangelesemploymentattorney.org\/wp-content\/uploads\/2021\/12\/clleaglogoss-01.png","@id":"https:\/\/www.losangelesemploymentattorney.org\/es\/can-i-sue-my-employer-in-california-if-i-work-out-of-state\/#organizationLogo","width":854,"height":261},"image":{"@id":"https:\/\/www.losangelesemploymentattorney.org\/es\/can-i-sue-my-employer-in-california-if-i-work-out-of-state\/#organizationLogo"},"address":{"@id":"https:\/\/www.losangelesemploymentattorney.org\/es\/#postaladdress","@type":"PostalAddress","streetAddress":"612 S Broadway, Suite 600","postalCode":"90014","addressLocality":"Los Angeles","addressRegion":"California","addressCountry":"US"}},{"@type":"WebPage","@id":"https:\/\/www.losangelesemploymentattorney.org\/es\/can-i-sue-my-employer-in-california-if-i-work-out-of-state\/#webpage","url":"https:\/\/www.losangelesemploymentattorney.org\/es\/can-i-sue-my-employer-in-california-if-i-work-out-of-state\/","name":"Can I Sue My Employer in California if I work Out of State? - California Labor Law Employment Attorneys Group","description":"Can I sue my employer in California if I work out of the state, but the company HQ is in California? This is a common question \u2013 especially considering that many employers have out of state employees or even employees that travel frequently. Unfortunately, many employees do not know the answer to this question, so","inLanguage":"es-MX","isPartOf":{"@id":"https:\/\/www.losangelesemploymentattorney.org\/es\/#website"},"breadcrumb":{"@id":"https:\/\/www.losangelesemploymentattorney.org\/es\/can-i-sue-my-employer-in-california-if-i-work-out-of-state\/#breadcrumblist"},"datePublished":"2022-01-10T18:47:55+00:00","dateModified":"2022-01-10T18:47:55+00:00"},{"@type":"WebSite","@id":"https:\/\/www.losangelesemploymentattorney.org\/es\/#website","url":"https:\/\/www.losangelesemploymentattorney.org\/es\/","name":"California Labor Law Employment Attorneys Group","inLanguage":"es-MX","publisher":{"@id":"https:\/\/www.losangelesemploymentattorney.org\/es\/#organization"}}]},"og:locale":"es_MX","og:site_name":"California Labor Law Employment Attorneys Group -","og:type":"article","og:title":"Can I Sue My Employer in California if I work Out of State? - California Labor Law Employment Attorneys Group","og:description":"Can I sue my employer in California if I work out of the state, but the company HQ is in California? This is a common question \u2013 especially considering that many employers have out of state employees or even employees that travel frequently. Unfortunately, many employees do not know the answer to this question, so","og:url":"https:\/\/www.losangelesemploymentattorney.org\/es\/can-i-sue-my-employer-in-california-if-i-work-out-of-state\/","article:published_time":"2022-01-10T18:47:55+00:00","article:modified_time":"2022-01-10T18:47:55+00:00","twitter:card":"summary_large_image","twitter:title":"Can I Sue My Employer in California if I work Out of State? - California Labor Law Employment Attorneys Group","twitter:description":"Can I sue my employer in California if I work out of the state, but the company HQ is in California? This is a common question \u2013 especially considering that many employers have out of state employees or even employees that travel frequently. Unfortunately, many employees do not know the answer to this question, so"},"aioseo_meta_data":{"post_id":"11767","title":null,"description":null,"keywords":null,"keyphrases":null,"primary_term":null,"canonical_url":null,"og_title":null,"og_description":null,"og_object_type":"default","og_image_type":"default","og_image_url":null,"og_image_width":null,"og_image_height":null,"og_image_custom_url":null,"og_image_custom_fields":null,"og_video":null,"og_custom_url":null,"og_article_section":null,"og_article_tags":null,"twitter_use_og":false,"twitter_card":"default","twitter_image_type":"default","twitter_image_url":null,"twitter_image_custom_url":null,"twitter_image_custom_fields":null,"twitter_title":null,"twitter_description":null,"schema":{"blockGraphs":[],"customGraphs":[],"default":{"data":{"Article":[],"Course":[],"Dataset":[],"FAQPage":[],"Movie":[],"Person":[],"Product":[],"ProductReview":[],"Car":[],"Recipe":[],"Service":[],"SoftwareApplication":[],"WebPage":[]},"graphName":"","isEnabled":true},"graphs":[]},"schema_type":"default","schema_type_options":null,"pillar_content":false,"robots_default":true,"robots_noindex":false,"robots_noarchive":false,"robots_nosnippet":false,"robots_nofollow":false,"robots_noimageindex":false,"robots_noodp":false,"robots_notranslate":false,"robots_max_snippet":null,"robots_max_videopreview":null,"robots_max_imagepreview":"large","priority":null,"frequency":null,"local_seo":null,"seo_analyzer_scan_date":"2025-10-09 02:36:29","breadcrumb_settings":null,"limit_modified_date":false,"open_ai":null,"ai":null,"created":"2024-01-10 00:22:02","updated":"2025-10-09 02:36:29"},"aioseo_breadcrumb":"<div class=\"aioseo-breadcrumbs\"><span class=\"aioseo-breadcrumb\">\n\t<a href=\"https:\/\/www.losangelesemploymentattorney.org\/es\" title=\"Home\">Home<\/a>\n<\/span><span class=\"aioseo-breadcrumb-separator\">&raquo;<\/span><span class=\"aioseo-breadcrumb\">\n\tCan I Sue My Employer in California if I work Out of State?\n<\/span><\/div>","aioseo_breadcrumb_json":[{"label":"Home","link":"https:\/\/www.losangelesemploymentattorney.org\/es"},{"label":"Can I Sue My Employer in California if I work Out of State?","link":"https:\/\/www.losangelesemploymentattorney.org\/es\/can-i-sue-my-employer-in-california-if-i-work-out-of-state\/"}],"_links":{"self":[{"href":"https:\/\/www.losangelesemploymentattorney.org\/es\/wp-json\/wp\/v2\/pages\/11767","targetHints":{"allow":["GET"]}}],"collection":[{"href":"https:\/\/www.losangelesemploymentattorney.org\/es\/wp-json\/wp\/v2\/pages"}],"about":[{"href":"https:\/\/www.losangelesemploymentattorney.org\/es\/wp-json\/wp\/v2\/types\/page"}],"author":[{"embeddable":true,"href":"https:\/\/www.losangelesemploymentattorney.org\/es\/wp-json\/wp\/v2\/users\/10"}],"replies":[{"embeddable":true,"href":"https:\/\/www.losangelesemploymentattorney.org\/es\/wp-json\/wp\/v2\/comments?post=11767"}],"version-history":[{"count":1,"href":"https:\/\/www.losangelesemploymentattorney.org\/es\/wp-json\/wp\/v2\/pages\/11767\/revisions"}],"predecessor-version":[{"id":11770,"href":"https:\/\/www.losangelesemploymentattorney.org\/es\/wp-json\/wp\/v2\/pages\/11767\/revisions\/11770"}],"wp:attachment":[{"href":"https:\/\/www.losangelesemploymentattorney.org\/es\/wp-json\/wp\/v2\/media?parent=11767"}],"curies":[{"name":"wp","href":"https:\/\/api.w.org\/{rel}","templated":true}]}}