{"id":11851,"date":"2022-05-12T19:34:51","date_gmt":"2022-05-12T19:34:51","guid":{"rendered":"https:\/\/www.losangelesemploymentattorney.org\/?page_id=11851"},"modified":"2022-05-12T19:34:51","modified_gmt":"2022-05-12T19:34:51","slug":"radiologo-centro-de-resonancia-magnetica-centro-de-imagenes-de-tecnologia-de-resonancia-magnetica-despido-injustificado-2","status":"publish","type":"page","link":"https:\/\/www.losangelesemploymentattorney.org\/es\/radiologist-mri-center-mri-tech-imaging-center-wrongful-termination\/","title":{"rendered":"Radi\u00f3logo \u2013 Centro de resonancia magn\u00e9tica\/Tecn\u00f3logo de resonancia magn\u00e9tica \u2013 Centro de im\u00e1genes \u2013 Despido injustificado"},"content":{"rendered":"<p><a href=\"tel:888-694-7132\"><img loading=\"lazy\" decoding=\"async\" class=\"alignnone wp-image-11852 size-full\" src=\"https:\/\/www.losangelesemploymentattorney.org\/wp-content\/uploads\/2022\/05\/Radiologist-MRI-Center-MRI-Tech-Imaging-Center-\u2013-Wrongful-Termination-lawyer-attorney-sue-compensation-employee-employer-lawsuit-e1652384076701.jpg\" alt=\"Radi\u00f3logo MRI Center MRI Tech - Imaging Center \u2013 Abogado por despido injustificado abogado demanda compensaci\u00f3n empleado demanda empleador\" width=\"841\" height=\"423\" \/><\/a><br \/>\nSi lo despidieron injustamente de su trabajo como radi\u00f3logo en un centro de resonancia magn\u00e9tica, puede llamarnos para discutir su caso hoy. Entendemos que hay muchos aspectos diferentes del despido injustificado. Estamos aqu\u00ed para analizar sus opciones con usted si lo despiden injustamente como radi\u00f3logo en un centro de resonancia magn\u00e9tica, porque tendr\u00e1 mucho que revisar sobre este reclamo.<\/p>\n<p>Si lo discriminan por haber sido despedido injustificadamente, debe llamarnos hoy. Podemos discutir el inicio de una demanda con usted, en el caso de que haya sido discriminado por los siguientes problemas:<\/p>\n<h2>Discriminaci\u00f3n religiosa \u2013<\/h2>\n<p>T\u00edtulo VII, Orden Ejecutiva 11246<\/p>\n<h2>Discriminaci\u00f3n por origen nacional \u2013<\/h2>\n<p>T\u00edtulo VII, Secci\u00f3n 1961, Orden Ejecutiva 11246<\/p>\n<h2>La discriminaci\u00f3n racial -<\/h2>\n<p>T\u00edtulo VII, Secci\u00f3n 1961, Orden Ejecutiva 11246<\/p>\n<h2>Discriminaci\u00f3n por edad -<\/h2>\n<p>Discriminaci\u00f3n por edad en la Ley de Empleo<\/p>\n<h2>Discriminaci\u00f3n por discapacidad \u2013<\/h2>\n<p>Acta de Americanos con Discapacidades<\/p>\n<h2>Discriminaci\u00f3n sexual \u2013<\/h2>\n<p>Ley de Igualdad Salarial (s\u00f3lo remuneraci\u00f3n), T\u00edtulo VII, Ley de Embarazo<\/p>\n<p>Sabemos que puede ser muy perturbador haber experimentado pr\u00e1cticas discriminatorias por parte de un empleador como radi\u00f3logo en un centro de resonancia magn\u00e9tica. Si esto le ha sucedido a usted, simplemente llame a nuestra oficina legal y podr\u00e1 discutir su caso con nuestro equipo legal. Ya no necesita sufrir en silencio por un caso de discriminaci\u00f3n al que se refiere un despido injustificado como radi\u00f3logo en un centro de resonancia magn\u00e9tica. Cuando llame a nuestro equipo legal hoy, podremos revisar con usted nuestra estrategia para recuperar la compensaci\u00f3n con respecto a nuestro reclamo por un despido injustificado de su trabajo.<\/p>\n<h2>Ambiente de trabajo hostil<\/h2>\n<p>Si se ha visto obligado a trabajar en un entorno hostil como radi\u00f3logo en un centro de resonancia magn\u00e9tica, llame hoy a nuestro bufete de abogados para obtener ayuda. Si recientemente ha sido despedido injustificadamente y primero tuvo que soportar trabajar en un entorno hostil, entonces necesitamos saber de usted.<\/p>\n<p>Un ambiente hostil incluye empleados en el trabajo:<\/p>\n<ul>\n<li>Hablar de actividades sexuales<\/li>\n<li>Usar lenguaje grosero o inapropiado<\/li>\n<li>Usar gestos indecentes a tu alrededor<\/li>\n<li>Sabotear el producto de su trabajo en el trabajo<\/li>\n<li>Actuar hostil hacia usted en un ambiente de trabajo.<\/li>\n<li>Acosarte en el trabajo<\/li>\n<\/ul>\n<p>Las personas que son v\u00edctimas de entornos laborales hostiles tambi\u00e9n suelen desarrollar problemas psicol\u00f3gicos relacionados con el trabajo en este tipo de \u00e1rea en el trabajo. Puede afectar la autoestima, la vida personal o la salud f\u00edsica de una persona, as\u00ed como la salud mental tener que estar en un ambiente laboral hostil como radi\u00f3logo en un centro de resonancia magn\u00e9tica. Si este es su caso, ll\u00e1menos hoy. Podemos repasar sus opciones para una demanda si esto le ha sucedido a usted.<\/p>\n<h2>Lesiones en el lugar de trabajo \u2013 Compensaci\u00f3n laboral<\/h2>\n<p>Si se lesiona en el trabajo, es elegible para recibir compensaci\u00f3n laboral. Necesitar\u00e1 obtener ayuda por cualquier lesi\u00f3n que haya sufrido como radi\u00f3logo en un centro de resonancia magn\u00e9tica y haya sido despedido o despedido injustamente de su trabajo. Estamos aqu\u00ed para ayudarlo si recibe injustamente beneficios por p\u00e9rdida de salario inferiores a los habituales por haber sido despedido o despedido injustamente como radi\u00f3logo en un centro de resonancia magn\u00e9tica. Si esto le ha sucedido a usted, no dude en llamarnos hoy para discutir su caso con uno de nuestros abogados altamente capacitados ahora mismo.<\/p>\n<h2>Discriminaci\u00f3n por embarazo<\/h2>\n<p>En el caso de que est\u00e9 embarazada y sea discriminada por ser radi\u00f3loga en un centro de resonancia magn\u00e9tica, puede llamarnos para discutir su demanda por discriminaci\u00f3n. El empleador no puede discriminarla abierta o secretamente por estar embarazada. Simplemente ll\u00e1menos hoy para revelar su caso y perm\u00edtanos elaborar una estrategia establecida para obtener la compensaci\u00f3n de recuperaci\u00f3n que se merece en este caso.<\/p>\n<h2>Acoso laboral<\/h2>\n<p>Podemos conectarnos con usted si ha sufrido acoso laboral. Su acoso laboral puede haber incluido:<\/p>\n<ul>\n<li>Ser socavado en el trabajo<\/li>\n<li>Sentirse abrumado en el trabajo<\/li>\n<li>Un jefe o supervisor que establece metas poco razonables para su trabajo debido<\/li>\n<li>Sentirse ignorado o aislado en el trabajo<\/li>\n<li>Negarle deliberadamente el acceso a la informaci\u00f3n necesaria para realizar su trabajo.<\/li>\n<li>Ser tratado injustamente en el lugar de trabajo, en relaci\u00f3n con otras personas.<\/li>\n<\/ul>\n<p>Si ha sufrido alguna de estas condiciones, es posible que haya estado trabajando en un entorno hostil. En el caso de que se haya visto obligado a trabajar en estas condiciones, debe llamarnos para analizar sus oportunidades de presentar una demanda en estas condiciones.<\/p>\n<h2>Segunda opini\u00f3n gratuita<\/h2>\n<p>Podemos ofrecerle una segunda opini\u00f3n gratuita sobre este reclamo. Eso suceder\u00e1 cuando llame a nuestra oficina legal para determinar cu\u00e1l ser\u00e1 la base de su reclamo. Estamos en condiciones de revisar su caso con usted y todo lo que necesita hacer es llamarnos.<\/p>\n<h2>Garant\u00eda de tarifa cero<\/h2>\n<p>Es f\u00e1cil acceder a nuestra garant\u00eda de tarifa cero. Puede hablar con un abogado con una s\u00f3lida especialidad en gestionar y obtener el resultado correcto para su reclamo relacionado con un despido injustificado de su trabajo como radi\u00f3logo en un centro de resonancia magn\u00e9tica. Somos abogados que pueden ayudarle con su reclamo y estamos listos para hablar con usted ahora mismo.<\/p>\n<h2>\u00bfPuedo demandar por despido injustificado como radi\u00f3logo en un centro de resonancia magn\u00e9tica?<\/h2>\n<p>S\u00ed, podemos demandar cuando haya tenido un despido injustificado como radi\u00f3logo en un Centro de resonancia magn\u00e9tica. No tema, porque nuestros abogados de casos de Los \u00c1ngeles pueden presentar una demanda en su nombre y podemos ayudarlo a obtener el paquete de compensaci\u00f3n de recuperaci\u00f3n completo por su reclamo por despido injustificado. Simplemente llame a nuestros abogados de casos en Los \u00c1ngeles para obtener la ayuda que necesita hoy.<\/p>\n<h2>Llame para una consulta gratuita<\/h2>\n<p>Cuando nos llame hoy, podr\u00e1 tener acceso a nuestros abogados y tendr\u00e1 la mejor ventaja para obtener el dinero que necesita en este reclamo. Sabemos que puede ser un momento confuso para usted si lo despiden injustamente como radi\u00f3logo en un centro de resonancia magn\u00e9tica. Tambi\u00e9n sabemos que es posible que desee cerrar esta situaci\u00f3n, pero sepa que es posible que nunca obtenga el cierre que desea en este caso. Usted tiene la oportunidad de trabajar con nosotros y, por lo tanto, obtener la compensaci\u00f3n de recuperaci\u00f3n que necesita por los salarios perdidos en este caso. No pasar\u00e1 nada hasta que nos llames, por lo tanto, \u00a1ll\u00e1manos hoy!<\/p>","protected":false},"excerpt":{"rendered":"<p>Si lo despidieron injustamente de su trabajo como radi\u00f3logo en un centro de resonancia magn\u00e9tica, puede llamarnos para discutir su caso hoy. Entendemos que hay muchos aspectos diferentes del despido injustificado. Estamos aqu\u00ed para analizar sus opciones con usted si lo despiden injustamente como radi\u00f3logo en un...<\/p>","protected":false},"author":10,"featured_media":0,"parent":0,"menu_order":0,"comment_status":"closed","ping_status":"closed","template":"","meta":{"om_disable_all_campaigns":false,"_monsterinsights_skip_tracking":false,"_monsterinsights_sitenote_active":false,"_monsterinsights_sitenote_note":"","_monsterinsights_sitenote_category":0,"footnotes":""},"class_list":["post-11851","page","type-page","status-publish"],"aioseo_notices":[],"aioseo_head":"\n\t\t<!-- All in One SEO Pro 4.9.6.2 - aioseo.com -->\n\t<meta name=\"description\" content=\"If you have been wrongfully terminated from working as a radiologist at an MRI Center, you can call us to discuss your case today. We understand that there are many different aspects of wrongful termination. We are here to go over your options with you if you are wrongfully terminated as a radiologist at an\" \/>\n\t<meta name=\"robots\" content=\"max-image-preview:large\" \/>\n\t<link rel=\"canonical\" href=\"https:\/\/www.losangelesemploymentattorney.org\/es\/radiologist-mri-center-mri-tech-imaging-center-wrongful-termination\/\" \/>\n\t<meta name=\"generator\" content=\"All in One SEO Pro (AIOSEO) 4.9.6.2\" \/>\n\t\t<meta property=\"og:locale\" content=\"es_MX\" \/>\n\t\t<meta property=\"og:site_name\" content=\"California Labor Law Employment Attorneys Group -\" \/>\n\t\t<meta property=\"og:type\" content=\"article\" \/>\n\t\t<meta property=\"og:title\" content=\"Radiologist \u2013 MRI Center\/MRI Tech \u2013 Imaging Center \u2013 Wrongful Termination - California Labor Law Employment Attorneys Group\" \/>\n\t\t<meta property=\"og:description\" content=\"If you have been wrongfully terminated from working as a radiologist at an MRI Center, you can call us to discuss your case today. We understand that there are many different aspects of wrongful termination. We are here to go over your options with you if you are wrongfully terminated as a radiologist at an\" \/>\n\t\t<meta property=\"og:url\" content=\"https:\/\/www.losangelesemploymentattorney.org\/es\/radiologist-mri-center-mri-tech-imaging-center-wrongful-termination\/\" \/>\n\t\t<meta property=\"article:published_time\" content=\"2022-05-12T19:34:51+00:00\" \/>\n\t\t<meta property=\"article:modified_time\" content=\"2022-05-12T19:34:51+00:00\" \/>\n\t\t<meta name=\"twitter:card\" content=\"summary_large_image\" \/>\n\t\t<meta name=\"twitter:title\" content=\"Radiologist \u2013 MRI Center\/MRI Tech \u2013 Imaging Center \u2013 Wrongful Termination - California Labor Law Employment Attorneys Group\" \/>\n\t\t<meta name=\"twitter:description\" content=\"If you have been wrongfully terminated from working as a radiologist at an MRI Center, you can call us to discuss your case today. We understand that there are many different aspects of wrongful termination. We are here to go over your options with you if you are wrongfully terminated as a radiologist at an\" \/>\n\t\t<script type=\"application\/ld+json\" class=\"aioseo-schema\">\n\t\t\t{\"@context\":\"https:\\\/\\\/schema.org\",\"@graph\":[{\"@type\":\"BreadcrumbList\",\"@id\":\"https:\\\/\\\/www.losangelesemploymentattorney.org\\\/es\\\/radiologist-mri-center-mri-tech-imaging-center-wrongful-termination\\\/#breadcrumblist\",\"itemListElement\":[{\"@type\":\"ListItem\",\"@id\":\"https:\\\/\\\/www.losangelesemploymentattorney.org\\\/es#listItem\",\"position\":1,\"name\":\"Home\",\"item\":\"https:\\\/\\\/www.losangelesemploymentattorney.org\\\/es\",\"nextItem\":{\"@type\":\"ListItem\",\"@id\":\"https:\\\/\\\/www.losangelesemploymentattorney.org\\\/es\\\/radiologist-mri-center-mri-tech-imaging-center-wrongful-termination\\\/#listItem\",\"name\":\"Radiologist \\u2013 MRI Center\\\/MRI Tech &#8211; Imaging Center \\u2013 Wrongful Termination\"}},{\"@type\":\"ListItem\",\"@id\":\"https:\\\/\\\/www.losangelesemploymentattorney.org\\\/es\\\/radiologist-mri-center-mri-tech-imaging-center-wrongful-termination\\\/#listItem\",\"position\":2,\"name\":\"Radiologist \\u2013 MRI Center\\\/MRI Tech &#8211; Imaging Center \\u2013 Wrongful Termination\",\"previousItem\":{\"@type\":\"ListItem\",\"@id\":\"https:\\\/\\\/www.losangelesemploymentattorney.org\\\/es#listItem\",\"name\":\"Home\"}}]},{\"@type\":\"Organization\",\"@id\":\"https:\\\/\\\/www.losangelesemploymentattorney.org\\\/es\\\/#organization\",\"name\":\"California Labor Law Employment Attorneys Group\",\"url\":\"https:\\\/\\\/www.losangelesemploymentattorney.org\\\/es\\\/\",\"email\":\"info@losangelesemploymentattorney.org\",\"telephone\":\"+18884518915\",\"numberOfEmployees\":{\"@type\":\"QuantitativeValue\",\"value\":400},\"logo\":{\"@type\":\"ImageObject\",\"url\":\"https:\\\/\\\/www.losangelesemploymentattorney.org\\\/wp-content\\\/uploads\\\/2021\\\/12\\\/clleaglogoss-01.png\",\"@id\":\"https:\\\/\\\/www.losangelesemploymentattorney.org\\\/es\\\/radiologist-mri-center-mri-tech-imaging-center-wrongful-termination\\\/#organizationLogo\",\"width\":854,\"height\":261},\"image\":{\"@id\":\"https:\\\/\\\/www.losangelesemploymentattorney.org\\\/es\\\/radiologist-mri-center-mri-tech-imaging-center-wrongful-termination\\\/#organizationLogo\"},\"address\":{\"@id\":\"https:\\\/\\\/www.losangelesemploymentattorney.org\\\/es\\\/#postaladdress\",\"@type\":\"PostalAddress\",\"streetAddress\":\"612 S Broadway, Suite 600\",\"postalCode\":\"90014\",\"addressLocality\":\"Los Angeles\",\"addressRegion\":\"California\",\"addressCountry\":\"US\"}},{\"@type\":\"WebPage\",\"@id\":\"https:\\\/\\\/www.losangelesemploymentattorney.org\\\/es\\\/radiologist-mri-center-mri-tech-imaging-center-wrongful-termination\\\/#webpage\",\"url\":\"https:\\\/\\\/www.losangelesemploymentattorney.org\\\/es\\\/radiologist-mri-center-mri-tech-imaging-center-wrongful-termination\\\/\",\"name\":\"Radiologist \\u2013 MRI Center\\\/MRI Tech \\u2013 Imaging Center \\u2013 Wrongful Termination - California Labor Law Employment Attorneys Group\",\"description\":\"If you have been wrongfully terminated from working as a radiologist at an MRI Center, you can call us to discuss your case today. We understand that there are many different aspects of wrongful termination. We are here to go over your options with you if you are wrongfully terminated as a radiologist at an\",\"inLanguage\":\"es-MX\",\"isPartOf\":{\"@id\":\"https:\\\/\\\/www.losangelesemploymentattorney.org\\\/es\\\/#website\"},\"breadcrumb\":{\"@id\":\"https:\\\/\\\/www.losangelesemploymentattorney.org\\\/es\\\/radiologist-mri-center-mri-tech-imaging-center-wrongful-termination\\\/#breadcrumblist\"},\"datePublished\":\"2022-05-12T19:34:51+00:00\",\"dateModified\":\"2022-05-12T19:34:51+00:00\"},{\"@type\":\"WebSite\",\"@id\":\"https:\\\/\\\/www.losangelesemploymentattorney.org\\\/es\\\/#website\",\"url\":\"https:\\\/\\\/www.losangelesemploymentattorney.org\\\/es\\\/\",\"name\":\"California Labor Law Employment Attorneys Group\",\"inLanguage\":\"es-MX\",\"publisher\":{\"@id\":\"https:\\\/\\\/www.losangelesemploymentattorney.org\\\/es\\\/#organization\"}}]}\n\t\t<\/script>\n\t\t<!-- All in One SEO Pro -->\r\n\t\t<title>Radiologist \u2013 MRI Center\/MRI Tech \u2013 Imaging Center \u2013 Wrongful Termination - California Labor Law Employment Attorneys Group<\/title>\n\n","aioseo_head_json":{"title":"Radi\u00f3logo \u2013 Centro de resonancia magn\u00e9tica\/Tecn\u00f3logo de resonancia magn\u00e9tica \u2013 Centro de im\u00e1genes \u2013 Despido injustificado - Grupo de abogados de empleo de derecho laboral de California","description":"Si lo despidieron injustamente de su trabajo como radi\u00f3logo en un centro de resonancia magn\u00e9tica, puede llamarnos para discutir su caso hoy. Entendemos que hay muchos aspectos diferentes del despido injustificado. Estamos aqu\u00ed para analizar sus opciones con usted si lo despiden injustamente como radi\u00f3logo en un","canonical_url":"https:\/\/www.losangelesemploymentattorney.org\/es\/radiologist-mri-center-mri-tech-imaging-center-wrongful-termination\/","robots":"max-image-preview:large","keywords":"","webmasterTools":{"miscellaneous":""},"schema":{"@context":"https:\/\/schema.org","@graph":[{"@type":"BreadcrumbList","@id":"https:\/\/www.losangelesemploymentattorney.org\/es\/radiologist-mri-center-mri-tech-imaging-center-wrongful-termination\/#breadcrumblist","itemListElement":[{"@type":"ListItem","@id":"https:\/\/www.losangelesemploymentattorney.org\/es#listItem","position":1,"name":"Home","item":"https:\/\/www.losangelesemploymentattorney.org\/es","nextItem":{"@type":"ListItem","@id":"https:\/\/www.losangelesemploymentattorney.org\/es\/radiologist-mri-center-mri-tech-imaging-center-wrongful-termination\/#listItem","name":"Radiologist \u2013 MRI Center\/MRI Tech &#8211; Imaging Center \u2013 Wrongful Termination"}},{"@type":"ListItem","@id":"https:\/\/www.losangelesemploymentattorney.org\/es\/radiologist-mri-center-mri-tech-imaging-center-wrongful-termination\/#listItem","position":2,"name":"Radiologist \u2013 MRI Center\/MRI Tech &#8211; Imaging Center \u2013 Wrongful Termination","previousItem":{"@type":"ListItem","@id":"https:\/\/www.losangelesemploymentattorney.org\/es#listItem","name":"Home"}}]},{"@type":"Organization","@id":"https:\/\/www.losangelesemploymentattorney.org\/es\/#organization","name":"California Labor Law Employment Attorneys Group","url":"https:\/\/www.losangelesemploymentattorney.org\/es\/","email":"info@losangelesemploymentattorney.org","telephone":"+18884518915","numberOfEmployees":{"@type":"QuantitativeValue","value":400},"logo":{"@type":"ImageObject","url":"https:\/\/www.losangelesemploymentattorney.org\/wp-content\/uploads\/2021\/12\/clleaglogoss-01.png","@id":"https:\/\/www.losangelesemploymentattorney.org\/es\/radiologist-mri-center-mri-tech-imaging-center-wrongful-termination\/#organizationLogo","width":854,"height":261},"image":{"@id":"https:\/\/www.losangelesemploymentattorney.org\/es\/radiologist-mri-center-mri-tech-imaging-center-wrongful-termination\/#organizationLogo"},"address":{"@id":"https:\/\/www.losangelesemploymentattorney.org\/es\/#postaladdress","@type":"PostalAddress","streetAddress":"612 S Broadway, Suite 600","postalCode":"90014","addressLocality":"Los Angeles","addressRegion":"California","addressCountry":"US"}},{"@type":"WebPage","@id":"https:\/\/www.losangelesemploymentattorney.org\/es\/radiologist-mri-center-mri-tech-imaging-center-wrongful-termination\/#webpage","url":"https:\/\/www.losangelesemploymentattorney.org\/es\/radiologist-mri-center-mri-tech-imaging-center-wrongful-termination\/","name":"Radiologist \u2013 MRI Center\/MRI Tech \u2013 Imaging Center \u2013 Wrongful Termination - California Labor Law Employment Attorneys Group","description":"If you have been wrongfully terminated from working as a radiologist at an MRI Center, you can call us to discuss your case today. We understand that there are many different aspects of wrongful termination. We are here to go over your options with you if you are wrongfully terminated as a radiologist at an","inLanguage":"es-MX","isPartOf":{"@id":"https:\/\/www.losangelesemploymentattorney.org\/es\/#website"},"breadcrumb":{"@id":"https:\/\/www.losangelesemploymentattorney.org\/es\/radiologist-mri-center-mri-tech-imaging-center-wrongful-termination\/#breadcrumblist"},"datePublished":"2022-05-12T19:34:51+00:00","dateModified":"2022-05-12T19:34:51+00:00"},{"@type":"WebSite","@id":"https:\/\/www.losangelesemploymentattorney.org\/es\/#website","url":"https:\/\/www.losangelesemploymentattorney.org\/es\/","name":"California Labor Law Employment Attorneys Group","inLanguage":"es-MX","publisher":{"@id":"https:\/\/www.losangelesemploymentattorney.org\/es\/#organization"}}]},"og:locale":"es_MX","og:site_name":"California Labor Law Employment Attorneys Group -","og:type":"article","og:title":"Radiologist \u2013 MRI Center\/MRI Tech \u2013 Imaging Center \u2013 Wrongful Termination - California Labor Law Employment Attorneys Group","og:description":"If you have been wrongfully terminated from working as a radiologist at an MRI Center, you can call us to discuss your case today. We understand that there are many different aspects of wrongful termination. We are here to go over your options with you if you are wrongfully terminated as a radiologist at an","og:url":"https:\/\/www.losangelesemploymentattorney.org\/es\/radiologist-mri-center-mri-tech-imaging-center-wrongful-termination\/","article:published_time":"2022-05-12T19:34:51+00:00","article:modified_time":"2022-05-12T19:34:51+00:00","twitter:card":"summary_large_image","twitter:title":"Radiologist \u2013 MRI Center\/MRI Tech \u2013 Imaging Center \u2013 Wrongful Termination - California Labor Law Employment Attorneys Group","twitter:description":"If you have been wrongfully terminated from working as a radiologist at an MRI Center, you can call us to discuss your case today. We understand that there are many different aspects of wrongful termination. We are here to go over your options with you if you are wrongfully terminated as a radiologist at an"},"aioseo_meta_data":{"post_id":"11851","title":null,"description":null,"keywords":null,"keyphrases":null,"primary_term":null,"canonical_url":null,"og_title":null,"og_description":null,"og_object_type":"default","og_image_type":"default","og_image_url":null,"og_image_width":null,"og_image_height":null,"og_image_custom_url":null,"og_image_custom_fields":null,"og_video":null,"og_custom_url":null,"og_article_section":null,"og_article_tags":null,"twitter_use_og":false,"twitter_card":"default","twitter_image_type":"default","twitter_image_url":null,"twitter_image_custom_url":null,"twitter_image_custom_fields":null,"twitter_title":null,"twitter_description":null,"schema":{"blockGraphs":[],"customGraphs":[],"default":{"data":{"Article":[],"Course":[],"Dataset":[],"FAQPage":[],"Movie":[],"Person":[],"Product":[],"ProductReview":[],"Car":[],"Recipe":[],"Service":[],"SoftwareApplication":[],"WebPage":[]},"graphName":"","isEnabled":true},"graphs":[]},"schema_type":"default","schema_type_options":null,"pillar_content":false,"robots_default":true,"robots_noindex":false,"robots_noarchive":false,"robots_nosnippet":false,"robots_nofollow":false,"robots_noimageindex":false,"robots_noodp":false,"robots_notranslate":false,"robots_max_snippet":null,"robots_max_videopreview":null,"robots_max_imagepreview":"large","priority":null,"frequency":null,"local_seo":null,"seo_analyzer_scan_date":"2025-10-09 02:32:52","breadcrumb_settings":null,"limit_modified_date":false,"open_ai":null,"ai":null,"created":"2024-01-10 00:22:03","updated":"2025-10-09 02:32:52"},"aioseo_breadcrumb":"<div class=\"aioseo-breadcrumbs\"><span class=\"aioseo-breadcrumb\">\n\t<a href=\"https:\/\/www.losangelesemploymentattorney.org\/es\" title=\"Home\">Home<\/a>\n<\/span><span class=\"aioseo-breadcrumb-separator\">&raquo;<\/span><span class=\"aioseo-breadcrumb\">\n\tRadiologist \u2013 MRI Center\/MRI Tech \u2013 Imaging Center \u2013 Wrongful Termination\n<\/span><\/div>","aioseo_breadcrumb_json":[{"label":"Home","link":"https:\/\/www.losangelesemploymentattorney.org\/es"},{"label":"Radiologist \u2013 MRI Center\/MRI Tech &#8211; Imaging Center \u2013 Wrongful Termination","link":"https:\/\/www.losangelesemploymentattorney.org\/es\/radiologist-mri-center-mri-tech-imaging-center-wrongful-termination\/"}],"_links":{"self":[{"href":"https:\/\/www.losangelesemploymentattorney.org\/es\/wp-json\/wp\/v2\/pages\/11851","targetHints":{"allow":["GET"]}}],"collection":[{"href":"https:\/\/www.losangelesemploymentattorney.org\/es\/wp-json\/wp\/v2\/pages"}],"about":[{"href":"https:\/\/www.losangelesemploymentattorney.org\/es\/wp-json\/wp\/v2\/types\/page"}],"author":[{"embeddable":true,"href":"https:\/\/www.losangelesemploymentattorney.org\/es\/wp-json\/wp\/v2\/users\/10"}],"replies":[{"embeddable":true,"href":"https:\/\/www.losangelesemploymentattorney.org\/es\/wp-json\/wp\/v2\/comments?post=11851"}],"version-history":[{"count":2,"href":"https:\/\/www.losangelesemploymentattorney.org\/es\/wp-json\/wp\/v2\/pages\/11851\/revisions"}],"predecessor-version":[{"id":11854,"href":"https:\/\/www.losangelesemploymentattorney.org\/es\/wp-json\/wp\/v2\/pages\/11851\/revisions\/11854"}],"wp:attachment":[{"href":"https:\/\/www.losangelesemploymentattorney.org\/es\/wp-json\/wp\/v2\/media?parent=11851"}],"curies":[{"name":"wp","href":"https:\/\/api.w.org\/{rel}","templated":true}]}}