{"id":12021,"date":"2022-12-28T19:54:56","date_gmt":"2022-12-28T19:54:56","guid":{"rendered":"https:\/\/www.losangelesemploymentattorney.org\/?page_id=12021"},"modified":"2025-12-12T17:45:43","modified_gmt":"2025-12-12T17:45:43","slug":"abogado-de-despido-injustificado-de-la-tienda-tj-maxx-2","status":"publish","type":"page","link":"https:\/\/www.losangelesemploymentattorney.org\/es\/tj-maxx-store-wrongful-termination-attorney\/","title":{"rendered":"Abogado de despido injustificado de la tienda TJ Maxx"},"content":{"rendered":"<p><a href=\"tel:888-694-7132\"><img loading=\"lazy\" decoding=\"async\" class=\"wp-image-12022 aligncenter\" src=\"https:\/\/www.losangelesemploymentattorney.org\/wp-content\/uploads\/2022\/12\/TJ-Maxx-Store-Wrongful-Termination-Attorney-lawyer-sue-lawsuit-compensation-unfair-300x151.jpg\" alt=\"El abogado de TJ Maxx Store por despido injustificado demanda una compensaci\u00f3n injusta\" width=\"841\" height=\"423\" srcset=\"https:\/\/www.losangelesemploymentattorney.org\/wp-content\/uploads\/2022\/12\/TJ-Maxx-Store-Wrongful-Termination-Attorney-lawyer-sue-lawsuit-compensation-unfair-300x151.jpg 300w, https:\/\/www.losangelesemploymentattorney.org\/wp-content\/uploads\/2022\/12\/TJ-Maxx-Store-Wrongful-Termination-Attorney-lawyer-sue-lawsuit-compensation-unfair-1024x515.jpg 1024w, https:\/\/www.losangelesemploymentattorney.org\/wp-content\/uploads\/2022\/12\/TJ-Maxx-Store-Wrongful-Termination-Attorney-lawyer-sue-lawsuit-compensation-unfair-1140x573.jpg 1140w, https:\/\/www.losangelesemploymentattorney.org\/wp-content\/uploads\/2022\/12\/TJ-Maxx-Store-Wrongful-Termination-Attorney-lawyer-sue-lawsuit-compensation-unfair-555x279.jpg 555w, https:\/\/www.losangelesemploymentattorney.org\/wp-content\/uploads\/2022\/12\/TJ-Maxx-Store-Wrongful-Termination-Attorney-lawyer-sue-lawsuit-compensation-unfair-360x181.jpg 360w, https:\/\/www.losangelesemploymentattorney.org\/wp-content\/uploads\/2022\/12\/TJ-Maxx-Store-Wrongful-Termination-Attorney-lawyer-sue-lawsuit-compensation-unfair-262x132.jpg 262w\" sizes=\"auto, (max-width: 841px) 100vw, 841px\" \/><\/a><br \/>\nCalifornia es uno de los muchos estados de Estados Unidos que operan bajo el principio de empleo &quot;a voluntad&quot;. Esto significa que tanto el empleador como el empleado tienen derecho a rescindir su contrato en cualquier momento y por cualquier motivo. Por un lado, esto puede resultar \u00fatil para un empleado que no est\u00e1 satisfecho con su trabajo o que encuentra una mejor oportunidad. La desventaja es que los trabajadores pueden ser despedidos sin previo aviso, incluso si no est\u00e1n causando ning\u00fan problema en el lugar de trabajo. Sin embargo, existen leyes para proteger a los trabajadores bajo ciertas condiciones, lo que significa que el empleador debe garantizar que el despido sea legal.<\/p>\n<p>Los despidos injustificados son especialmente comunes en entornos minoristas y TJ Maxx no es una excepci\u00f3n a esta regla. Esta cadena de tiendas sin marca propiedad de TJX Companies es uno de los destinos de compras m\u00e1s populares de California. Desafortunadamente, los trabajadores en estos lugares a menudo son despedidos por razones que violan la ley de California o las leyes antidiscriminatorias del gobierno federal. Si fue despedido injustamente mientras trabajaba para TJ Maxx, t\u00f3mese un tiempo para hablar con uno de nuestros abogados. Puede ser elegible para presentar una demanda contra la tienda, pero el proceso legal puede ser muy desafiante en estos casos. Nuestro bufete de abogados est\u00e1 aqu\u00ed para luchar por usted y la compensaci\u00f3n que merece, as\u00ed que cont\u00e1ctenos de inmediato para una evaluaci\u00f3n gratuita de su caso.<\/p>\n<h2>\u00bfQu\u00e9 significa ser despedido injustificadamente?<\/h2>\n<p>Muchas personas se sienten confundidas por lo que significa ser despedido injustamente en un estado a voluntad, donde los contratos de trabajo pueden rescindirse en cualquier momento. B\u00e1sicamente, tendr\u00eda que demostrar que fue despedido por un motivo ilegal, seg\u00fan la Ley de Vivienda y Empleo Justo de California o la Comisi\u00f3n de Igualdad de Oportunidades en el Empleo de EE. UU. Hay muchos tipos de despido injustificado que se rigen por estas leyes, pero los casos m\u00e1s comunes involucran:<\/p>\n<ul>\n<li>Discriminaci\u00f3n por edad, raza, orientaci\u00f3n sexual, g\u00e9nero\/identidad de g\u00e9nero, etnia o religi\u00f3n de alguien.<\/li>\n<li>Discriminaci\u00f3n contra personas discapacitadas<\/li>\n<li>Discriminaci\u00f3n por embarazo en el trabajo<\/li>\n<li>Discriminaci\u00f3n contra las trabajadoras que amamantan<\/li>\n<li>Terminaci\u00f3n basada en el estado de la v\u00edctima como v\u00edctima de agresi\u00f3n sexual o violencia dom\u00e9stica.<\/li>\n<li>Estatus militar\/veterano<\/li>\n<li>Creencias\/actividades pol\u00edticas<\/li>\n<li>Situaci\u00f3n como paciente de SIDA o VIH<\/li>\n<li>Despido por ser denunciante<\/li>\n<li>Despedido por quejas sobre salarios y horarios.<\/li>\n<li>Quejas sobre pr\u00e1cticas laborales inseguras.<\/li>\n<li>Despido constructivo, es decir, cuando las condiciones de trabajo se han vuelto intolerables hasta el punto de verse obligado a renunciar.<\/li>\n<\/ul>\n<p>Nuevamente, esta no es una lista completa de todas las condiciones que ameritan un caso de despido injustificado. Para confirmar si tiene motivos para emprender una acci\u00f3n legal, programe una revisi\u00f3n gratuita de su caso con un abogado de despido injustificado de la tienda TJ MAXX.<\/p>\n<h2>\u00bfQu\u00e9 pasa si me degradaron o suspendieron? \u00bfPuedo demandar a mi empleador?<\/h2>\n<p>La mayor\u00eda de los empleadores conocen las leyes relativas a los despidos legales y, como resultado, intentan encontrar lagunas jur\u00eddicas suspendiendo o degradando al empleado. B\u00e1sicamente, esta es una forma de castigar al trabajador sin violar las leyes de despido injustificado. Si es v\u00edctima de un trato injusto en el trabajo, es posible que tenga derecho a una compensaci\u00f3n por parte de su empleador. Sin embargo, estos casos no son tan claros como los despidos injustificados, por lo que es m\u00e1s dif\u00edcil ganarlos. Antes de hacer cualquier otra cosa, aseg\u00farese de hablar con un abogado especializado en violaciones de las leyes laborales, quien podr\u00e1 informarle sobre sus derechos y opciones legales.<\/p>\n<h2>Valor promedio de una demanda por despido injustificado<\/h2>\n<p>&quot;\u00bfCu\u00e1l es el valor promedio de un caso de reclamo por despido injustificado?&quot; es una pregunta que hemos recibido innumerables veces aqu\u00ed en nuestro bufete de abogados. La verdad es que las p\u00e9rdidas de cada reclamante son espec\u00edficas de su propia situaci\u00f3n laboral, por lo que no hay forma de obtener un valor promedio para cada caso de despido injustificado. Si tuvi\u00e9ramos que dar un rango de liquidaci\u00f3n, dir\u00edamos que estos casos valen entre $5.000 y $100.000, dependiendo de la indemnizaci\u00f3n a la que tenga derecho. Los posibles da\u00f1os en una demanda por despido injustificado incluyen:<\/p>\n<ul>\n<li>Pagos atrasados y pagos anticipados, es decir, salarios perdidos<\/li>\n<li>Reembolso por beneficios perdidos, como tiempo libre remunerado, seguro m\u00e9dico y plan de participaci\u00f3n en las ganancias.<\/li>\n<li>Dolor y sufrimiento<\/li>\n<li>Gastos m\u00e9dicos por condiciones derivadas del despido injustificado o costos de bolsillo debido a p\u00e9rdida\/cambios en el seguro m\u00e9dico<\/li>\n<li>P\u00e9rdida o da\u00f1o a su reputaci\u00f3n profesional.<\/li>\n<li>Honorarios legales<\/li>\n<li>Da\u00f1os punitivos si la conducta del empleador fue especialmente escandalosa\/da\u00f1ina.<\/li>\n<\/ul>\n<p>Su acuerdo se compone de da\u00f1os econ\u00f3micos y no econ\u00f3micos. Los da\u00f1os econ\u00f3micos, como la p\u00e9rdida de ingresos y las facturas m\u00e9dicas, son p\u00e9rdidas tangibles que son relativamente f\u00e1ciles de calcular. Pero las p\u00e9rdidas no econ\u00f3micas, como el dolor y el sufrimiento, se basan en el da\u00f1o emocional que ha sufrido debido a su despido injustificado. Fijar un valor en d\u00f3lares a los da\u00f1os no econ\u00f3micos es un proceso desafiante, pero nuestros abogados est\u00e1n aqu\u00ed para guiarlo en cada paso del camino. Cont\u00e1ctenos para conversar sobre el valor de su demanda por despido injustificado contra TJ Maxx.<\/p>\n<h2>\u00bfCu\u00e1nto tiempo tengo para demandar a TJ Maxx por despido injustificado?<\/h2>\n<p>El estatuto de limitaciones para una queja por despido injustificado en California depende de la infracci\u00f3n estatal o federal involucrada en su caso. Por ejemplo, tendr\u00eda 3 a\u00f1os para presentar su demanda si su despido fue una violaci\u00f3n directa de FEHA o la Ley de Vivienda y Empleo Justo de California. Sin embargo, es posible que solo tenga 2 a\u00f1os para emprender acciones legales si su caso es una violaci\u00f3n de pol\u00edtica p\u00fablica o incumplimiento de contrato. No se preocupe si estos t\u00e9rminos le confunden, uno de nuestros abogados puede explicarle durante una consulta privada. Independientemente de cu\u00e1nto tiempo tenga para presentar un caso de despido injustificado, lo importante es buscar asesoramiento legal de un abogado laboral con experiencia.<\/p>\n<h2>Cronograma para resolver una demanda por despido injustificado<\/h2>\n<p>No hay dos casos de disputas laborales iguales y, teniendo eso en cuenta, no tenemos forma de predecir cu\u00e1nto tiempo llevar\u00e1 resolver su reclamo. Algunos de nuestros casos se resuelven en unas pocas semanas, mientras que otros tardan entre 6 meses y un a\u00f1o. Con suerte, podremos resolver su caso mediante una audiencia con la agencia estatal o federal correspondiente. De lo contrario, una demanda puede ser la \u00fanica opci\u00f3n para obtener el acuerdo que se merece. En ese momento, resolver su demanda por despido injustificado de TJ Maxx puede llevar varios a\u00f1os.<\/p>\n<h2>Hable con un abogado especializado en violaciones de las leyes laborales de California<\/h2>\n<p>Si lo despidieron injustamente de su trabajo en TJ Maxx, es esencial que un abogado con experiencia en derecho laboral le informe sobre sus derechos legales. Sabemos lo dif\u00edcil que es para los trabajadores del comercio minorista, que a menudo est\u00e1n infravalorados y las grandes corporaciones se aprovechan de ellos. Nuestros abogados est\u00e1n aqu\u00ed para representarlo y ayudarlo a tener \u00e9xito en un reclamo de compensaci\u00f3n como empleado despedido injustificadamente.<\/p>\n<p>En este momento, tiene muchas preocupaciones con las que lidiar, incluido c\u00f3mo la p\u00e9rdida de su empleo afectar\u00e1 sus finanzas. Aumentar sus cargas es lo \u00faltimo que queremos hacer, por eso operamos con una garant\u00eda de tarifa cero. Usted no nos paga nada para luchar por sus da\u00f1os, ya que le facturamos a TJ Maxx el costo de representarlo. Nos pagan al mismo tiempo que usted recibe su liquidaci\u00f3n. Si no ganamos su caso, no nos debe nada ya que no nos pagan si a usted no le pagan.<\/p>\n<p>Nuestra garant\u00eda de tarifa cero tambi\u00e9n est\u00e1 disponible para los reclamantes que se encuentran en medio de un caso de despido injustificado. Si tiene un reclamo activo, pero no est\u00e1 satisfecho con el servicio de su bufete de abogados actual, vis\u00edtenos para obtener una segunda opini\u00f3n gratuita. No hay presi\u00f3n para cambiar de abogado, ya que nuestro principal objetivo es ofrecerle soluciones que puedan resultarle \u00fatiles. Sin embargo, si decide transferirnos su caso, no habr\u00e1 ning\u00fan costo inicial para contratar a uno de nuestros abogados.<\/p>\n<p>Si est\u00e1 interesado en iniciar un reclamo o continuar su demanda con nosotros, ll\u00e1menos lo antes posible.<\/p>","protected":false},"excerpt":{"rendered":"<p>California es uno de los muchos estados de Estados Unidos que operan bajo el principio de empleo &quot;a voluntad&quot;. Esto significa que tanto el empleador como el empleado tienen derecho a rescindir su contrato en cualquier momento y por cualquier motivo. Por un lado, esto puede resultar \u00fatil para un empleado que no est\u00e1 contento con...<\/p>","protected":false},"author":10,"featured_media":0,"parent":0,"menu_order":0,"comment_status":"closed","ping_status":"closed","template":"","meta":{"om_disable_all_campaigns":false,"_monsterinsights_skip_tracking":false,"_monsterinsights_sitenote_active":false,"_monsterinsights_sitenote_note":"","_monsterinsights_sitenote_category":0,"footnotes":""},"class_list":["post-12021","page","type-page","status-publish"],"aioseo_notices":[],"aioseo_head":"\n\t\t<!-- All in One SEO Pro 4.9.6.2 - aioseo.com -->\n\t<meta name=\"description\" content=\"California is one of the many states throughout the U.S. that operate under the principle of \u201cat-will\u201d employment. This means that either the employer or the employee has a right to end their contract at any time, for any reason. On the one hand, this can be helpful to an employee that is unhappy at\" \/>\n\t<meta name=\"robots\" content=\"max-image-preview:large\" \/>\n\t<link rel=\"canonical\" href=\"https:\/\/www.losangelesemploymentattorney.org\/es\/tj-maxx-store-wrongful-termination-attorney\/\" \/>\n\t<meta name=\"generator\" content=\"All in One SEO Pro (AIOSEO) 4.9.6.2\" \/>\n\t\t<meta property=\"og:locale\" content=\"es_MX\" \/>\n\t\t<meta property=\"og:site_name\" content=\"California Labor Law Employment Attorneys Group -\" \/>\n\t\t<meta property=\"og:type\" content=\"article\" \/>\n\t\t<meta property=\"og:title\" content=\"TJ Maxx Store Wrongful Termination Attorney - California Labor Law Employment Attorneys Group\" \/>\n\t\t<meta property=\"og:description\" content=\"California is one of the many states throughout the U.S. that operate under the principle of \u201cat-will\u201d employment. This means that either the employer or the employee has a right to end their contract at any time, for any reason. On the one hand, this can be helpful to an employee that is unhappy at\" \/>\n\t\t<meta property=\"og:url\" content=\"https:\/\/www.losangelesemploymentattorney.org\/es\/tj-maxx-store-wrongful-termination-attorney\/\" \/>\n\t\t<meta property=\"article:published_time\" content=\"2022-12-28T19:54:56+00:00\" \/>\n\t\t<meta property=\"article:modified_time\" content=\"2025-12-12T17:45:43+00:00\" \/>\n\t\t<meta name=\"twitter:card\" content=\"summary_large_image\" \/>\n\t\t<meta name=\"twitter:title\" content=\"TJ Maxx Store Wrongful Termination Attorney - California Labor Law Employment Attorneys Group\" \/>\n\t\t<meta name=\"twitter:description\" content=\"California is one of the many states throughout the U.S. that operate under the principle of \u201cat-will\u201d employment. This means that either the employer or the employee has a right to end their contract at any time, for any reason. On the one hand, this can be helpful to an employee that is unhappy at\" \/>\n\t\t<script type=\"application\/ld+json\" class=\"aioseo-schema\">\n\t\t\t{\"@context\":\"https:\\\/\\\/schema.org\",\"@graph\":[{\"@type\":\"BreadcrumbList\",\"@id\":\"https:\\\/\\\/www.losangelesemploymentattorney.org\\\/es\\\/tj-maxx-store-wrongful-termination-attorney\\\/#breadcrumblist\",\"itemListElement\":[{\"@type\":\"ListItem\",\"@id\":\"https:\\\/\\\/www.losangelesemploymentattorney.org\\\/es#listItem\",\"position\":1,\"name\":\"Home\",\"item\":\"https:\\\/\\\/www.losangelesemploymentattorney.org\\\/es\",\"nextItem\":{\"@type\":\"ListItem\",\"@id\":\"https:\\\/\\\/www.losangelesemploymentattorney.org\\\/es\\\/tj-maxx-store-wrongful-termination-attorney\\\/#listItem\",\"name\":\"TJ Maxx Store Wrongful Termination Attorney\"}},{\"@type\":\"ListItem\",\"@id\":\"https:\\\/\\\/www.losangelesemploymentattorney.org\\\/es\\\/tj-maxx-store-wrongful-termination-attorney\\\/#listItem\",\"position\":2,\"name\":\"TJ Maxx Store Wrongful Termination Attorney\",\"previousItem\":{\"@type\":\"ListItem\",\"@id\":\"https:\\\/\\\/www.losangelesemploymentattorney.org\\\/es#listItem\",\"name\":\"Home\"}}]},{\"@type\":\"Organization\",\"@id\":\"https:\\\/\\\/www.losangelesemploymentattorney.org\\\/es\\\/#organization\",\"name\":\"California Labor Law Employment Attorneys Group\",\"url\":\"https:\\\/\\\/www.losangelesemploymentattorney.org\\\/es\\\/\",\"email\":\"info@losangelesemploymentattorney.org\",\"telephone\":\"+18884518915\",\"numberOfEmployees\":{\"@type\":\"QuantitativeValue\",\"value\":400},\"logo\":{\"@type\":\"ImageObject\",\"url\":\"https:\\\/\\\/www.losangelesemploymentattorney.org\\\/wp-content\\\/uploads\\\/2021\\\/12\\\/clleaglogoss-01.png\",\"@id\":\"https:\\\/\\\/www.losangelesemploymentattorney.org\\\/es\\\/tj-maxx-store-wrongful-termination-attorney\\\/#organizationLogo\",\"width\":854,\"height\":261},\"image\":{\"@id\":\"https:\\\/\\\/www.losangelesemploymentattorney.org\\\/es\\\/tj-maxx-store-wrongful-termination-attorney\\\/#organizationLogo\"},\"address\":{\"@id\":\"https:\\\/\\\/www.losangelesemploymentattorney.org\\\/es\\\/#postaladdress\",\"@type\":\"PostalAddress\",\"streetAddress\":\"612 S Broadway, Suite 600\",\"postalCode\":\"90014\",\"addressLocality\":\"Los Angeles\",\"addressRegion\":\"California\",\"addressCountry\":\"US\"}},{\"@type\":\"WebPage\",\"@id\":\"https:\\\/\\\/www.losangelesemploymentattorney.org\\\/es\\\/tj-maxx-store-wrongful-termination-attorney\\\/#webpage\",\"url\":\"https:\\\/\\\/www.losangelesemploymentattorney.org\\\/es\\\/tj-maxx-store-wrongful-termination-attorney\\\/\",\"name\":\"TJ Maxx Store Wrongful Termination Attorney - California Labor Law Employment Attorneys Group\",\"description\":\"California is one of the many states throughout the U.S. that operate under the principle of \\u201cat-will\\u201d employment. This means that either the employer or the employee has a right to end their contract at any time, for any reason. On the one hand, this can be helpful to an employee that is unhappy at\",\"inLanguage\":\"es-MX\",\"isPartOf\":{\"@id\":\"https:\\\/\\\/www.losangelesemploymentattorney.org\\\/es\\\/#website\"},\"breadcrumb\":{\"@id\":\"https:\\\/\\\/www.losangelesemploymentattorney.org\\\/es\\\/tj-maxx-store-wrongful-termination-attorney\\\/#breadcrumblist\"},\"datePublished\":\"2022-12-28T19:54:56+00:00\",\"dateModified\":\"2025-12-12T17:45:43+00:00\"},{\"@type\":\"WebSite\",\"@id\":\"https:\\\/\\\/www.losangelesemploymentattorney.org\\\/es\\\/#website\",\"url\":\"https:\\\/\\\/www.losangelesemploymentattorney.org\\\/es\\\/\",\"name\":\"California Labor Law Employment Attorneys Group\",\"inLanguage\":\"es-MX\",\"publisher\":{\"@id\":\"https:\\\/\\\/www.losangelesemploymentattorney.org\\\/es\\\/#organization\"}}]}\n\t\t<\/script>\n\t\t<!-- All in One SEO Pro -->\r\n\t\t<title>TJ Maxx Store Wrongful Termination Attorney - California Labor Law Employment Attorneys Group<\/title>\n\n","aioseo_head_json":{"title":"Abogado de despido injustificado de la tienda TJ Maxx - Grupo de abogados de empleo en derecho laboral de California","description":"California es uno de los muchos estados de Estados Unidos que operan bajo el principio de empleo &quot;a voluntad&quot;. Esto significa que tanto el empleador como el empleado tienen derecho a rescindir su contrato en cualquier momento y por cualquier motivo. Por un lado, esto puede resultar \u00fatil para un empleado que no est\u00e1 contento con","canonical_url":"https:\/\/www.losangelesemploymentattorney.org\/es\/tj-maxx-store-wrongful-termination-attorney\/","robots":"max-image-preview:large","keywords":"","webmasterTools":{"miscellaneous":""},"schema":{"@context":"https:\/\/schema.org","@graph":[{"@type":"BreadcrumbList","@id":"https:\/\/www.losangelesemploymentattorney.org\/es\/tj-maxx-store-wrongful-termination-attorney\/#breadcrumblist","itemListElement":[{"@type":"ListItem","@id":"https:\/\/www.losangelesemploymentattorney.org\/es#listItem","position":1,"name":"Home","item":"https:\/\/www.losangelesemploymentattorney.org\/es","nextItem":{"@type":"ListItem","@id":"https:\/\/www.losangelesemploymentattorney.org\/es\/tj-maxx-store-wrongful-termination-attorney\/#listItem","name":"TJ Maxx Store Wrongful Termination Attorney"}},{"@type":"ListItem","@id":"https:\/\/www.losangelesemploymentattorney.org\/es\/tj-maxx-store-wrongful-termination-attorney\/#listItem","position":2,"name":"TJ Maxx Store Wrongful Termination Attorney","previousItem":{"@type":"ListItem","@id":"https:\/\/www.losangelesemploymentattorney.org\/es#listItem","name":"Home"}}]},{"@type":"Organization","@id":"https:\/\/www.losangelesemploymentattorney.org\/es\/#organization","name":"California Labor Law Employment Attorneys Group","url":"https:\/\/www.losangelesemploymentattorney.org\/es\/","email":"info@losangelesemploymentattorney.org","telephone":"+18884518915","numberOfEmployees":{"@type":"QuantitativeValue","value":400},"logo":{"@type":"ImageObject","url":"https:\/\/www.losangelesemploymentattorney.org\/wp-content\/uploads\/2021\/12\/clleaglogoss-01.png","@id":"https:\/\/www.losangelesemploymentattorney.org\/es\/tj-maxx-store-wrongful-termination-attorney\/#organizationLogo","width":854,"height":261},"image":{"@id":"https:\/\/www.losangelesemploymentattorney.org\/es\/tj-maxx-store-wrongful-termination-attorney\/#organizationLogo"},"address":{"@id":"https:\/\/www.losangelesemploymentattorney.org\/es\/#postaladdress","@type":"PostalAddress","streetAddress":"612 S Broadway, Suite 600","postalCode":"90014","addressLocality":"Los Angeles","addressRegion":"California","addressCountry":"US"}},{"@type":"WebPage","@id":"https:\/\/www.losangelesemploymentattorney.org\/es\/tj-maxx-store-wrongful-termination-attorney\/#webpage","url":"https:\/\/www.losangelesemploymentattorney.org\/es\/tj-maxx-store-wrongful-termination-attorney\/","name":"TJ Maxx Store Wrongful Termination Attorney - California Labor Law Employment Attorneys Group","description":"California is one of the many states throughout the U.S. that operate under the principle of \u201cat-will\u201d employment. This means that either the employer or the employee has a right to end their contract at any time, for any reason. On the one hand, this can be helpful to an employee that is unhappy at","inLanguage":"es-MX","isPartOf":{"@id":"https:\/\/www.losangelesemploymentattorney.org\/es\/#website"},"breadcrumb":{"@id":"https:\/\/www.losangelesemploymentattorney.org\/es\/tj-maxx-store-wrongful-termination-attorney\/#breadcrumblist"},"datePublished":"2022-12-28T19:54:56+00:00","dateModified":"2025-12-12T17:45:43+00:00"},{"@type":"WebSite","@id":"https:\/\/www.losangelesemploymentattorney.org\/es\/#website","url":"https:\/\/www.losangelesemploymentattorney.org\/es\/","name":"California Labor Law Employment Attorneys Group","inLanguage":"es-MX","publisher":{"@id":"https:\/\/www.losangelesemploymentattorney.org\/es\/#organization"}}]},"og:locale":"es_MX","og:site_name":"California Labor Law Employment Attorneys Group -","og:type":"article","og:title":"TJ Maxx Store Wrongful Termination Attorney - California Labor Law Employment Attorneys Group","og:description":"California is one of the many states throughout the U.S. that operate under the principle of \u201cat-will\u201d employment. This means that either the employer or the employee has a right to end their contract at any time, for any reason. On the one hand, this can be helpful to an employee that is unhappy at","og:url":"https:\/\/www.losangelesemploymentattorney.org\/es\/tj-maxx-store-wrongful-termination-attorney\/","article:published_time":"2022-12-28T19:54:56+00:00","article:modified_time":"2025-12-12T17:45:43+00:00","twitter:card":"summary_large_image","twitter:title":"TJ Maxx Store Wrongful Termination Attorney - California Labor Law Employment Attorneys Group","twitter:description":"California is one of the many states throughout the U.S. that operate under the principle of \u201cat-will\u201d employment. This means that either the employer or the employee has a right to end their contract at any time, for any reason. On the one hand, this can be helpful to an employee that is unhappy at"},"aioseo_meta_data":{"post_id":"12021","title":null,"description":null,"keywords":null,"keyphrases":{"focus":{"keyphrase":"","score":0,"analysis":{"keyphraseInTitle":{"score":0,"maxScore":9,"error":1}}},"additional":[]},"primary_term":null,"canonical_url":null,"og_title":null,"og_description":null,"og_object_type":"default","og_image_type":"default","og_image_url":null,"og_image_width":null,"og_image_height":null,"og_image_custom_url":null,"og_image_custom_fields":null,"og_video":"","og_custom_url":null,"og_article_section":null,"og_article_tags":null,"twitter_use_og":false,"twitter_card":"default","twitter_image_type":"default","twitter_image_url":null,"twitter_image_custom_url":null,"twitter_image_custom_fields":null,"twitter_title":null,"twitter_description":null,"schema":{"blockGraphs":[],"customGraphs":[],"default":{"data":{"Article":[],"Course":[],"Dataset":[],"FAQPage":[],"Movie":[],"Person":[],"Product":[],"ProductReview":[],"Car":[],"Recipe":[],"Service":[],"SoftwareApplication":[],"WebPage":[]},"graphName":"WebPage","isEnabled":true},"graphs":[]},"schema_type":"default","schema_type_options":null,"pillar_content":false,"robots_default":true,"robots_noindex":false,"robots_noarchive":false,"robots_nosnippet":false,"robots_nofollow":false,"robots_noimageindex":false,"robots_noodp":false,"robots_notranslate":false,"robots_max_snippet":"-1","robots_max_videopreview":"-1","robots_max_imagepreview":"large","priority":null,"frequency":"default","local_seo":null,"seo_analyzer_scan_date":"2025-12-12 17:54:11","breadcrumb_settings":null,"limit_modified_date":false,"open_ai":null,"ai":{"faqs":[],"keyPoints":[],"titles":[],"descriptions":[],"socialPosts":{"email":[],"linkedin":[],"twitter":[],"facebook":[],"instagram":[]}},"created":"2024-01-10 00:22:04","updated":"2025-12-12 17:54:11"},"aioseo_breadcrumb":"<div class=\"aioseo-breadcrumbs\"><span class=\"aioseo-breadcrumb\">\n\t<a href=\"https:\/\/www.losangelesemploymentattorney.org\/es\" title=\"Home\">Home<\/a>\n<\/span><span class=\"aioseo-breadcrumb-separator\">&raquo;<\/span><span class=\"aioseo-breadcrumb\">\n\tTJ Maxx Store Wrongful Termination Attorney\n<\/span><\/div>","aioseo_breadcrumb_json":[{"label":"Home","link":"https:\/\/www.losangelesemploymentattorney.org\/es"},{"label":"TJ Maxx Store Wrongful Termination Attorney","link":"https:\/\/www.losangelesemploymentattorney.org\/es\/tj-maxx-store-wrongful-termination-attorney\/"}],"_links":{"self":[{"href":"https:\/\/www.losangelesemploymentattorney.org\/es\/wp-json\/wp\/v2\/pages\/12021","targetHints":{"allow":["GET"]}}],"collection":[{"href":"https:\/\/www.losangelesemploymentattorney.org\/es\/wp-json\/wp\/v2\/pages"}],"about":[{"href":"https:\/\/www.losangelesemploymentattorney.org\/es\/wp-json\/wp\/v2\/types\/page"}],"author":[{"embeddable":true,"href":"https:\/\/www.losangelesemploymentattorney.org\/es\/wp-json\/wp\/v2\/users\/10"}],"replies":[{"embeddable":true,"href":"https:\/\/www.losangelesemploymentattorney.org\/es\/wp-json\/wp\/v2\/comments?post=12021"}],"version-history":[{"count":5,"href":"https:\/\/www.losangelesemploymentattorney.org\/es\/wp-json\/wp\/v2\/pages\/12021\/revisions"}],"predecessor-version":[{"id":14089,"href":"https:\/\/www.losangelesemploymentattorney.org\/es\/wp-json\/wp\/v2\/pages\/12021\/revisions\/14089"}],"wp:attachment":[{"href":"https:\/\/www.losangelesemploymentattorney.org\/es\/wp-json\/wp\/v2\/media?parent=12021"}],"curies":[{"name":"wp","href":"https:\/\/api.w.org\/{rel}","templated":true}]}}