{"id":12643,"date":"2024-05-20T19:42:23","date_gmt":"2024-05-20T19:42:23","guid":{"rendered":"https:\/\/www.losangelesemploymentattorney.org\/?page_id=12643"},"modified":"2024-05-20T19:42:23","modified_gmt":"2024-05-20T19:42:23","slug":"stephen-duron-esq","status":"publish","type":"page","link":"https:\/\/www.losangelesemploymentattorney.org\/es\/stephen-duron-esq\/","title":{"rendered":"Stephen Dur\u00f3n, Esq."},"content":{"rendered":"<div class=\"container\">\n<div class=\"bio-image\">\n<p><img loading=\"lazy\" decoding=\"async\" src=\"https:\/\/www.losangelesemploymentattorney.org\/wp-content\/uploads\/2024\/05\/FLP_4781F-1-240x300.jpg\" alt=\"Stephen Dur\u00f3n, Esq.\" width=\"240\" height=\"300\" class=\"alignnone size-medium wp-image-12601\" srcset=\"https:\/\/www.losangelesemploymentattorney.org\/wp-content\/uploads\/2024\/05\/FLP_4781F-1-240x300.jpg 240w, https:\/\/www.losangelesemploymentattorney.org\/wp-content\/uploads\/2024\/05\/FLP_4781F-1-819x1024.jpg 819w, https:\/\/www.losangelesemploymentattorney.org\/wp-content\/uploads\/2024\/05\/FLP_4781F-1-1229x1536.jpg 1229w, https:\/\/www.losangelesemploymentattorney.org\/wp-content\/uploads\/2024\/05\/FLP_4781F-1-1638x2048.jpg 1638w, https:\/\/www.losangelesemploymentattorney.org\/wp-content\/uploads\/2024\/05\/FLP_4781F-1-10x12.jpg 10w, https:\/\/www.losangelesemploymentattorney.org\/wp-content\/uploads\/2024\/05\/FLP_4781F-1-1140x1425.jpg 1140w, https:\/\/www.losangelesemploymentattorney.org\/wp-content\/uploads\/2024\/05\/FLP_4781F-1-555x694.jpg 555w, https:\/\/www.losangelesemploymentattorney.org\/wp-content\/uploads\/2024\/05\/FLP_4781F-1-360x450.jpg 360w, https:\/\/www.losangelesemploymentattorney.org\/wp-content\/uploads\/2024\/05\/FLP_4781F-1-262x328.jpg 262w, https:\/\/www.losangelesemploymentattorney.org\/wp-content\/uploads\/2024\/05\/FLP_4781F-1-scaled.jpg 2048w\" sizes=\"auto, (max-width: 240px) 100vw, 240px\" \/><\/p>\n<\/div>\n<div class=\"bio-info\">\n<h1>Stephen Dur\u00f3n, Esq.<\/h1>\n<p>Stephen Dur\u00f3n, Esq. es un abogado experimentado en derecho laboral que ha ejercido la abogac\u00eda desde 2009,<br \/>\nRecientemente se uni\u00f3 a DTLA Law Group, LLP. Stephen ha centrado su pr\u00e1ctica jur\u00eddica en el lado del demandante.<br \/>\nEl derecho laboral importa desde 2015. Se uni\u00f3 a DTLA Law Group despu\u00e9s de abrir su propia ley.<br \/>\nfirma en 2021. La experiencia en litigios de Stephen incluye despido injustificado, empleador<br \/>\ndiscriminaci\u00f3n, acoso, represalias, incluidas reclamaciones de denunciantes, salarios y horarios, PAGA<br \/>\ny demandas colectivas. Stephen es un abogado litigante experimentado con quince juicios con jurado como l\u00edder.<br \/>\nconsejo.<\/p>\n<p>La reputaci\u00f3n de Stephen como un excelente abogado y defensor del cliente que lucha incansablemente por su<br \/>\nclientes para garantizar que reciban la protecci\u00f3n de los empleados prevista por la ley, se expande a todas las regiones de<br \/>\nCalifornia. Ha representado a clientes desde el condado de San Diego hasta el norte hasta el condado de Trinity.<br \/>\nen la frontera entre California y Oregon.\n<\/p><\/div>\n<\/div>","protected":false},"excerpt":{"rendered":"<p>Stephen Dur\u00f3n, Esq. Stephen Dur\u00f3n, Esq. es un abogado experimentado en derecho laboral que ha ejercido la abogac\u00eda desde 2009 y recientemente se uni\u00f3 a DTLA Law Group, LLP. Stephen ha centrado su pr\u00e1ctica jur\u00eddica en asuntos de derecho laboral del lado de los demandantes desde 2015. Se uni\u00f3 a DTLA Law Group despu\u00e9s de abrir su propio bufete de abogados en 2021. La experiencia en litigios de Stephen incluye casos il\u00edcitos...<\/p>","protected":false},"author":10,"featured_media":0,"parent":0,"menu_order":0,"comment_status":"closed","ping_status":"closed","template":"","meta":{"om_disable_all_campaigns":false,"_monsterinsights_skip_tracking":false,"_monsterinsights_sitenote_active":false,"_monsterinsights_sitenote_note":"","_monsterinsights_sitenote_category":0,"footnotes":""},"class_list":["post-12643","page","type-page","status-publish"],"aioseo_notices":[],"aioseo_head":"\n\t\t<!-- All in One SEO Pro 4.9.7 - aioseo.com -->\n\t<meta name=\"description\" content=\"Stephen Duron, Esq. Stephen Duron, Esq. is a seasoned employment law attorney who has practiced law since 2009, recently joined DTLA Law Group, LLP. Stephen has focused his law practice on Plaintiff-side employment law matters since 2015. He joined DTLA Law Group after opening his own law firm in 2021. Stephen\u2019s litigation experience includes wrongful\" \/>\n\t<meta name=\"robots\" content=\"max-image-preview:large\" \/>\n\t<link rel=\"canonical\" href=\"https:\/\/www.losangelesemploymentattorney.org\/es\/stephen-duron-esq\/\" \/>\n\t<meta name=\"generator\" content=\"All in One SEO Pro (AIOSEO) 4.9.7\" \/>\n\t\t<meta property=\"og:locale\" content=\"es_MX\" \/>\n\t\t<meta property=\"og:site_name\" content=\"California Labor Law Employment Attorneys Group -\" \/>\n\t\t<meta property=\"og:type\" content=\"article\" \/>\n\t\t<meta property=\"og:title\" content=\"Stephen Duron, Esq. - California Labor Law Employment Attorneys Group\" \/>\n\t\t<meta property=\"og:description\" content=\"Stephen Duron, Esq. Stephen Duron, Esq. is a seasoned employment law attorney who has practiced law since 2009, recently joined DTLA Law Group, LLP. Stephen has focused his law practice on Plaintiff-side employment law matters since 2015. He joined DTLA Law Group after opening his own law firm in 2021. Stephen\u2019s litigation experience includes wrongful\" \/>\n\t\t<meta property=\"og:url\" content=\"https:\/\/www.losangelesemploymentattorney.org\/es\/stephen-duron-esq\/\" \/>\n\t\t<meta property=\"article:published_time\" content=\"2024-05-20T19:42:23+00:00\" \/>\n\t\t<meta property=\"article:modified_time\" content=\"2024-05-20T19:42:23+00:00\" \/>\n\t\t<meta name=\"twitter:card\" content=\"summary_large_image\" \/>\n\t\t<meta name=\"twitter:title\" content=\"Stephen Duron, Esq. - California Labor Law Employment Attorneys Group\" \/>\n\t\t<meta name=\"twitter:description\" content=\"Stephen Duron, Esq. Stephen Duron, Esq. is a seasoned employment law attorney who has practiced law since 2009, recently joined DTLA Law Group, LLP. Stephen has focused his law practice on Plaintiff-side employment law matters since 2015. He joined DTLA Law Group after opening his own law firm in 2021. Stephen\u2019s litigation experience includes wrongful\" \/>\n\t\t<script type=\"application\/ld+json\" class=\"aioseo-schema\">\n\t\t\t{\"@context\":\"https:\\\/\\\/schema.org\",\"@graph\":[{\"@type\":\"BreadcrumbList\",\"@id\":\"https:\\\/\\\/www.losangelesemploymentattorney.org\\\/es\\\/stephen-duron-esq\\\/#breadcrumblist\",\"itemListElement\":[{\"@type\":\"ListItem\",\"@id\":\"https:\\\/\\\/www.losangelesemploymentattorney.org\\\/es#listItem\",\"position\":1,\"name\":\"Home\",\"item\":\"https:\\\/\\\/www.losangelesemploymentattorney.org\\\/es\",\"nextItem\":{\"@type\":\"ListItem\",\"@id\":\"https:\\\/\\\/www.losangelesemploymentattorney.org\\\/es\\\/stephen-duron-esq\\\/#listItem\",\"name\":\"Stephen Duron, Esq.\"}},{\"@type\":\"ListItem\",\"@id\":\"https:\\\/\\\/www.losangelesemploymentattorney.org\\\/es\\\/stephen-duron-esq\\\/#listItem\",\"position\":2,\"name\":\"Stephen Duron, Esq.\",\"previousItem\":{\"@type\":\"ListItem\",\"@id\":\"https:\\\/\\\/www.losangelesemploymentattorney.org\\\/es#listItem\",\"name\":\"Home\"}}]},{\"@type\":\"Organization\",\"@id\":\"https:\\\/\\\/www.losangelesemploymentattorney.org\\\/es\\\/#organization\",\"name\":\"California Labor Law Employment Attorneys Group\",\"url\":\"https:\\\/\\\/www.losangelesemploymentattorney.org\\\/es\\\/\",\"email\":\"info@losangelesemploymentattorney.org\",\"telephone\":\"+18884518915\",\"numberOfEmployees\":{\"@type\":\"QuantitativeValue\",\"value\":400},\"logo\":{\"@type\":\"ImageObject\",\"url\":\"https:\\\/\\\/www.losangelesemploymentattorney.org\\\/wp-content\\\/uploads\\\/2021\\\/12\\\/clleaglogoss-01.png\",\"@id\":\"https:\\\/\\\/www.losangelesemploymentattorney.org\\\/es\\\/stephen-duron-esq\\\/#organizationLogo\",\"width\":854,\"height\":261},\"image\":{\"@id\":\"https:\\\/\\\/www.losangelesemploymentattorney.org\\\/es\\\/stephen-duron-esq\\\/#organizationLogo\"},\"address\":{\"@id\":\"https:\\\/\\\/www.losangelesemploymentattorney.org\\\/es\\\/#postaladdress\",\"@type\":\"PostalAddress\",\"streetAddress\":\"612 S Broadway, Suite 600\",\"postalCode\":\"90014\",\"addressLocality\":\"Los Angeles\",\"addressRegion\":\"California\",\"addressCountry\":\"US\"}},{\"@type\":\"WebPage\",\"@id\":\"https:\\\/\\\/www.losangelesemploymentattorney.org\\\/es\\\/stephen-duron-esq\\\/#webpage\",\"url\":\"https:\\\/\\\/www.losangelesemploymentattorney.org\\\/es\\\/stephen-duron-esq\\\/\",\"name\":\"Stephen Duron, Esq. - California Labor Law Employment Attorneys Group\",\"description\":\"Stephen Duron, Esq. Stephen Duron, Esq. is a seasoned employment law attorney who has practiced law since 2009, recently joined DTLA Law Group, LLP. Stephen has focused his law practice on Plaintiff-side employment law matters since 2015. He joined DTLA Law Group after opening his own law firm in 2021. Stephen\\u2019s litigation experience includes wrongful\",\"inLanguage\":\"es-MX\",\"isPartOf\":{\"@id\":\"https:\\\/\\\/www.losangelesemploymentattorney.org\\\/es\\\/#website\"},\"breadcrumb\":{\"@id\":\"https:\\\/\\\/www.losangelesemploymentattorney.org\\\/es\\\/stephen-duron-esq\\\/#breadcrumblist\"},\"datePublished\":\"2024-05-20T19:42:23+00:00\",\"dateModified\":\"2024-05-20T19:42:23+00:00\"},{\"@type\":\"WebSite\",\"@id\":\"https:\\\/\\\/www.losangelesemploymentattorney.org\\\/es\\\/#website\",\"url\":\"https:\\\/\\\/www.losangelesemploymentattorney.org\\\/es\\\/\",\"name\":\"California Labor Law Employment Attorneys Group\",\"inLanguage\":\"es-MX\",\"publisher\":{\"@id\":\"https:\\\/\\\/www.losangelesemploymentattorney.org\\\/es\\\/#organization\"}}]}\n\t\t<\/script>\n\t\t<!-- All in One SEO Pro -->\r\n\t\t<title>Stephen Duron, Esq. - California Labor Law Employment Attorneys Group<\/title>\n\n","aioseo_head_json":{"title":"Stephen Dur\u00f3n, Esq. - Grupo de abogados laborales de derecho laboral de California","description":"Stephen Dur\u00f3n, Esq. Stephen Dur\u00f3n, Esq. es un abogado experimentado en derecho laboral que ha ejercido la abogac\u00eda desde 2009 y recientemente se uni\u00f3 a DTLA Law Group, LLP. Stephen ha centrado su pr\u00e1ctica legal en asuntos de derecho laboral del lado de los demandantes desde 2015. Se uni\u00f3 a DTLA Law Group despu\u00e9s de abrir su propio bufete de abogados en 2021. La experiencia en litigios de Stephen incluye casos il\u00edcitos.","canonical_url":"https:\/\/www.losangelesemploymentattorney.org\/es\/stephen-duron-esq\/","robots":"max-image-preview:large","keywords":"","webmasterTools":{"miscellaneous":""},"schema":{"@context":"https:\/\/schema.org","@graph":[{"@type":"BreadcrumbList","@id":"https:\/\/www.losangelesemploymentattorney.org\/es\/stephen-duron-esq\/#breadcrumblist","itemListElement":[{"@type":"ListItem","@id":"https:\/\/www.losangelesemploymentattorney.org\/es#listItem","position":1,"name":"Home","item":"https:\/\/www.losangelesemploymentattorney.org\/es","nextItem":{"@type":"ListItem","@id":"https:\/\/www.losangelesemploymentattorney.org\/es\/stephen-duron-esq\/#listItem","name":"Stephen Duron, Esq."}},{"@type":"ListItem","@id":"https:\/\/www.losangelesemploymentattorney.org\/es\/stephen-duron-esq\/#listItem","position":2,"name":"Stephen Duron, Esq.","previousItem":{"@type":"ListItem","@id":"https:\/\/www.losangelesemploymentattorney.org\/es#listItem","name":"Home"}}]},{"@type":"Organization","@id":"https:\/\/www.losangelesemploymentattorney.org\/es\/#organization","name":"California Labor Law Employment Attorneys Group","url":"https:\/\/www.losangelesemploymentattorney.org\/es\/","email":"info@losangelesemploymentattorney.org","telephone":"+18884518915","numberOfEmployees":{"@type":"QuantitativeValue","value":400},"logo":{"@type":"ImageObject","url":"https:\/\/www.losangelesemploymentattorney.org\/wp-content\/uploads\/2021\/12\/clleaglogoss-01.png","@id":"https:\/\/www.losangelesemploymentattorney.org\/es\/stephen-duron-esq\/#organizationLogo","width":854,"height":261},"image":{"@id":"https:\/\/www.losangelesemploymentattorney.org\/es\/stephen-duron-esq\/#organizationLogo"},"address":{"@id":"https:\/\/www.losangelesemploymentattorney.org\/es\/#postaladdress","@type":"PostalAddress","streetAddress":"612 S Broadway, Suite 600","postalCode":"90014","addressLocality":"Los Angeles","addressRegion":"California","addressCountry":"US"}},{"@type":"WebPage","@id":"https:\/\/www.losangelesemploymentattorney.org\/es\/stephen-duron-esq\/#webpage","url":"https:\/\/www.losangelesemploymentattorney.org\/es\/stephen-duron-esq\/","name":"Stephen Duron, Esq. - California Labor Law Employment Attorneys Group","description":"Stephen Duron, Esq. Stephen Duron, Esq. is a seasoned employment law attorney who has practiced law since 2009, recently joined DTLA Law Group, LLP. Stephen has focused his law practice on Plaintiff-side employment law matters since 2015. He joined DTLA Law Group after opening his own law firm in 2021. Stephen\u2019s litigation experience includes wrongful","inLanguage":"es-MX","isPartOf":{"@id":"https:\/\/www.losangelesemploymentattorney.org\/es\/#website"},"breadcrumb":{"@id":"https:\/\/www.losangelesemploymentattorney.org\/es\/stephen-duron-esq\/#breadcrumblist"},"datePublished":"2024-05-20T19:42:23+00:00","dateModified":"2024-05-20T19:42:23+00:00"},{"@type":"WebSite","@id":"https:\/\/www.losangelesemploymentattorney.org\/es\/#website","url":"https:\/\/www.losangelesemploymentattorney.org\/es\/","name":"California Labor Law Employment Attorneys Group","inLanguage":"es-MX","publisher":{"@id":"https:\/\/www.losangelesemploymentattorney.org\/es\/#organization"}}]},"og:locale":"es_MX","og:site_name":"California Labor Law Employment Attorneys Group -","og:type":"article","og:title":"Stephen Duron, Esq. - California Labor Law Employment Attorneys Group","og:description":"Stephen Duron, Esq. Stephen Duron, Esq. is a seasoned employment law attorney who has practiced law since 2009, recently joined DTLA Law Group, LLP. Stephen has focused his law practice on Plaintiff-side employment law matters since 2015. He joined DTLA Law Group after opening his own law firm in 2021. Stephen\u2019s litigation experience includes wrongful","og:url":"https:\/\/www.losangelesemploymentattorney.org\/es\/stephen-duron-esq\/","article:published_time":"2024-05-20T19:42:23+00:00","article:modified_time":"2024-05-20T19:42:23+00:00","twitter:card":"summary_large_image","twitter:title":"Stephen Duron, Esq. - California Labor Law Employment Attorneys Group","twitter:description":"Stephen Duron, Esq. Stephen Duron, Esq. is a seasoned employment law attorney who has practiced law since 2009, recently joined DTLA Law Group, LLP. Stephen has focused his law practice on Plaintiff-side employment law matters since 2015. He joined DTLA Law Group after opening his own law firm in 2021. Stephen\u2019s litigation experience includes wrongful"},"aioseo_meta_data":{"post_id":"12643","title":null,"description":null,"keywords":[],"keyphrases":{"focus":{"keyphrase":"","score":0,"analysis":{"keyphraseInTitle":{"score":0,"maxScore":9,"error":1}}},"additional":[]},"primary_term":null,"canonical_url":null,"og_title":null,"og_description":null,"og_object_type":"default","og_image_type":"default","og_image_url":null,"og_image_width":null,"og_image_height":null,"og_image_custom_url":null,"og_image_custom_fields":null,"og_video":"","og_custom_url":null,"og_article_section":null,"og_article_tags":[],"twitter_use_og":false,"twitter_card":"default","twitter_image_type":"default","twitter_image_url":null,"twitter_image_custom_url":null,"twitter_image_custom_fields":null,"twitter_title":null,"twitter_description":null,"schema":{"blockGraphs":[],"customGraphs":[],"default":{"data":{"Article":[],"Course":[],"Dataset":[],"FAQPage":[],"Movie":[],"Person":[],"Product":[],"ProductReview":[],"Car":[],"Recipe":[],"Service":[],"SoftwareApplication":[],"WebPage":[]},"graphName":"WebPage","isEnabled":true},"graphs":[]},"schema_type":"default","schema_type_options":null,"pillar_content":false,"robots_default":true,"robots_noindex":false,"robots_noarchive":false,"robots_nosnippet":false,"robots_nofollow":false,"robots_noimageindex":false,"robots_noodp":false,"robots_notranslate":false,"robots_max_snippet":"-1","robots_max_videopreview":"-1","robots_max_imagepreview":"large","priority":null,"frequency":"default","local_seo":null,"seo_analyzer_scan_date":"2026-05-12 22:44:19","breadcrumb_settings":null,"limit_modified_date":false,"open_ai":"{\"title\":{\"suggestions\":[],\"usage\":0},\"description\":{\"suggestions\":[],\"usage\":0}}","ai":null,"created":"2024-05-20 19:42:23","updated":"2026-05-12 22:44:19"},"aioseo_breadcrumb":"<div class=\"aioseo-breadcrumbs\"><span class=\"aioseo-breadcrumb\">\n\t<a href=\"https:\/\/www.losangelesemploymentattorney.org\/es\" title=\"Home\">Home<\/a>\n<\/span><span class=\"aioseo-breadcrumb-separator\">&raquo;<\/span><span class=\"aioseo-breadcrumb\">\n\tStephen Duron, Esq.\n<\/span><\/div>","aioseo_breadcrumb_json":[{"label":"Home","link":"https:\/\/www.losangelesemploymentattorney.org\/es"},{"label":"Stephen Duron, Esq.","link":"https:\/\/www.losangelesemploymentattorney.org\/es\/stephen-duron-esq\/"}],"_links":{"self":[{"href":"https:\/\/www.losangelesemploymentattorney.org\/es\/wp-json\/wp\/v2\/pages\/12643","targetHints":{"allow":["GET"]}}],"collection":[{"href":"https:\/\/www.losangelesemploymentattorney.org\/es\/wp-json\/wp\/v2\/pages"}],"about":[{"href":"https:\/\/www.losangelesemploymentattorney.org\/es\/wp-json\/wp\/v2\/types\/page"}],"author":[{"embeddable":true,"href":"https:\/\/www.losangelesemploymentattorney.org\/es\/wp-json\/wp\/v2\/users\/10"}],"replies":[{"embeddable":true,"href":"https:\/\/www.losangelesemploymentattorney.org\/es\/wp-json\/wp\/v2\/comments?post=12643"}],"version-history":[{"count":1,"href":"https:\/\/www.losangelesemploymentattorney.org\/es\/wp-json\/wp\/v2\/pages\/12643\/revisions"}],"predecessor-version":[{"id":12644,"href":"https:\/\/www.losangelesemploymentattorney.org\/es\/wp-json\/wp\/v2\/pages\/12643\/revisions\/12644"}],"wp:attachment":[{"href":"https:\/\/www.losangelesemploymentattorney.org\/es\/wp-json\/wp\/v2\/media?parent=12643"}],"curies":[{"name":"wp","href":"https:\/\/api.w.org\/{rel}","templated":true}]}}