{"id":1556,"date":"2017-12-28T23:04:08","date_gmt":"2017-12-28T23:04:08","guid":{"rendered":"https:\/\/www.losangelesemploymentattorney.org\/?page_id=1556"},"modified":"2018-08-10T23:08:42","modified_gmt":"2018-08-10T23:08:42","slug":"valor-promedio-de-liquidacion-de-una-demanda-por-discriminacion-religiosa-2","status":"publish","type":"page","link":"https:\/\/www.losangelesemploymentattorney.org\/es\/average-settlement-value-of-religious-discrimination-lawsuit\/","title":{"rendered":"\u00bfCu\u00e1l es el acuerdo promedio para un reclamo por discriminaci\u00f3n religiosa?"},"content":{"rendered":"<h2 style=\"text-align: center;\"><img loading=\"lazy\" decoding=\"async\" class=\"size-full wp-image-1333 aligncenter\" src=\"https:\/\/www.losangelesemploymentattorney.org\/wp-content\/uploads\/2017\/12\/religious-discrimination.jpg\" alt=\"\" width=\"800\" height=\"425\" srcset=\"https:\/\/www.losangelesemploymentattorney.org\/wp-content\/uploads\/2017\/12\/religious-discrimination.jpg 800w, https:\/\/www.losangelesemploymentattorney.org\/wp-content\/uploads\/2017\/12\/religious-discrimination-600x319.jpg 600w, https:\/\/www.losangelesemploymentattorney.org\/wp-content\/uploads\/2017\/12\/religious-discrimination-300x159.jpg 300w, https:\/\/www.losangelesemploymentattorney.org\/wp-content\/uploads\/2017\/12\/religious-discrimination-768x408.jpg 768w\" sizes=\"auto, (max-width: 800px) 100vw, 800px\" \/><\/h2>\n<h2 style=\"text-align: center;\">\u00bfCu\u00e1l es el acuerdo promedio para un reclamo por discriminaci\u00f3n religiosa?<\/h2>\n<p>La discriminaci\u00f3n religiosa en el lugar de trabajo puede da\u00f1ar la reputaci\u00f3n de una empresa y hacer que los empleados afectados se sientan abatidos, deprimidos y atacados. Con demasiada frecuencia, estos empleados optan por permanecer callados y optar por no emprender ninguna acci\u00f3n legal. Esto no supone ning\u00fan cambio en el lugar de trabajo, ning\u00fan castigo para los acosadores y ning\u00fan cierre para las v\u00edctimas. Sin embargo, cuando se abren casos de discriminaci\u00f3n religiosa contra empleadores, m\u00e1s de la mitad de ellos se ganan, una se\u00f1al positiva para cualquiera que no est\u00e9 seguro de c\u00f3mo presentar un reclamo. El Grupo de Abogados de Empleo en Derecho Laboral de California cree en proteger sus derechos como trabajador y como ser humano, y nos esforzamos por brindarle justicia en cualquier caso de discriminaci\u00f3n religiosa que nos presente. Sin embargo, es posible que nuestros clientes no est\u00e9n seguros de c\u00f3mo proceder al presentar un reclamo de este tipo contra sus empleadores y nos hacen preguntas como:<\/p>\n<ul>\n<li>\u00bfCu\u00e1nto vale la demanda por discriminaci\u00f3n religiosa de mi empleado?<\/li>\n<li>\u00bfCu\u00e1l es el acuerdo promedio para un caso de discriminaci\u00f3n religiosa en el empleo?<\/li>\n<li>\u00bfQu\u00e9 determina el valor del caso de mi reclamo por discriminaci\u00f3n religiosa?<\/li>\n<\/ul>\n<h2>Descripci\u00f3n general de la discriminaci\u00f3n religiosa<\/h2>\n<p><strong><br \/>\n<\/strong>Seg\u00fan el T\u00edtulo VII de la Ley de Derechos Civiles de 1964, los empleadores y las empresas tienen prohibido discriminar a los empleados por sus creencias religiosas. Esta discriminaci\u00f3n incluye el despido, la negativa a contratar para un empleo, el acoso y otras condiciones laborales, como ser ignorado para ascensos o programar menos horas. Sin embargo, el T\u00edtulo VII es un decreto federal; Los 50 estados tienen sus propias leyes \u00fanicas sobre la discriminaci\u00f3n en el lugar de trabajo, el alcance de lo que la constituye y lo que puede recuperar como compensaci\u00f3n si gana un acuerdo. Puede consultar con la Agencia de Pr\u00e1cticas Justas de Empleo de su estado para obtener informaci\u00f3n m\u00e1s espec\u00edfica.<\/p>\n<p>Dicho esto, todos los estados se adhieren a permitir adaptaciones religiosas. Las adaptaciones religiosas son solicitudes especiales en el lugar de trabajo que permiten a los empleados tener ciertas exenciones o beneficios adicionales para que puedan practicar adecuadamente sus religiones. Estas adaptaciones suelen ser sencillas, como solicitar tiempo de descanso para los per\u00edodos de oraci\u00f3n o usar sombreros aunque el c\u00f3digo de vestimenta lo proh\u00edba. Para recibir una adaptaci\u00f3n religiosa, debe presentar una solicitud explicando el motivo y su deseo.<\/p>\n<p>Los empleadores no tienen que proporcionarle las adaptaciones expresas que usted solicit\u00f3, pero deben consultarlo para dise\u00f1ar un plan acordado mutuamente. No tienen que conceder ninguna adaptaci\u00f3n si ello crear\u00eda una dificultad excesiva para la empresa; Estas dificultades indebidas pueden ser casos que resultan en una p\u00e9rdida sustancial de ingresos, cuestan demasiado dinero, violan los derechos de otros trabajadores, comprometen la seguridad en el lugar de trabajo o aumentan injustamente la carga de trabajo de otros empleados.<\/p>\n<h2>Determinar el valor del caso<\/h2>\n<p><strong><br \/>\n<\/strong>Cuando sufre discriminaci\u00f3n religiosa, ya sea por no recibir ninguna adaptaci\u00f3n religiosa o por ser despedido por practicar su fe, tiene derecho a ciertos da\u00f1os y perjuicios a ra\u00edz del incidente.<\/p>\n<p>El valor del acuerdo de su caso no se puede determinar con precisi\u00f3n sin especulaciones, ya que todos los casos de discriminaci\u00f3n son diferentes y tienen un conjunto de circunstancias \u00fanicos. Sin embargo, se pueden considerar otros casos similares. Por ejemplo, el pago promedio nacional por reclamos por discriminaci\u00f3n religiosa es de alrededor de $40.000 a $50.000. Sin embargo, algunos asentamientos m\u00e1s grandes pueden sesgar esa cifra hacia arriba; es decir, si un caso se resolviera por m\u00e1s de un mill\u00f3n de d\u00f3lares, el promedio nacional aumentar\u00eda debido a ese valor at\u00edpico.<\/p>\n<p>La parte m\u00e1s importante para evaluar el valor de su caso es medir la p\u00e9rdida de ingresos si lo despidieran o lo liberaran de su puesto. Si lo despidieron debido a sus creencias religiosas y no pudo encontrar trabajo durante los 6 meses siguientes, su compensaci\u00f3n puede ser su salario de 6 meses; es decir, si gan\u00f3 $30,000 al a\u00f1o, es posible que pueda recibir $15.000 s\u00f3lo por la p\u00e9rdida de ingresos.<\/p>\n<p>Si la discriminaci\u00f3n religiosa le caus\u00f3 dolor y sufrimiento, puede recuperar una indemnizaci\u00f3n por esa angustia; El dolor y el sufrimiento incluyen estr\u00e9s mental, ansiedad, miedo, depresi\u00f3n y problemas psicol\u00f3gicos y de estado de \u00e1nimo similares. Si bien no se pueden medir de la misma manera que los ingresos, estos problemas son igualmente grandes y deben aliviarse con alg\u00fan tipo de compensaci\u00f3n. Cualquier restituci\u00f3n recibida puede pagar la terapia y tratamientos similares.<\/p>\n<p>Los da\u00f1os punitivos tambi\u00e9n pueden tenerse en cuenta en el valor de su caso y recuperarse. Estos da\u00f1os est\u00e1n destinados a castigar a quienes lo acosaron o discriminaron y sirven como una lecci\u00f3n adicional.<\/p>\n<p>A menudo, los clientes que nos preguntan sobre el pago promedio de los casos de discriminaci\u00f3n religiosa ya cuentan con representaci\u00f3n legal, pero es posible que est\u00e9n buscando una segunda opini\u00f3n o un abogado alternativo. Estos casos son de naturaleza delicada y requieren dedicaci\u00f3n por parte de un abogado, no miradas superficiales y poca concentraci\u00f3n. El proceso legal es largo y dif\u00edcil y los plazos son mucho m\u00e1s ajustados que en otros casos y reclamaciones. Por esta raz\u00f3n, debe investigar y buscar un bufete de abogados cuyos abogados le den prioridad a usted y a su caso.<\/p>\n<h2>Grupo de abogados laborales de California: a su servicio<\/h2>\n<p><strong><br \/>\n<\/strong>Nuestro equipo de abogados del Grupo de Abogados de Empleo en Derecho Laboral de California est\u00e1 aqu\u00ed para proteger sus derechos y representarlo de la manera que merece ser representado en un caso de discriminaci\u00f3n en el lugar de trabajo: con respeto, compromiso y cuidado. Creemos que todos los lugares de trabajo deben aceptar y ser tolerantes con las diferentes religiones y creencias, y los empleados que reciben un mal trato debido a sus creencias preferidas deben recibir restituci\u00f3n por sus dificultades.<\/p>\n<p>P\u00f3ngase en contacto con nuestra firma de abogados hoy para recibir una consulta legal gratuita y confidencial sobre su caso. Estaremos encantados de analizar su reclamaci\u00f3n (ya sea futura o actual), lo que creemos que puede ganar como compensaci\u00f3n, as\u00ed como detallarle todo el proceso del litigio para que comprenda el curso de acci\u00f3n que tomaremos.<\/p>\n<p>El Grupo de Abogados de Empleo de California opera con una garant\u00eda de tarifa cero, prometiendo que usted no deber\u00e1 pagar honorarios legales a menos que ganemos su caso y obtengamos un acuerdo. Nuestros clientes no deber\u00edan tener que preocuparse por pagar por la representaci\u00f3n legal, especialmente si han sido despedidos debido a discriminaci\u00f3n; Queremos que se sienta seguro y protegido, y hacer hincapi\u00e9 en c\u00f3mo pagar\u00e1 los honorarios de los abogados no ayuda. Nosotros asumimos los costos por usted y, si no ganamos su caso, usted no nos debe nada.<\/p>\n<p>Para hablar con un abogado sobre su reclamo por discriminaci\u00f3n religiosa, comun\u00edquese hoy con el Grupo de Abogados de Empleo de Derecho Laboral de California.<\/p>","protected":false},"excerpt":{"rendered":"<p>\u00bfCu\u00e1l es el acuerdo promedio para un reclamo por discriminaci\u00f3n religiosa? La discriminaci\u00f3n religiosa en el lugar de trabajo puede da\u00f1ar la reputaci\u00f3n de una empresa y hacer que los empleados afectados se sientan abatidos, deprimidos y atacados. Con demasiada frecuencia, estos empleados optan por permanecer callados y optar por no emprender ninguna acci\u00f3n legal. Esto no produce cambios en el...<\/p>","protected":false},"author":1,"featured_media":0,"parent":0,"menu_order":0,"comment_status":"closed","ping_status":"closed","template":"","meta":{"om_disable_all_campaigns":false,"_monsterinsights_skip_tracking":false,"_monsterinsights_sitenote_active":false,"_monsterinsights_sitenote_note":"","_monsterinsights_sitenote_category":0,"footnotes":""},"class_list":["post-1556","page","type-page","status-publish"],"aioseo_notices":[],"aioseo_head":"\n\t\t<!-- All in One SEO Pro 4.9.6.2 - aioseo.com -->\n\t<meta name=\"description\" content=\"What Is the Average Case Settlement for a Religious Discrimination Claim? Religious discrimination in the workplace can turn a company\u2019s reputation sour and leave affected employees feeling dejected, depressed, and targeted. All too often, these employees opt to stay quiet and choose not to pursue any legal action. This results in no changes at the\" \/>\n\t<meta name=\"robots\" content=\"max-image-preview:large\" \/>\n\t<link rel=\"canonical\" href=\"https:\/\/www.losangelesemploymentattorney.org\/es\/average-settlement-value-of-religious-discrimination-lawsuit\/\" \/>\n\t<meta name=\"generator\" content=\"All in One SEO Pro (AIOSEO) 4.9.6.2\" \/>\n\t\t<meta property=\"og:locale\" content=\"es_MX\" \/>\n\t\t<meta property=\"og:site_name\" content=\"California Labor Law Employment Attorneys Group -\" \/>\n\t\t<meta property=\"og:type\" content=\"article\" \/>\n\t\t<meta property=\"og:title\" content=\"What Is the Average Case Settlement for a Religious Discrimination Claim? - California Labor Law Employment Attorneys Group\" \/>\n\t\t<meta property=\"og:description\" content=\"What Is the Average Case Settlement for a Religious Discrimination Claim? Religious discrimination in the workplace can turn a company\u2019s reputation sour and leave affected employees feeling dejected, depressed, and targeted. All too often, these employees opt to stay quiet and choose not to pursue any legal action. This results in no changes at the\" \/>\n\t\t<meta property=\"og:url\" content=\"https:\/\/www.losangelesemploymentattorney.org\/es\/average-settlement-value-of-religious-discrimination-lawsuit\/\" \/>\n\t\t<meta property=\"article:published_time\" content=\"2017-12-28T23:04:08+00:00\" \/>\n\t\t<meta property=\"article:modified_time\" content=\"2018-08-10T23:08:42+00:00\" \/>\n\t\t<meta name=\"twitter:card\" content=\"summary_large_image\" \/>\n\t\t<meta name=\"twitter:title\" content=\"What Is the Average Case Settlement for a Religious Discrimination Claim? - California Labor Law Employment Attorneys Group\" \/>\n\t\t<meta name=\"twitter:description\" content=\"What Is the Average Case Settlement for a Religious Discrimination Claim? Religious discrimination in the workplace can turn a company\u2019s reputation sour and leave affected employees feeling dejected, depressed, and targeted. All too often, these employees opt to stay quiet and choose not to pursue any legal action. This results in no changes at the\" \/>\n\t\t<script type=\"application\/ld+json\" class=\"aioseo-schema\">\n\t\t\t{\"@context\":\"https:\\\/\\\/schema.org\",\"@graph\":[{\"@type\":\"BreadcrumbList\",\"@id\":\"https:\\\/\\\/www.losangelesemploymentattorney.org\\\/es\\\/average-settlement-value-of-religious-discrimination-lawsuit\\\/#breadcrumblist\",\"itemListElement\":[{\"@type\":\"ListItem\",\"@id\":\"https:\\\/\\\/www.losangelesemploymentattorney.org\\\/es#listItem\",\"position\":1,\"name\":\"Home\",\"item\":\"https:\\\/\\\/www.losangelesemploymentattorney.org\\\/es\",\"nextItem\":{\"@type\":\"ListItem\",\"@id\":\"https:\\\/\\\/www.losangelesemploymentattorney.org\\\/es\\\/average-settlement-value-of-religious-discrimination-lawsuit\\\/#listItem\",\"name\":\"What Is the Average Case Settlement for a Religious Discrimination Claim?\"}},{\"@type\":\"ListItem\",\"@id\":\"https:\\\/\\\/www.losangelesemploymentattorney.org\\\/es\\\/average-settlement-value-of-religious-discrimination-lawsuit\\\/#listItem\",\"position\":2,\"name\":\"What Is the Average Case Settlement for a Religious Discrimination Claim?\",\"previousItem\":{\"@type\":\"ListItem\",\"@id\":\"https:\\\/\\\/www.losangelesemploymentattorney.org\\\/es#listItem\",\"name\":\"Home\"}}]},{\"@type\":\"Organization\",\"@id\":\"https:\\\/\\\/www.losangelesemploymentattorney.org\\\/es\\\/#organization\",\"name\":\"California Labor Law Employment Attorneys Group\",\"url\":\"https:\\\/\\\/www.losangelesemploymentattorney.org\\\/es\\\/\",\"email\":\"info@losangelesemploymentattorney.org\",\"telephone\":\"+18884518915\",\"numberOfEmployees\":{\"@type\":\"QuantitativeValue\",\"value\":400},\"logo\":{\"@type\":\"ImageObject\",\"url\":\"https:\\\/\\\/www.losangelesemploymentattorney.org\\\/wp-content\\\/uploads\\\/2021\\\/12\\\/clleaglogoss-01.png\",\"@id\":\"https:\\\/\\\/www.losangelesemploymentattorney.org\\\/es\\\/average-settlement-value-of-religious-discrimination-lawsuit\\\/#organizationLogo\",\"width\":854,\"height\":261},\"image\":{\"@id\":\"https:\\\/\\\/www.losangelesemploymentattorney.org\\\/es\\\/average-settlement-value-of-religious-discrimination-lawsuit\\\/#organizationLogo\"},\"address\":{\"@id\":\"https:\\\/\\\/www.losangelesemploymentattorney.org\\\/es\\\/#postaladdress\",\"@type\":\"PostalAddress\",\"streetAddress\":\"612 S Broadway, Suite 600\",\"postalCode\":\"90014\",\"addressLocality\":\"Los Angeles\",\"addressRegion\":\"California\",\"addressCountry\":\"US\"}},{\"@type\":\"WebPage\",\"@id\":\"https:\\\/\\\/www.losangelesemploymentattorney.org\\\/es\\\/average-settlement-value-of-religious-discrimination-lawsuit\\\/#webpage\",\"url\":\"https:\\\/\\\/www.losangelesemploymentattorney.org\\\/es\\\/average-settlement-value-of-religious-discrimination-lawsuit\\\/\",\"name\":\"What Is the Average Case Settlement for a Religious Discrimination Claim? - California Labor Law Employment Attorneys Group\",\"description\":\"What Is the Average Case Settlement for a Religious Discrimination Claim? Religious discrimination in the workplace can turn a company\\u2019s reputation sour and leave affected employees feeling dejected, depressed, and targeted. All too often, these employees opt to stay quiet and choose not to pursue any legal action. This results in no changes at the\",\"inLanguage\":\"es-MX\",\"isPartOf\":{\"@id\":\"https:\\\/\\\/www.losangelesemploymentattorney.org\\\/es\\\/#website\"},\"breadcrumb\":{\"@id\":\"https:\\\/\\\/www.losangelesemploymentattorney.org\\\/es\\\/average-settlement-value-of-religious-discrimination-lawsuit\\\/#breadcrumblist\"},\"datePublished\":\"2017-12-28T23:04:08+00:00\",\"dateModified\":\"2018-08-10T23:08:42+00:00\"},{\"@type\":\"WebSite\",\"@id\":\"https:\\\/\\\/www.losangelesemploymentattorney.org\\\/es\\\/#website\",\"url\":\"https:\\\/\\\/www.losangelesemploymentattorney.org\\\/es\\\/\",\"name\":\"California Labor Law Employment Attorneys Group\",\"inLanguage\":\"es-MX\",\"publisher\":{\"@id\":\"https:\\\/\\\/www.losangelesemploymentattorney.org\\\/es\\\/#organization\"}}]}\n\t\t<\/script>\n\t\t<!-- All in One SEO Pro -->\r\n\t\t<title>What Is the Average Case Settlement for a Religious Discrimination Claim? - California Labor Law Employment Attorneys Group<\/title>\n\n","aioseo_head_json":{"title":"\u00bfCu\u00e1l es el acuerdo promedio para un reclamo por discriminaci\u00f3n religiosa? - Grupo de abogados laborales de derecho laboral de California","description":"\u00bfCu\u00e1l es el acuerdo promedio para un reclamo por discriminaci\u00f3n religiosa? La discriminaci\u00f3n religiosa en el lugar de trabajo puede da\u00f1ar la reputaci\u00f3n de una empresa y hacer que los empleados afectados se sientan abatidos, deprimidos y atacados. Con demasiada frecuencia, estos empleados optan por permanecer callados y optar por no emprender ninguna acci\u00f3n legal. Esto no produce cambios en el","canonical_url":"https:\/\/www.losangelesemploymentattorney.org\/es\/average-settlement-value-of-religious-discrimination-lawsuit\/","robots":"max-image-preview:large","keywords":"","webmasterTools":{"miscellaneous":""},"schema":{"@context":"https:\/\/schema.org","@graph":[{"@type":"BreadcrumbList","@id":"https:\/\/www.losangelesemploymentattorney.org\/es\/average-settlement-value-of-religious-discrimination-lawsuit\/#breadcrumblist","itemListElement":[{"@type":"ListItem","@id":"https:\/\/www.losangelesemploymentattorney.org\/es#listItem","position":1,"name":"Home","item":"https:\/\/www.losangelesemploymentattorney.org\/es","nextItem":{"@type":"ListItem","@id":"https:\/\/www.losangelesemploymentattorney.org\/es\/average-settlement-value-of-religious-discrimination-lawsuit\/#listItem","name":"What Is the Average Case Settlement for a Religious Discrimination Claim?"}},{"@type":"ListItem","@id":"https:\/\/www.losangelesemploymentattorney.org\/es\/average-settlement-value-of-religious-discrimination-lawsuit\/#listItem","position":2,"name":"What Is the Average Case Settlement for a Religious Discrimination Claim?","previousItem":{"@type":"ListItem","@id":"https:\/\/www.losangelesemploymentattorney.org\/es#listItem","name":"Home"}}]},{"@type":"Organization","@id":"https:\/\/www.losangelesemploymentattorney.org\/es\/#organization","name":"California Labor Law Employment Attorneys Group","url":"https:\/\/www.losangelesemploymentattorney.org\/es\/","email":"info@losangelesemploymentattorney.org","telephone":"+18884518915","numberOfEmployees":{"@type":"QuantitativeValue","value":400},"logo":{"@type":"ImageObject","url":"https:\/\/www.losangelesemploymentattorney.org\/wp-content\/uploads\/2021\/12\/clleaglogoss-01.png","@id":"https:\/\/www.losangelesemploymentattorney.org\/es\/average-settlement-value-of-religious-discrimination-lawsuit\/#organizationLogo","width":854,"height":261},"image":{"@id":"https:\/\/www.losangelesemploymentattorney.org\/es\/average-settlement-value-of-religious-discrimination-lawsuit\/#organizationLogo"},"address":{"@id":"https:\/\/www.losangelesemploymentattorney.org\/es\/#postaladdress","@type":"PostalAddress","streetAddress":"612 S Broadway, Suite 600","postalCode":"90014","addressLocality":"Los Angeles","addressRegion":"California","addressCountry":"US"}},{"@type":"WebPage","@id":"https:\/\/www.losangelesemploymentattorney.org\/es\/average-settlement-value-of-religious-discrimination-lawsuit\/#webpage","url":"https:\/\/www.losangelesemploymentattorney.org\/es\/average-settlement-value-of-religious-discrimination-lawsuit\/","name":"What Is the Average Case Settlement for a Religious Discrimination Claim? - California Labor Law Employment Attorneys Group","description":"What Is the Average Case Settlement for a Religious Discrimination Claim? Religious discrimination in the workplace can turn a company\u2019s reputation sour and leave affected employees feeling dejected, depressed, and targeted. All too often, these employees opt to stay quiet and choose not to pursue any legal action. This results in no changes at the","inLanguage":"es-MX","isPartOf":{"@id":"https:\/\/www.losangelesemploymentattorney.org\/es\/#website"},"breadcrumb":{"@id":"https:\/\/www.losangelesemploymentattorney.org\/es\/average-settlement-value-of-religious-discrimination-lawsuit\/#breadcrumblist"},"datePublished":"2017-12-28T23:04:08+00:00","dateModified":"2018-08-10T23:08:42+00:00"},{"@type":"WebSite","@id":"https:\/\/www.losangelesemploymentattorney.org\/es\/#website","url":"https:\/\/www.losangelesemploymentattorney.org\/es\/","name":"California Labor Law Employment Attorneys Group","inLanguage":"es-MX","publisher":{"@id":"https:\/\/www.losangelesemploymentattorney.org\/es\/#organization"}}]},"og:locale":"es_MX","og:site_name":"California Labor Law Employment Attorneys Group -","og:type":"article","og:title":"What Is the Average Case Settlement for a Religious Discrimination Claim? - California Labor Law Employment Attorneys Group","og:description":"What Is the Average Case Settlement for a Religious Discrimination Claim? Religious discrimination in the workplace can turn a company\u2019s reputation sour and leave affected employees feeling dejected, depressed, and targeted. All too often, these employees opt to stay quiet and choose not to pursue any legal action. This results in no changes at the","og:url":"https:\/\/www.losangelesemploymentattorney.org\/es\/average-settlement-value-of-religious-discrimination-lawsuit\/","article:published_time":"2017-12-28T23:04:08+00:00","article:modified_time":"2018-08-10T23:08:42+00:00","twitter:card":"summary_large_image","twitter:title":"What Is the Average Case Settlement for a Religious Discrimination Claim? - California Labor Law Employment Attorneys Group","twitter:description":"What Is the Average Case Settlement for a Religious Discrimination Claim? Religious discrimination in the workplace can turn a company\u2019s reputation sour and leave affected employees feeling dejected, depressed, and targeted. All too often, these employees opt to stay quiet and choose not to pursue any legal action. This results in no changes at the"},"aioseo_meta_data":{"post_id":"1556","title":null,"description":null,"keywords":null,"keyphrases":null,"primary_term":null,"canonical_url":null,"og_title":null,"og_description":null,"og_object_type":"default","og_image_type":"default","og_image_url":null,"og_image_width":null,"og_image_height":null,"og_image_custom_url":null,"og_image_custom_fields":null,"og_video":null,"og_custom_url":null,"og_article_section":null,"og_article_tags":null,"twitter_use_og":false,"twitter_card":"default","twitter_image_type":"default","twitter_image_url":null,"twitter_image_custom_url":null,"twitter_image_custom_fields":null,"twitter_title":null,"twitter_description":null,"schema":{"blockGraphs":[],"customGraphs":[],"default":{"data":{"Article":[],"Course":[],"Dataset":[],"FAQPage":[],"Movie":[],"Person":[],"Product":[],"ProductReview":[],"Car":[],"Recipe":[],"Service":[],"SoftwareApplication":[],"WebPage":[]},"graphName":"","isEnabled":true},"graphs":[]},"schema_type":"default","schema_type_options":null,"pillar_content":false,"robots_default":true,"robots_noindex":false,"robots_noarchive":false,"robots_nosnippet":false,"robots_nofollow":false,"robots_noimageindex":false,"robots_noodp":false,"robots_notranslate":false,"robots_max_snippet":null,"robots_max_videopreview":null,"robots_max_imagepreview":"large","priority":null,"frequency":null,"local_seo":null,"seo_analyzer_scan_date":"2025-10-09 03:37:46","breadcrumb_settings":null,"limit_modified_date":false,"open_ai":null,"ai":null,"created":"2024-01-10 00:10:37","updated":"2025-10-21 20:53:27"},"aioseo_breadcrumb":"<div class=\"aioseo-breadcrumbs\"><span class=\"aioseo-breadcrumb\">\n\t<a href=\"https:\/\/www.losangelesemploymentattorney.org\/es\" title=\"Home\">Home<\/a>\n<\/span><span class=\"aioseo-breadcrumb-separator\">&raquo;<\/span><span class=\"aioseo-breadcrumb\">\n\tWhat Is the Average Case Settlement for a Religious Discrimination Claim?\n<\/span><\/div>","aioseo_breadcrumb_json":[{"label":"Home","link":"https:\/\/www.losangelesemploymentattorney.org\/es"},{"label":"What Is the Average Case Settlement for a Religious Discrimination Claim?","link":"https:\/\/www.losangelesemploymentattorney.org\/es\/average-settlement-value-of-religious-discrimination-lawsuit\/"}],"_links":{"self":[{"href":"https:\/\/www.losangelesemploymentattorney.org\/es\/wp-json\/wp\/v2\/pages\/1556","targetHints":{"allow":["GET"]}}],"collection":[{"href":"https:\/\/www.losangelesemploymentattorney.org\/es\/wp-json\/wp\/v2\/pages"}],"about":[{"href":"https:\/\/www.losangelesemploymentattorney.org\/es\/wp-json\/wp\/v2\/types\/page"}],"author":[{"embeddable":true,"href":"https:\/\/www.losangelesemploymentattorney.org\/es\/wp-json\/wp\/v2\/users\/1"}],"replies":[{"embeddable":true,"href":"https:\/\/www.losangelesemploymentattorney.org\/es\/wp-json\/wp\/v2\/comments?post=1556"}],"version-history":[{"count":4,"href":"https:\/\/www.losangelesemploymentattorney.org\/es\/wp-json\/wp\/v2\/pages\/1556\/revisions"}],"predecessor-version":[{"id":1879,"href":"https:\/\/www.losangelesemploymentattorney.org\/es\/wp-json\/wp\/v2\/pages\/1556\/revisions\/1879"}],"wp:attachment":[{"href":"https:\/\/www.losangelesemploymentattorney.org\/es\/wp-json\/wp\/v2\/media?parent=1556"}],"curies":[{"name":"wp","href":"https:\/\/api.w.org\/{rel}","templated":true}]}}