{"id":834,"date":"2017-07-18T19:15:05","date_gmt":"2017-07-18T19:15:05","guid":{"rendered":"https:\/\/www.losangelesemploymentattorney.org\/?page_id=834"},"modified":"2019-04-22T20:36:48","modified_gmt":"2019-04-22T20:36:48","slug":"me-pueden-despedir-por-quedarme-ciego-y-perder-la-vision-2","status":"publish","type":"page","link":"https:\/\/www.losangelesemploymentattorney.org\/es\/can-i-be-fired-for-going-blind-losing-vision\/","title":{"rendered":"\u00bfMe pueden despedir por ser ciego?"},"content":{"rendered":"<h2>\u00bfMe pueden despedir por ser ciego?<\/h2>\n<p><img loading=\"lazy\" decoding=\"async\" class=\"alignright wp-image-837 size-medium\" src=\"https:\/\/www.losangelesemploymentattorney.org\/wp-content\/uploads\/2017\/07\/blind-disability-300x200.jpg\" alt=\"\u00bfMe pueden despedir por ser ciego?\" width=\"300\" height=\"200\" srcset=\"https:\/\/www.losangelesemploymentattorney.org\/wp-content\/uploads\/2017\/07\/blind-disability-300x200.jpg 300w, https:\/\/www.losangelesemploymentattorney.org\/wp-content\/uploads\/2017\/07\/blind-disability.jpg 370w\" sizes=\"auto, (max-width: 300px) 100vw, 300px\" \/>Nuestros abogados laborales creen que todos tienen derecho a ganarse la vida, independientemente de las condiciones o discapacidades que puedan tener. Esto incluye discapacidades con respecto a la visi\u00f3n. La visi\u00f3n no es algo que se le conceda a todo el mundo. Algunas personas nacen ciegas, y otras lo pierden por alguna enfermedad degenerativa o accidente desafortunado, y esto, lamentablemente, afecta su empleo. Los empleadores pueden asumir que debido a que el trabajador ha perdido el sentido de la vista, efectivamente ser\u00e1 in\u00fatil, en lo que respecta a la capacidad del empleado para realizar el trabajo. Esta suposici\u00f3n puede llevar a los empleadores a despedir a los empleados ciegos. Pero si bien la vista puede desempe\u00f1ar un factor importante en la capacidad de una persona para realizar las funciones laborales esenciales de una ocupaci\u00f3n, eso no significa que cada ocupaci\u00f3n requiera vista para completarse. Y debido a este hecho, es ilegal que los empleadores despidan a empleados ciegos simplemente porque no pueden ver. El <a href=\"https:\/\/www.ada.gov\/\" target=\"_blank\">Acta de Americanos con Discapacidades<\/a> no permite a los empleadores <a href=\"https:\/\/www.losangelesemploymentattorney.org\/es\/areas-de-practica-2\/abogado-de-discriminacion-por-discapacidad-2\/\">discriminar a los empleados con discapacidad<\/a>. Adem\u00e1s, no permite que los empleadores y empleados acosen al empleado por su dolencia. Obliga a los empleadores a centrarse en dos cosas cuando se trata de un empleado: sus calificaciones para el trabajo y su capacidad para realizar las funciones laborales esenciales, con o sin <strong>acomodaci\u00f3n razonable<\/strong>. Si el empleado requiere adaptaciones razonables para cumplir con sus deberes laborales esenciales, entonces el empleador est\u00e1 obligado por ley a proporcionar las adaptaciones necesarias para ayudar a ese empleado a tener \u00e9xito en su trabajo.<\/p>\n<p>Nuestros abogados est\u00e1n aqu\u00ed para garantizar que no se infrinjan sus derechos si est\u00e1 perdiendo la vista o ya la ha perdido. Ayudamos a personas como usted todos los d\u00edas a conocer sus derechos laborales si sienten que han sido discriminados debido a su discapacidad. Si cree que ha sido discriminado debido a su ceguera o discapacidad visual, puede tener motivos para presentar una demanda contra su empleador. Aqu\u00ed hay algunas cosas que necesita saber sobre sus derechos y las leyes que existen para protegerlo.<\/p>\n<h2>\u00bfQu\u00e9 leyes existen para ayudar a los ciegos? <\/h2>\n<p><strong>La Ley de Estadounidenses con Discapacidades<\/strong> (ADA) de 1990 es la ley federal que impide a los empleadores <a href=\"https:\/\/www.losangelesemploymentattorney.org\/es\/areas-de-practica-2\/abogado-de-discriminacion-por-discapacidad-2\/\">Discriminar las discapacidades que los empleados puedan tener.<\/a>. El t\u00e9rmino &quot;discapacidad&quot; es bastante amplio y resume mucho para brindar a las personas la mejor protecci\u00f3n contra la discriminaci\u00f3n. Para ser considerado discapacitado seg\u00fan la ADA, o para tener su protecci\u00f3n bajo la ley, usted debe tener una condici\u00f3n f\u00edsica o mental que limite sustancialmente una o m\u00e1s actividades importantes de la vida, tener un historial de dicho impedimento en el pasado o haber sido percibido como discapacitado. tener tal impedimento. Entonces, por ejemplo, su empleador no puede asumir que usted tiene una discapacidad y disciplinarlo o despedirlo por esa suposici\u00f3n. Hacerlo es una violaci\u00f3n de la ADA. Si esto sucede, puede contratar a un abogado para demandar a su empleador por discriminaci\u00f3n.<\/p>\n<p>La capacidad de ver se considera una funci\u00f3n vital importante, ya que es el principal \u00f3rgano sensorial de la mayor\u00eda de los seres humanos. Si es ciego o tiene alguna otra discapacidad visual, est\u00e1 protegido por la ADA. Estar protegido significa que su empleador no puede discriminarlo, ya sea solicitante o empleado. Los empleadores no pueden ignorarlo en ning\u00fan ascenso, aumento, beneficio o cualquier otro t\u00e9rmino o condici\u00f3n simplemente por su discapacidad visual. Si est\u00e1 calificado, se desempe\u00f1a bien y puede realizar las funciones laborales esenciales (con o sin ajustes razonables), su empleador debe considerar sus m\u00e9ritos con el mismo peso que cualquier otra persona que est\u00e9 siendo considerada para el mismo ascenso.<\/p>\n<p>Los empleadores no pueden asumir que usted necesita <a href=\"https:\/\/www.losangelesemploymentattorney.org\/es\/areas-de-practica-2\/abogado-de-discriminacion-por-discapacidad-2\/\">Asistencia en el lugar de trabajo si tienes una discapacidad.<\/a> \u2013 esta ayuda se llama \u201cadaptaci\u00f3n razonable\u201d. <a href=\"https:\/\/www.losangelesemploymentattorney.org\/es\/areas-de-practica-2\/leyes-de-adaptacion-razonable-2\/\">Acomodaci\u00f3n razonable<\/a> Son cambios en el lugar de trabajo o en el horario para adaptarse mejor a la persona discapacitada. Para recibir adaptaciones razonables, debe solicitarlas a su empleador. Su empleador no puede negarse legalmente a proporcionar ajustes razonables. Por ejemplo, si trabaja en un cub\u00edculo frente a una computadora todo el d\u00eda y es ciego, es posible que necesite un software especial de conversi\u00f3n de texto a voz para poder continuar con su trabajo. La \u00fanica forma en que un empleador puede negarse a proporcionar ajustes razonables es si puede demostrar que hacerlo causar\u00eda dificultades indebidas a la empresa; las empresas m\u00e1s peque\u00f1as con recursos muy limitados suelen estar exentas que las corporaciones. Y aunque el empleador no puede asumir que usted necesita adaptaciones razonables, puede hacer preguntas si existe la posibilidad de tener discapacidad visual. Tambi\u00e9n se pueden requerir ex\u00e1menes m\u00e9dicos si el empleador cree que la seguridad del empleado estar\u00e1 en riesgo cuando regrese.<\/p>\n<h2>C\u00f3mo presentar una demanda contra su empleador<\/h2>\n<p>Si cree que su empleador viol\u00f3 la <a href=\"\/es\/areas-de-practica-2\/demanda-por-discriminacion-2\/\">ley y discriminado<\/a> contra usted por ser ciego o tener discapacidad visual, puede tener motivos para presentar una demanda contra ellos y cobrar da\u00f1os compensatorios. Sin embargo, antes de demandar a su empleador, primero debe presentar un cargo ante una agencia gubernamental de empleo. Hay dos disponibles para los trabajadores en California.<\/p>\n<p>A nivel federal existe la <a href=\"https:\/\/www.eeoc.gov\/\" target=\"_blank\">Comisi\u00f3n de Igualdad de Oportunidades en el Empleo<\/a> (EEOC), que hace cumplir la ADA. Seg\u00fan la EEOC, tiene 180 d\u00edas para presentar un cargo a partir del d\u00eda en que recibi\u00f3 discriminaci\u00f3n. Si la discriminaci\u00f3n\/acoso contin\u00faa, tiene 180 d\u00edas calendario a partir del \u00faltimo d\u00eda en que recibi\u00f3 discriminaci\u00f3n.<\/p>\n<p>California tiene una legislatura estatal que no permite que los empleadores discriminen a las personas discapacitadas. Se llama Departamento de Vivienda y Empleo Justo. Debido a que tanto las leyes estatales como federales no permiten la discriminaci\u00f3n por discapacidad, el plazo para presentar un cargo contra la agencia gubernamental se extiende a 300 d\u00edas calendario. Una vez que presente la solicitud, recibir\u00e1 una carta de \u201cderecho a demandar\u201d que otorga a los empleados el derecho de demandar adecuadamente a su empleador. Se recomienda que solo solicite la carta una vez que est\u00e9 preparado para acudir a la corte, ya que solo tendr\u00e1 90 d\u00edas a partir del d\u00eda en que recibi\u00f3 la carta para tomar medidas.<\/p>\n<h2>Consulta gratuita y garant\u00eda de tarifa cero<\/h2>\n<p>El <a href=\"\/es\/\">Grupo de Abogados de Empleo en Derecho Laboral de California<\/a> est\u00e1 aqu\u00ed para ti. Si es ciego y fue discriminado, tiene derecho a buscar justicia por el incumplimiento de la ley por parte de su empleador. Nuestros abogados de Los \u00c1ngeles ejercen en todo el estado de California, por lo que no importa en qu\u00e9 parte de California se encuentre, en Los \u00c1ngeles o fuera de Los \u00c1ngeles, podemos ayudarlo. Ofrecemos consultas gratuitas y garant\u00eda de tarifa cero; Se le elimina todo el riesgo financiero y se nos transfiere a nosotros porque si no ganamos su caso, usted no paga por nuestros servicios. Si ganamos, solo cobraremos una peque\u00f1a tarifa sobre el monto recaudado. <a href=\"tel:18884518915\">Ll\u00e1manos<\/a> \u00a1hoy!<\/p>","protected":false},"excerpt":{"rendered":"<p>\u00bfMe pueden despedir por ser ciego? Nuestros abogados laborales creen que todos tienen derecho a ganarse la vida, independientemente de las condiciones o discapacidades que puedan tener. Esto incluye discapacidades con respecto a la visi\u00f3n. La visi\u00f3n no es algo que se le conceda a todo el mundo. Algunas personas nacen ciegas y otras lo pierden por alguna\u2026<\/p>","protected":false},"author":1,"featured_media":0,"parent":0,"menu_order":0,"comment_status":"closed","ping_status":"closed","template":"","meta":{"om_disable_all_campaigns":false,"_monsterinsights_skip_tracking":false,"_monsterinsights_sitenote_active":false,"_monsterinsights_sitenote_note":"","_monsterinsights_sitenote_category":0,"footnotes":""},"class_list":["post-834","page","type-page","status-publish"],"aioseo_notices":[],"aioseo_head":"\n\t\t<!-- All in One SEO Pro 4.9.6.2 - aioseo.com -->\n\t<meta name=\"description\" content=\"Can I Be Fired for Being Blind? Our employment lawyers believe that everyone is entitled to make a living, regardless of any conditions or disabilities that one may have. This includes disabilities with respect to vision. Vision is not something that everyone is granted. Some people are born blind, and others lose it through some\" \/>\n\t<meta name=\"robots\" content=\"max-image-preview:large\" \/>\n\t<link rel=\"canonical\" href=\"https:\/\/www.losangelesemploymentattorney.org\/es\/can-i-be-fired-for-going-blind-losing-vision\/\" \/>\n\t<meta name=\"generator\" content=\"All in One SEO Pro (AIOSEO) 4.9.6.2\" \/>\n\t\t<meta property=\"og:locale\" content=\"es_MX\" \/>\n\t\t<meta property=\"og:site_name\" content=\"California Labor Law Employment Attorneys Group -\" \/>\n\t\t<meta property=\"og:type\" content=\"article\" \/>\n\t\t<meta property=\"og:title\" content=\"Can I be fired for being blind? - California Labor Law Employment Attorneys Group\" \/>\n\t\t<meta property=\"og:description\" content=\"Can I Be Fired for Being Blind? Our employment lawyers believe that everyone is entitled to make a living, regardless of any conditions or disabilities that one may have. This includes disabilities with respect to vision. Vision is not something that everyone is granted. Some people are born blind, and others lose it through some\" \/>\n\t\t<meta property=\"og:url\" content=\"https:\/\/www.losangelesemploymentattorney.org\/es\/can-i-be-fired-for-going-blind-losing-vision\/\" \/>\n\t\t<meta property=\"article:published_time\" content=\"2017-07-18T19:15:05+00:00\" \/>\n\t\t<meta property=\"article:modified_time\" content=\"2019-04-22T20:36:48+00:00\" \/>\n\t\t<meta name=\"twitter:card\" content=\"summary_large_image\" \/>\n\t\t<meta name=\"twitter:title\" content=\"Can I be fired for being blind? - California Labor Law Employment Attorneys Group\" \/>\n\t\t<meta name=\"twitter:description\" content=\"Can I Be Fired for Being Blind? Our employment lawyers believe that everyone is entitled to make a living, regardless of any conditions or disabilities that one may have. This includes disabilities with respect to vision. Vision is not something that everyone is granted. Some people are born blind, and others lose it through some\" \/>\n\t\t<script type=\"application\/ld+json\" class=\"aioseo-schema\">\n\t\t\t{\"@context\":\"https:\\\/\\\/schema.org\",\"@graph\":[{\"@type\":\"BreadcrumbList\",\"@id\":\"https:\\\/\\\/www.losangelesemploymentattorney.org\\\/es\\\/can-i-be-fired-for-going-blind-losing-vision\\\/#breadcrumblist\",\"itemListElement\":[{\"@type\":\"ListItem\",\"@id\":\"https:\\\/\\\/www.losangelesemploymentattorney.org\\\/es#listItem\",\"position\":1,\"name\":\"Home\",\"item\":\"https:\\\/\\\/www.losangelesemploymentattorney.org\\\/es\",\"nextItem\":{\"@type\":\"ListItem\",\"@id\":\"https:\\\/\\\/www.losangelesemploymentattorney.org\\\/es\\\/can-i-be-fired-for-going-blind-losing-vision\\\/#listItem\",\"name\":\"Can I be fired for being blind?\"}},{\"@type\":\"ListItem\",\"@id\":\"https:\\\/\\\/www.losangelesemploymentattorney.org\\\/es\\\/can-i-be-fired-for-going-blind-losing-vision\\\/#listItem\",\"position\":2,\"name\":\"Can I be fired for being blind?\",\"previousItem\":{\"@type\":\"ListItem\",\"@id\":\"https:\\\/\\\/www.losangelesemploymentattorney.org\\\/es#listItem\",\"name\":\"Home\"}}]},{\"@type\":\"Organization\",\"@id\":\"https:\\\/\\\/www.losangelesemploymentattorney.org\\\/es\\\/#organization\",\"name\":\"California Labor Law Employment Attorneys Group\",\"url\":\"https:\\\/\\\/www.losangelesemploymentattorney.org\\\/es\\\/\",\"email\":\"info@losangelesemploymentattorney.org\",\"telephone\":\"+18884518915\",\"numberOfEmployees\":{\"@type\":\"QuantitativeValue\",\"value\":400},\"logo\":{\"@type\":\"ImageObject\",\"url\":\"https:\\\/\\\/www.losangelesemploymentattorney.org\\\/wp-content\\\/uploads\\\/2021\\\/12\\\/clleaglogoss-01.png\",\"@id\":\"https:\\\/\\\/www.losangelesemploymentattorney.org\\\/es\\\/can-i-be-fired-for-going-blind-losing-vision\\\/#organizationLogo\",\"width\":854,\"height\":261},\"image\":{\"@id\":\"https:\\\/\\\/www.losangelesemploymentattorney.org\\\/es\\\/can-i-be-fired-for-going-blind-losing-vision\\\/#organizationLogo\"},\"address\":{\"@id\":\"https:\\\/\\\/www.losangelesemploymentattorney.org\\\/es\\\/#postaladdress\",\"@type\":\"PostalAddress\",\"streetAddress\":\"612 S Broadway, Suite 600\",\"postalCode\":\"90014\",\"addressLocality\":\"Los Angeles\",\"addressRegion\":\"California\",\"addressCountry\":\"US\"}},{\"@type\":\"WebPage\",\"@id\":\"https:\\\/\\\/www.losangelesemploymentattorney.org\\\/es\\\/can-i-be-fired-for-going-blind-losing-vision\\\/#webpage\",\"url\":\"https:\\\/\\\/www.losangelesemploymentattorney.org\\\/es\\\/can-i-be-fired-for-going-blind-losing-vision\\\/\",\"name\":\"Can I be fired for being blind? - California Labor Law Employment Attorneys Group\",\"description\":\"Can I Be Fired for Being Blind? Our employment lawyers believe that everyone is entitled to make a living, regardless of any conditions or disabilities that one may have. This includes disabilities with respect to vision. Vision is not something that everyone is granted. Some people are born blind, and others lose it through some\",\"inLanguage\":\"es-MX\",\"isPartOf\":{\"@id\":\"https:\\\/\\\/www.losangelesemploymentattorney.org\\\/es\\\/#website\"},\"breadcrumb\":{\"@id\":\"https:\\\/\\\/www.losangelesemploymentattorney.org\\\/es\\\/can-i-be-fired-for-going-blind-losing-vision\\\/#breadcrumblist\"},\"datePublished\":\"2017-07-18T19:15:05+00:00\",\"dateModified\":\"2019-04-22T20:36:48+00:00\"},{\"@type\":\"WebSite\",\"@id\":\"https:\\\/\\\/www.losangelesemploymentattorney.org\\\/es\\\/#website\",\"url\":\"https:\\\/\\\/www.losangelesemploymentattorney.org\\\/es\\\/\",\"name\":\"California Labor Law Employment Attorneys Group\",\"inLanguage\":\"es-MX\",\"publisher\":{\"@id\":\"https:\\\/\\\/www.losangelesemploymentattorney.org\\\/es\\\/#organization\"}}]}\n\t\t<\/script>\n\t\t<!-- All in One SEO Pro -->\r\n\t\t<title>Can I be fired for being blind? - California Labor Law Employment Attorneys Group<\/title>\n\n","aioseo_head_json":{"title":"\u00bfMe pueden despedir por ser ciego? - Grupo de abogados laborales de derecho laboral de California","description":"\u00bfMe pueden despedir por ser ciego? Nuestros abogados laborales creen que todos tienen derecho a ganarse la vida, independientemente de las condiciones o discapacidades que puedan tener. Esto incluye discapacidades con respecto a la visi\u00f3n. La visi\u00f3n no es algo que se le conceda a todo el mundo. Algunas personas nacen ciegas y otras lo pierden por alguna raz\u00f3n.","canonical_url":"https:\/\/www.losangelesemploymentattorney.org\/es\/can-i-be-fired-for-going-blind-losing-vision\/","robots":"max-image-preview:large","keywords":"","webmasterTools":{"miscellaneous":""},"schema":{"@context":"https:\/\/schema.org","@graph":[{"@type":"BreadcrumbList","@id":"https:\/\/www.losangelesemploymentattorney.org\/es\/can-i-be-fired-for-going-blind-losing-vision\/#breadcrumblist","itemListElement":[{"@type":"ListItem","@id":"https:\/\/www.losangelesemploymentattorney.org\/es#listItem","position":1,"name":"Home","item":"https:\/\/www.losangelesemploymentattorney.org\/es","nextItem":{"@type":"ListItem","@id":"https:\/\/www.losangelesemploymentattorney.org\/es\/can-i-be-fired-for-going-blind-losing-vision\/#listItem","name":"Can I be fired for being blind?"}},{"@type":"ListItem","@id":"https:\/\/www.losangelesemploymentattorney.org\/es\/can-i-be-fired-for-going-blind-losing-vision\/#listItem","position":2,"name":"Can I be fired for being blind?","previousItem":{"@type":"ListItem","@id":"https:\/\/www.losangelesemploymentattorney.org\/es#listItem","name":"Home"}}]},{"@type":"Organization","@id":"https:\/\/www.losangelesemploymentattorney.org\/es\/#organization","name":"California Labor Law Employment Attorneys Group","url":"https:\/\/www.losangelesemploymentattorney.org\/es\/","email":"info@losangelesemploymentattorney.org","telephone":"+18884518915","numberOfEmployees":{"@type":"QuantitativeValue","value":400},"logo":{"@type":"ImageObject","url":"https:\/\/www.losangelesemploymentattorney.org\/wp-content\/uploads\/2021\/12\/clleaglogoss-01.png","@id":"https:\/\/www.losangelesemploymentattorney.org\/es\/can-i-be-fired-for-going-blind-losing-vision\/#organizationLogo","width":854,"height":261},"image":{"@id":"https:\/\/www.losangelesemploymentattorney.org\/es\/can-i-be-fired-for-going-blind-losing-vision\/#organizationLogo"},"address":{"@id":"https:\/\/www.losangelesemploymentattorney.org\/es\/#postaladdress","@type":"PostalAddress","streetAddress":"612 S Broadway, Suite 600","postalCode":"90014","addressLocality":"Los Angeles","addressRegion":"California","addressCountry":"US"}},{"@type":"WebPage","@id":"https:\/\/www.losangelesemploymentattorney.org\/es\/can-i-be-fired-for-going-blind-losing-vision\/#webpage","url":"https:\/\/www.losangelesemploymentattorney.org\/es\/can-i-be-fired-for-going-blind-losing-vision\/","name":"Can I be fired for being blind? - California Labor Law Employment Attorneys Group","description":"Can I Be Fired for Being Blind? Our employment lawyers believe that everyone is entitled to make a living, regardless of any conditions or disabilities that one may have. This includes disabilities with respect to vision. Vision is not something that everyone is granted. Some people are born blind, and others lose it through some","inLanguage":"es-MX","isPartOf":{"@id":"https:\/\/www.losangelesemploymentattorney.org\/es\/#website"},"breadcrumb":{"@id":"https:\/\/www.losangelesemploymentattorney.org\/es\/can-i-be-fired-for-going-blind-losing-vision\/#breadcrumblist"},"datePublished":"2017-07-18T19:15:05+00:00","dateModified":"2019-04-22T20:36:48+00:00"},{"@type":"WebSite","@id":"https:\/\/www.losangelesemploymentattorney.org\/es\/#website","url":"https:\/\/www.losangelesemploymentattorney.org\/es\/","name":"California Labor Law Employment Attorneys Group","inLanguage":"es-MX","publisher":{"@id":"https:\/\/www.losangelesemploymentattorney.org\/es\/#organization"}}]},"og:locale":"es_MX","og:site_name":"California Labor Law Employment Attorneys Group -","og:type":"article","og:title":"Can I be fired for being blind? - California Labor Law Employment Attorneys Group","og:description":"Can I Be Fired for Being Blind? Our employment lawyers believe that everyone is entitled to make a living, regardless of any conditions or disabilities that one may have. This includes disabilities with respect to vision. Vision is not something that everyone is granted. Some people are born blind, and others lose it through some","og:url":"https:\/\/www.losangelesemploymentattorney.org\/es\/can-i-be-fired-for-going-blind-losing-vision\/","article:published_time":"2017-07-18T19:15:05+00:00","article:modified_time":"2019-04-22T20:36:48+00:00","twitter:card":"summary_large_image","twitter:title":"Can I be fired for being blind? - California Labor Law Employment Attorneys Group","twitter:description":"Can I Be Fired for Being Blind? Our employment lawyers believe that everyone is entitled to make a living, regardless of any conditions or disabilities that one may have. This includes disabilities with respect to vision. Vision is not something that everyone is granted. Some people are born blind, and others lose it through some"},"aioseo_meta_data":{"post_id":"834","title":null,"description":null,"keywords":null,"keyphrases":null,"primary_term":null,"canonical_url":null,"og_title":null,"og_description":null,"og_object_type":"default","og_image_type":"default","og_image_url":null,"og_image_width":null,"og_image_height":null,"og_image_custom_url":null,"og_image_custom_fields":null,"og_video":null,"og_custom_url":null,"og_article_section":null,"og_article_tags":null,"twitter_use_og":false,"twitter_card":"default","twitter_image_type":"default","twitter_image_url":null,"twitter_image_custom_url":null,"twitter_image_custom_fields":null,"twitter_title":null,"twitter_description":null,"schema":{"blockGraphs":[],"customGraphs":[],"default":{"data":{"Article":[],"Course":[],"Dataset":[],"FAQPage":[],"Movie":[],"Person":[],"Product":[],"ProductReview":[],"Car":[],"Recipe":[],"Service":[],"SoftwareApplication":[],"WebPage":[]},"graphName":"","isEnabled":true},"graphs":[]},"schema_type":"default","schema_type_options":null,"pillar_content":false,"robots_default":true,"robots_noindex":false,"robots_noarchive":false,"robots_nosnippet":false,"robots_nofollow":false,"robots_noimageindex":false,"robots_noodp":false,"robots_notranslate":false,"robots_max_snippet":null,"robots_max_videopreview":null,"robots_max_imagepreview":"large","priority":null,"frequency":null,"local_seo":null,"seo_analyzer_scan_date":"2025-10-09 04:04:13","breadcrumb_settings":null,"limit_modified_date":false,"open_ai":null,"ai":null,"created":"2024-01-10 00:10:26","updated":"2025-10-21 20:53:27"},"aioseo_breadcrumb":"<div class=\"aioseo-breadcrumbs\"><span class=\"aioseo-breadcrumb\">\n\t<a href=\"https:\/\/www.losangelesemploymentattorney.org\/es\" title=\"Home\">Home<\/a>\n<\/span><span class=\"aioseo-breadcrumb-separator\">&raquo;<\/span><span class=\"aioseo-breadcrumb\">\n\tCan I be fired for being blind?\n<\/span><\/div>","aioseo_breadcrumb_json":[{"label":"Home","link":"https:\/\/www.losangelesemploymentattorney.org\/es"},{"label":"Can I be fired for being blind?","link":"https:\/\/www.losangelesemploymentattorney.org\/es\/can-i-be-fired-for-going-blind-losing-vision\/"}],"_links":{"self":[{"href":"https:\/\/www.losangelesemploymentattorney.org\/es\/wp-json\/wp\/v2\/pages\/834","targetHints":{"allow":["GET"]}}],"collection":[{"href":"https:\/\/www.losangelesemploymentattorney.org\/es\/wp-json\/wp\/v2\/pages"}],"about":[{"href":"https:\/\/www.losangelesemploymentattorney.org\/es\/wp-json\/wp\/v2\/types\/page"}],"author":[{"embeddable":true,"href":"https:\/\/www.losangelesemploymentattorney.org\/es\/wp-json\/wp\/v2\/users\/1"}],"replies":[{"embeddable":true,"href":"https:\/\/www.losangelesemploymentattorney.org\/es\/wp-json\/wp\/v2\/comments?post=834"}],"version-history":[{"count":9,"href":"https:\/\/www.losangelesemploymentattorney.org\/es\/wp-json\/wp\/v2\/pages\/834\/revisions"}],"predecessor-version":[{"id":10144,"href":"https:\/\/www.losangelesemploymentattorney.org\/es\/wp-json\/wp\/v2\/pages\/834\/revisions\/10144"}],"wp:attachment":[{"href":"https:\/\/www.losangelesemploymentattorney.org\/es\/wp-json\/wp\/v2\/media?parent=834"}],"curies":[{"name":"wp","href":"https:\/\/api.w.org\/{rel}","templated":true}]}}