{"id":889,"date":"2017-07-19T22:49:55","date_gmt":"2017-07-19T22:49:55","guid":{"rendered":"https:\/\/www.losangelesemploymentattorney.org\/?page_id=889"},"modified":"2018-08-10T23:31:47","modified_gmt":"2018-08-10T23:31:47","slug":"me-pueden-despedir-por-fumar-marihuana-2","status":"publish","type":"page","link":"https:\/\/www.losangelesemploymentattorney.org\/es\/can-i-be-fired-smoking-marijuana\/","title":{"rendered":"\u00bfMe pueden despedir por fumar marihuana?"},"content":{"rendered":"<h2>\u00bfMe pueden despedir por fumar marihuana en California?<\/h2>\n<p><img loading=\"lazy\" decoding=\"async\" class=\"size-medium wp-image-892 alignright\" src=\"https:\/\/www.losangelesemploymentattorney.org\/wp-content\/uploads\/2017\/07\/fired-for-marijuana-300x158.jpg\" alt=\"\" width=\"404\" height=\"213\" srcset=\"https:\/\/www.losangelesemploymentattorney.org\/wp-content\/uploads\/2017\/07\/fired-for-marijuana-300x158.jpg 300w, https:\/\/www.losangelesemploymentattorney.org\/wp-content\/uploads\/2017\/07\/fired-for-marijuana.jpg 404w\" sizes=\"auto, (max-width: 404px) 100vw, 404px\" \/>En el estado de California, un empleador no puede discriminar o despedir injustamente a un empleado. Si esto sucede, el empleado puede contratar a un abogado de discriminaci\u00f3n o de despido injustificado para demandar al empleador. Una vez que se haya presentado una demanda, ser\u00e1 responsabilidad del empleador presentarse y explicar la discriminaci\u00f3n.<\/p>\n<p>En los \u00faltimos a\u00f1os, varios estados est\u00e1n legalizando la marihuana, tanto medicinal como recreativa, de una forma u otra. Muchos empleados en esos estados se preguntan si est\u00e1n protegidos o no de ser despedidos por fumar marihuana en un estado que recientemente legaliz\u00f3 su uso recreativo o m\u00e9dico. En todos los estados, sin importar la reciente legalizaci\u00f3n del cannabis, los empleadores son libres de despedir a los empleados que est\u00e9n bajo la influencia de la marihuana en el trabajo. Pero \u00bfqu\u00e9 pasa con el consumo de marihuana cuando est\u00e1n fuera de servicio, en su propio tiempo que no interfiere con ninguna de sus responsabilidades laborales? En muchos estados, los empleadores todav\u00eda pueden despedir a los empleados que dan positivo en THC (el ingrediente activo de la marihuana) incluso cuando el empleado consume marihuana legalmente y fuera de la jornada laboral.<\/p>\n<p>California ha legalizado recientemente el uso recreativo de la marihuana y esto, naturalmente, lleva a que muchos empleados hagan preguntas en todo el estado. Nuestro Los \u00c1ngeles ayuda a los empleados en Los \u00c1ngeles y en todo el estado de California que han sido discriminados y despedidos injustificadamente. Nos hacen muchas preguntas sobre esta ley m\u00e1s reciente que tiene que ver con la legalizaci\u00f3n de la marihuana. Ejemplos de tales preguntas incluyen:<\/p>\n<ul>\n<li>\u00bfMe pueden despedir por fumar marihuana en California?<\/li>\n<li>\u00bfCu\u00e1les son los derechos de los fumadores de marihuana en el lugar de trabajo en California?<\/li>\n<li>Me enfrento a la discriminaci\u00f3n por fumar en el lugar de trabajo. Mi jefe me discrimina por fumar marihuana. \u00bfPuede hacerlo legalmente?<\/li>\n<li>\u00bfPuede mi empleador despedirme por fumar marihuana en mi tiempo libre? \u00bfPuedo demandar a mi empleador si eso sucede?<\/li>\n<li>Fumo marihuana en casa o durante la hora del almuerzo. No fumo en el lugar de trabajo. \u00bfMi empleador puede despedirme legalmente o discriminarme por fumar marihuana?<\/li>\n<li>\u00bfCu\u00e1les son las leyes sobre fumar marihuana en el lugar de trabajo? \u00bfPuede mi empleador despedirme por fumar marihuana en California?<\/li>\n<li>\u00bfPuedo perder mi trabajo por fumar marihuana legal?<\/li>\n<li>\u00bfMe pueden despedir de mi trabajo por fumar marihuana legal? \u00bfQu\u00e9 pasa con fumar marihuana recreativa?<\/li>\n<li>\u00bfTe pueden despedir por fumar marihuana fuera del trabajo?<\/li>\n<li>\u00bfTe pueden despedir por tener tarjeta m\u00e9dica?<\/li>\n<\/ul>\n<h2>Usar marihuana de forma recreativa <\/h2>\n<p>Hay varios estados de EE. UU. que han legalizado la marihuana para uso recreativo, incluidos Alaska, California, Colorado, Maine, Massachusetts, Nevada, Oreg\u00f3n y Washington. Sin embargo, en estas leyes no est\u00e1 escrito el mandato del estado de disuadir espec\u00edficamente a un empleador de despedir a un empleado debido a su consumo legal de marihuana fuera de servicio. Muchos de estos estados incluso hacen todo lo posible para afirmar que no infringir\u00e1n el derecho del empleador a continuar realizando pruebas de detecci\u00f3n de drogas mediante el uso de una prueba de drogas. Porque la mayor\u00eda de los tribunales estatales han fallado a favor del empleador y han sostenido que los empleadores pueden despedir a los empleados por consumo de marihuana fuera de servicio, independientemente de si es medicinal o recreativo.<\/p>\n<h2>Empleados de California y pruebas de drogas<\/h2>\n<p>Las drogas se absorben a trav\u00e9s del cuerpo de muchas maneras y los restos de esas drogas tardan un tiempo en abandonar completamente nuestro sistema. Al determinar si una prueba de drogas era legal o no en el estado de California, los tribunales sopesan la supuesta raz\u00f3n del empleador para realizar la prueba con el derecho del empleado a la privacidad. California tiende a inclinarse hacia los derechos del empleado y reconocer que un empleado tiene el reclamo m\u00e1s fuerte. \u00bfPor qu\u00e9? Debido a que el empleado ya tiene el trabajo, tiene un historial de desempe\u00f1o que puede usarse en su contra y le da al empleador menos necesidad de realizar pruebas.<\/p>\n<p>Un empleador puede solicitar legalmente una prueba de drogas si tiene una sospecha razonable de que un empleado est\u00e1 consumiendo drogas. La sospecha debe basarse en hechos objetivos. Y aunque las pruebas aleatorias de drogas son m\u00e1s controvertidas, algunos tribunales las han confirmado si la posici\u00f3n es sensible a la seguridad. Para obtener m\u00e1s informaci\u00f3n sobre la jurisprudencia al respecto, comun\u00edquese con nuestros abogados de Los \u00c1ngeles.<\/p>\n<h2>\u00bfMi empleador tiene que avisarme para una prueba de drogas? <\/h2>\n<p>El estado de California no cuenta con estatutos existentes para establecer procedimientos y protocolos espec\u00edficos de pruebas de drogas. Esto significa que usted est\u00e1 sujeto a las reglas, regulaciones y pol\u00edticas de pruebas de drogas que existen dentro del C\u00f3digo de Trabajo de su empleador. Si el c\u00f3digo laboral de su empleador establece espec\u00edficamente cu\u00e1ndo exigir\u00e1n una prueba de drogas, entonces es m\u00e1s probable que los tribunales se pongan del lado del empleador, ya que la mayor\u00eda de los empleados lo hacen &quot;a voluntad&quot;. Ser un empleado a voluntad significa que su empleador puede despedir su empleo sin ning\u00fan motivo, siempre y cuando el motivo no infrinja ninguna ley establecida para proteger los derechos de las personas. Por ejemplo, un empleador no puede despedir a un empleado simplemente porque pertenece a una minor\u00eda. Esto viola el T\u00edtulo VII de la Ley de Derechos Civiles de 1964.<\/p>\n<p>Entonces, por ejemplo, si su empleador ha reunido suficientes pruebas objetivas en su contra y cree que su desempe\u00f1o laboral se est\u00e1 viendo afectado por su consumo de marihuana (sin importar su legalidad), puede exigirle que se someta a una prueba de drogas y despedirlo si el resultado de la prueba es alto. vuelve positivo.<\/p>\n<p>Pero la prueba de drogas debe realizarse legalmente si el empleador quiere despedirlo. Si la prueba de drogas se realiz\u00f3 ilegalmente, el empleador no podr\u00eda tomar ninguna medida contra el empleado, independientemente de si la prueba de drogas result\u00f3 positiva o negativa. Las leyes federales no imponen ninguna restricci\u00f3n a las pruebas de detecci\u00f3n de drogas, pero muchos estados han creado sus propias leyes para ayudar a mitigar la situaci\u00f3n entre empleador y empleado.<\/p>\n<p>Hay muchos estados que administran y dictan c\u00f3mo y cu\u00e1ndo un empleador puede realizar pruebas de drogas. Muchas de estas leyes facilitan que los empleadores exijan una prueba de drogas a los solicitantes despu\u00e9s de hacerle una oferta de trabajo. Por ejemplo, un empleador puede exigir que cada nuevo empleado se someta a una prueba de drogas, y siempre que cada nuevo empleado tenga que realizar la prueba de drogas, a menudo se considera legal. Sin embargo, los empleados en algunos estados tienen m\u00e1s protecciones que sus hom\u00f3logos solicitantes. Los empleadores no pueden realizar pruebas de detecci\u00f3n de drogas programadas o aleatorias si el empleado ya trabaja para la empresa. En cambio, el empleador exige una raz\u00f3n leg\u00edtima para realizar pruebas a su empleado o empleados. Las razones para realizar pruebas de drogas leg\u00edtimas incluyen:<\/p>\n<ul>\n<li>El empleado parece estar bajo la influencia de marihuana durante el horario laboral;<\/li>\n<li>El empleado estuvo involucrado en un incidente relacionado con el trabajo que result\u00f3 en una lesi\u00f3n o da\u00f1o a la propiedad;<\/li>\n<li>El empleado estuvo en un centro de rehabilitaci\u00f3n y se reincorpora a sus labores luego de haber cumplido el plazo requerido;<\/li>\n<li>El empleado ocupa un puesto sensible a la seguridad.<\/li>\n<\/ul>\n<p>El empleador puede tener el derecho legal de administrar una prueba de drogas, pero muchos estados les dan a los empleadores un cierto procedimiento a seguir si quieren que un empleado se someta a una prueba de drogas:<\/p>\n<ul>\n<li>Utilice un laboratorio certificado por el estado;<\/li>\n<li>Proporcionar aviso previo;<\/li>\n<li>Dar al solicitante la oportunidad de impugnar los resultados de la prueba;<\/li>\n<li>Pagar algunos o todos los costos asociados con la prueba de drogas;<\/li>\n<li>La prueba debe minimizar la intrusi\u00f3n en la privacidad del empleado.<\/li>\n<\/ul>\n<h2>Consulta gratuita y garant\u00eda de tarifa cero<\/h2>\n<p>Nuestro grupo de abogados est\u00e1 aqu\u00ed para garantizar que su empleador no viole ninguna ley ni infrinja sus derechos. Ofrecemos consulta gratuita y una garant\u00eda sin cargo para brindarle la seguridad que necesita para saber que estamos aqu\u00ed para representarlo lo mejor que podamos. Cuando se comunique con nosotros, un abogado altamente capacitado en el campo del derecho laboral hablar\u00e1 con usted y le brindar\u00e1 una revisi\u00f3n gratuita de su caso. Si aceptamos su caso, no nos debe nada a menos y hasta que ganemos su caso. Si no ganamos, no tienes que pagar nada.<\/p>","protected":false},"excerpt":{"rendered":"<p>\u00bfMe pueden despedir por fumar marihuana en California? En el estado de California, un empleador no puede discriminar o despedir injustamente a un empleado. Si esto sucede, el empleado puede contratar a un abogado de discriminaci\u00f3n o de despido injustificado para demandar al empleador. Una vez presentada la demanda, ser\u00e1 responsabilidad del empleador\u2026<\/p>","protected":false},"author":1,"featured_media":0,"parent":0,"menu_order":0,"comment_status":"closed","ping_status":"closed","template":"","meta":{"om_disable_all_campaigns":false,"_monsterinsights_skip_tracking":false,"_monsterinsights_sitenote_active":false,"_monsterinsights_sitenote_note":"","_monsterinsights_sitenote_category":0,"footnotes":""},"class_list":["post-889","page","type-page","status-publish"],"aioseo_notices":[],"aioseo_head":"\n\t\t<!-- All in One SEO Pro 4.9.6.2 - aioseo.com -->\n\t<meta name=\"description\" content=\"Can I Be Fired for Smoking Marijuana in California? In the state of California, an employer cannot wrongfully discriminate against or wrongfully terminate an employee. If such happens, the employee can hire a discrimination lawyer or wrongful termination lawyer to sue the employer. Once a lawsuit has been filed, it will be the employer&#039;s responsibility\" \/>\n\t<meta name=\"robots\" content=\"max-image-preview:large\" \/>\n\t<link rel=\"canonical\" href=\"https:\/\/www.losangelesemploymentattorney.org\/es\/can-i-be-fired-smoking-marijuana\/\" \/>\n\t<meta name=\"generator\" content=\"All in One SEO Pro (AIOSEO) 4.9.6.2\" \/>\n\t\t<meta property=\"og:locale\" content=\"es_MX\" \/>\n\t\t<meta property=\"og:site_name\" content=\"California Labor Law Employment Attorneys Group -\" \/>\n\t\t<meta property=\"og:type\" content=\"article\" \/>\n\t\t<meta property=\"og:title\" content=\"Can I Be Fired for Smoking Marijuana - California Labor Law Employment Attorneys Group\" \/>\n\t\t<meta property=\"og:description\" content=\"Can I Be Fired for Smoking Marijuana in California? In the state of California, an employer cannot wrongfully discriminate against or wrongfully terminate an employee. If such happens, the employee can hire a discrimination lawyer or wrongful termination lawyer to sue the employer. Once a lawsuit has been filed, it will be the employer&#039;s responsibility\" \/>\n\t\t<meta property=\"og:url\" content=\"https:\/\/www.losangelesemploymentattorney.org\/es\/can-i-be-fired-smoking-marijuana\/\" \/>\n\t\t<meta property=\"article:published_time\" content=\"2017-07-19T22:49:55+00:00\" \/>\n\t\t<meta property=\"article:modified_time\" content=\"2018-08-10T23:31:47+00:00\" \/>\n\t\t<meta name=\"twitter:card\" content=\"summary_large_image\" \/>\n\t\t<meta name=\"twitter:title\" content=\"Can I Be Fired for Smoking Marijuana - California Labor Law Employment Attorneys Group\" \/>\n\t\t<meta name=\"twitter:description\" content=\"Can I Be Fired for Smoking Marijuana in California? In the state of California, an employer cannot wrongfully discriminate against or wrongfully terminate an employee. If such happens, the employee can hire a discrimination lawyer or wrongful termination lawyer to sue the employer. Once a lawsuit has been filed, it will be the employer&#039;s responsibility\" \/>\n\t\t<script type=\"application\/ld+json\" class=\"aioseo-schema\">\n\t\t\t{\"@context\":\"https:\\\/\\\/schema.org\",\"@graph\":[{\"@type\":\"BreadcrumbList\",\"@id\":\"https:\\\/\\\/www.losangelesemploymentattorney.org\\\/es\\\/can-i-be-fired-smoking-marijuana\\\/#breadcrumblist\",\"itemListElement\":[{\"@type\":\"ListItem\",\"@id\":\"https:\\\/\\\/www.losangelesemploymentattorney.org\\\/es#listItem\",\"position\":1,\"name\":\"Home\",\"item\":\"https:\\\/\\\/www.losangelesemploymentattorney.org\\\/es\",\"nextItem\":{\"@type\":\"ListItem\",\"@id\":\"https:\\\/\\\/www.losangelesemploymentattorney.org\\\/es\\\/can-i-be-fired-smoking-marijuana\\\/#listItem\",\"name\":\"Can I Be Fired for Smoking Marijuana\"}},{\"@type\":\"ListItem\",\"@id\":\"https:\\\/\\\/www.losangelesemploymentattorney.org\\\/es\\\/can-i-be-fired-smoking-marijuana\\\/#listItem\",\"position\":2,\"name\":\"Can I Be Fired for Smoking Marijuana\",\"previousItem\":{\"@type\":\"ListItem\",\"@id\":\"https:\\\/\\\/www.losangelesemploymentattorney.org\\\/es#listItem\",\"name\":\"Home\"}}]},{\"@type\":\"Organization\",\"@id\":\"https:\\\/\\\/www.losangelesemploymentattorney.org\\\/es\\\/#organization\",\"name\":\"California Labor Law Employment Attorneys Group\",\"url\":\"https:\\\/\\\/www.losangelesemploymentattorney.org\\\/es\\\/\",\"email\":\"info@losangelesemploymentattorney.org\",\"telephone\":\"+18884518915\",\"numberOfEmployees\":{\"@type\":\"QuantitativeValue\",\"value\":400},\"logo\":{\"@type\":\"ImageObject\",\"url\":\"https:\\\/\\\/www.losangelesemploymentattorney.org\\\/wp-content\\\/uploads\\\/2021\\\/12\\\/clleaglogoss-01.png\",\"@id\":\"https:\\\/\\\/www.losangelesemploymentattorney.org\\\/es\\\/can-i-be-fired-smoking-marijuana\\\/#organizationLogo\",\"width\":854,\"height\":261},\"image\":{\"@id\":\"https:\\\/\\\/www.losangelesemploymentattorney.org\\\/es\\\/can-i-be-fired-smoking-marijuana\\\/#organizationLogo\"},\"address\":{\"@id\":\"https:\\\/\\\/www.losangelesemploymentattorney.org\\\/es\\\/#postaladdress\",\"@type\":\"PostalAddress\",\"streetAddress\":\"612 S Broadway, Suite 600\",\"postalCode\":\"90014\",\"addressLocality\":\"Los Angeles\",\"addressRegion\":\"California\",\"addressCountry\":\"US\"}},{\"@type\":\"WebPage\",\"@id\":\"https:\\\/\\\/www.losangelesemploymentattorney.org\\\/es\\\/can-i-be-fired-smoking-marijuana\\\/#webpage\",\"url\":\"https:\\\/\\\/www.losangelesemploymentattorney.org\\\/es\\\/can-i-be-fired-smoking-marijuana\\\/\",\"name\":\"Can I Be Fired for Smoking Marijuana - California Labor Law Employment Attorneys Group\",\"description\":\"Can I Be Fired for Smoking Marijuana in California? In the state of California, an employer cannot wrongfully discriminate against or wrongfully terminate an employee. If such happens, the employee can hire a discrimination lawyer or wrongful termination lawyer to sue the employer. Once a lawsuit has been filed, it will be the employer's responsibility\",\"inLanguage\":\"es-MX\",\"isPartOf\":{\"@id\":\"https:\\\/\\\/www.losangelesemploymentattorney.org\\\/es\\\/#website\"},\"breadcrumb\":{\"@id\":\"https:\\\/\\\/www.losangelesemploymentattorney.org\\\/es\\\/can-i-be-fired-smoking-marijuana\\\/#breadcrumblist\"},\"datePublished\":\"2017-07-19T22:49:55+00:00\",\"dateModified\":\"2018-08-10T23:31:47+00:00\"},{\"@type\":\"WebSite\",\"@id\":\"https:\\\/\\\/www.losangelesemploymentattorney.org\\\/es\\\/#website\",\"url\":\"https:\\\/\\\/www.losangelesemploymentattorney.org\\\/es\\\/\",\"name\":\"California Labor Law Employment Attorneys Group\",\"inLanguage\":\"es-MX\",\"publisher\":{\"@id\":\"https:\\\/\\\/www.losangelesemploymentattorney.org\\\/es\\\/#organization\"}}]}\n\t\t<\/script>\n\t\t<!-- All in One SEO Pro -->\r\n\t\t<title>Can I Be Fired for Smoking Marijuana - California Labor Law Employment Attorneys Group<\/title>\n\n","aioseo_head_json":{"title":"\u00bfMe pueden despedir por fumar marihuana? - Grupo de abogados de empleo de derecho laboral de California","description":"\u00bfMe pueden despedir por fumar marihuana en California? En el estado de California, un empleador no puede discriminar o despedir injustamente a un empleado. Si esto sucede, el empleado puede contratar a un abogado de discriminaci\u00f3n o de despido injustificado para demandar al empleador. Una vez presentada la demanda, ser\u00e1 responsabilidad del empleador","canonical_url":"https:\/\/www.losangelesemploymentattorney.org\/es\/can-i-be-fired-smoking-marijuana\/","robots":"max-image-preview:large","keywords":"","webmasterTools":{"miscellaneous":""},"schema":{"@context":"https:\/\/schema.org","@graph":[{"@type":"BreadcrumbList","@id":"https:\/\/www.losangelesemploymentattorney.org\/es\/can-i-be-fired-smoking-marijuana\/#breadcrumblist","itemListElement":[{"@type":"ListItem","@id":"https:\/\/www.losangelesemploymentattorney.org\/es#listItem","position":1,"name":"Home","item":"https:\/\/www.losangelesemploymentattorney.org\/es","nextItem":{"@type":"ListItem","@id":"https:\/\/www.losangelesemploymentattorney.org\/es\/can-i-be-fired-smoking-marijuana\/#listItem","name":"Can I Be Fired for Smoking Marijuana"}},{"@type":"ListItem","@id":"https:\/\/www.losangelesemploymentattorney.org\/es\/can-i-be-fired-smoking-marijuana\/#listItem","position":2,"name":"Can I Be Fired for Smoking Marijuana","previousItem":{"@type":"ListItem","@id":"https:\/\/www.losangelesemploymentattorney.org\/es#listItem","name":"Home"}}]},{"@type":"Organization","@id":"https:\/\/www.losangelesemploymentattorney.org\/es\/#organization","name":"California Labor Law Employment Attorneys Group","url":"https:\/\/www.losangelesemploymentattorney.org\/es\/","email":"info@losangelesemploymentattorney.org","telephone":"+18884518915","numberOfEmployees":{"@type":"QuantitativeValue","value":400},"logo":{"@type":"ImageObject","url":"https:\/\/www.losangelesemploymentattorney.org\/wp-content\/uploads\/2021\/12\/clleaglogoss-01.png","@id":"https:\/\/www.losangelesemploymentattorney.org\/es\/can-i-be-fired-smoking-marijuana\/#organizationLogo","width":854,"height":261},"image":{"@id":"https:\/\/www.losangelesemploymentattorney.org\/es\/can-i-be-fired-smoking-marijuana\/#organizationLogo"},"address":{"@id":"https:\/\/www.losangelesemploymentattorney.org\/es\/#postaladdress","@type":"PostalAddress","streetAddress":"612 S Broadway, Suite 600","postalCode":"90014","addressLocality":"Los Angeles","addressRegion":"California","addressCountry":"US"}},{"@type":"WebPage","@id":"https:\/\/www.losangelesemploymentattorney.org\/es\/can-i-be-fired-smoking-marijuana\/#webpage","url":"https:\/\/www.losangelesemploymentattorney.org\/es\/can-i-be-fired-smoking-marijuana\/","name":"Can I Be Fired for Smoking Marijuana - California Labor Law Employment Attorneys Group","description":"Can I Be Fired for Smoking Marijuana in California? In the state of California, an employer cannot wrongfully discriminate against or wrongfully terminate an employee. If such happens, the employee can hire a discrimination lawyer or wrongful termination lawyer to sue the employer. Once a lawsuit has been filed, it will be the employer's responsibility","inLanguage":"es-MX","isPartOf":{"@id":"https:\/\/www.losangelesemploymentattorney.org\/es\/#website"},"breadcrumb":{"@id":"https:\/\/www.losangelesemploymentattorney.org\/es\/can-i-be-fired-smoking-marijuana\/#breadcrumblist"},"datePublished":"2017-07-19T22:49:55+00:00","dateModified":"2018-08-10T23:31:47+00:00"},{"@type":"WebSite","@id":"https:\/\/www.losangelesemploymentattorney.org\/es\/#website","url":"https:\/\/www.losangelesemploymentattorney.org\/es\/","name":"California Labor Law Employment Attorneys Group","inLanguage":"es-MX","publisher":{"@id":"https:\/\/www.losangelesemploymentattorney.org\/es\/#organization"}}]},"og:locale":"es_MX","og:site_name":"California Labor Law Employment Attorneys Group -","og:type":"article","og:title":"Can I Be Fired for Smoking Marijuana - California Labor Law Employment Attorneys Group","og:description":"Can I Be Fired for Smoking Marijuana in California? In the state of California, an employer cannot wrongfully discriminate against or wrongfully terminate an employee. If such happens, the employee can hire a discrimination lawyer or wrongful termination lawyer to sue the employer. Once a lawsuit has been filed, it will be the employer's responsibility","og:url":"https:\/\/www.losangelesemploymentattorney.org\/es\/can-i-be-fired-smoking-marijuana\/","article:published_time":"2017-07-19T22:49:55+00:00","article:modified_time":"2018-08-10T23:31:47+00:00","twitter:card":"summary_large_image","twitter:title":"Can I Be Fired for Smoking Marijuana - California Labor Law Employment Attorneys Group","twitter:description":"Can I Be Fired for Smoking Marijuana in California? In the state of California, an employer cannot wrongfully discriminate against or wrongfully terminate an employee. If such happens, the employee can hire a discrimination lawyer or wrongful termination lawyer to sue the employer. Once a lawsuit has been filed, it will be the employer's responsibility"},"aioseo_meta_data":{"post_id":"889","title":null,"description":null,"keywords":null,"keyphrases":null,"primary_term":null,"canonical_url":null,"og_title":null,"og_description":null,"og_object_type":"default","og_image_type":"default","og_image_url":null,"og_image_width":null,"og_image_height":null,"og_image_custom_url":null,"og_image_custom_fields":null,"og_video":null,"og_custom_url":null,"og_article_section":null,"og_article_tags":null,"twitter_use_og":false,"twitter_card":"default","twitter_image_type":"default","twitter_image_url":null,"twitter_image_custom_url":null,"twitter_image_custom_fields":null,"twitter_title":null,"twitter_description":null,"schema":{"blockGraphs":[],"customGraphs":[],"default":{"data":{"Article":[],"Course":[],"Dataset":[],"FAQPage":[],"Movie":[],"Person":[],"Product":[],"ProductReview":[],"Car":[],"Recipe":[],"Service":[],"SoftwareApplication":[],"WebPage":[]},"graphName":"","isEnabled":true},"graphs":[]},"schema_type":"default","schema_type_options":null,"pillar_content":false,"robots_default":true,"robots_noindex":false,"robots_noarchive":false,"robots_nosnippet":false,"robots_nofollow":false,"robots_noimageindex":false,"robots_noodp":false,"robots_notranslate":false,"robots_max_snippet":null,"robots_max_videopreview":null,"robots_max_imagepreview":"large","priority":null,"frequency":null,"local_seo":null,"seo_analyzer_scan_date":"2025-10-09 03:56:09","breadcrumb_settings":null,"limit_modified_date":false,"open_ai":null,"ai":null,"created":"2024-01-10 00:10:27","updated":"2025-10-21 20:53:27"},"aioseo_breadcrumb":"<div class=\"aioseo-breadcrumbs\"><span class=\"aioseo-breadcrumb\">\n\t<a href=\"https:\/\/www.losangelesemploymentattorney.org\/es\" title=\"Home\">Home<\/a>\n<\/span><span class=\"aioseo-breadcrumb-separator\">&raquo;<\/span><span class=\"aioseo-breadcrumb\">\n\tCan I Be Fired for Smoking Marijuana\n<\/span><\/div>","aioseo_breadcrumb_json":[{"label":"Home","link":"https:\/\/www.losangelesemploymentattorney.org\/es"},{"label":"Can I Be Fired for Smoking Marijuana","link":"https:\/\/www.losangelesemploymentattorney.org\/es\/can-i-be-fired-smoking-marijuana\/"}],"_links":{"self":[{"href":"https:\/\/www.losangelesemploymentattorney.org\/es\/wp-json\/wp\/v2\/pages\/889","targetHints":{"allow":["GET"]}}],"collection":[{"href":"https:\/\/www.losangelesemploymentattorney.org\/es\/wp-json\/wp\/v2\/pages"}],"about":[{"href":"https:\/\/www.losangelesemploymentattorney.org\/es\/wp-json\/wp\/v2\/types\/page"}],"author":[{"embeddable":true,"href":"https:\/\/www.losangelesemploymentattorney.org\/es\/wp-json\/wp\/v2\/users\/1"}],"replies":[{"embeddable":true,"href":"https:\/\/www.losangelesemploymentattorney.org\/es\/wp-json\/wp\/v2\/comments?post=889"}],"version-history":[{"count":5,"href":"https:\/\/www.losangelesemploymentattorney.org\/es\/wp-json\/wp\/v2\/pages\/889\/revisions"}],"predecessor-version":[{"id":895,"href":"https:\/\/www.losangelesemploymentattorney.org\/es\/wp-json\/wp\/v2\/pages\/889\/revisions\/895"}],"wp:attachment":[{"href":"https:\/\/www.losangelesemploymentattorney.org\/es\/wp-json\/wp\/v2\/media?parent=889"}],"curies":[{"name":"wp","href":"https:\/\/api.w.org\/{rel}","templated":true}]}}