{"id":945,"date":"2017-07-21T01:13:51","date_gmt":"2017-07-21T01:13:51","guid":{"rendered":"https:\/\/www.losangelesemploymentattorney.org\/?page_id=945"},"modified":"2019-07-16T19:59:09","modified_gmt":"2019-07-16T19:59:09","slug":"presentar-una-queja-ante-la-eeoc-por-discriminacion-por-embarazo-2","status":"publish","type":"page","link":"https:\/\/www.losangelesemploymentattorney.org\/es\/file-eeoc-complaint-pregnancy-discrimination\/","title":{"rendered":"C\u00f3mo presentar una queja ante la EEOC por discriminaci\u00f3n por embarazo"},"content":{"rendered":"<h2>C\u00f3mo presentar una queja ante la EEOC por discriminaci\u00f3n por embarazo<\/h2>\n<p>Los empleadores no pueden discriminar a las empleadas que est\u00e9n embarazadas o que vayan a quedar embarazadas. La discriminaci\u00f3n ocurre cuando un empleador trata a un empleado de manera diferente o fundamenta acciones contra un empleado que es parte de un grupo protegido de personas; en este caso, las mujeres embarazadas son una clase protegida de personas que no pueden ser discriminadas \u00fanicamente por estar embarazadas. Por ejemplo, si una empleada embarazada est\u00e1 candidata a un ascenso y es claramente la m\u00e1s calificada para ese ascenso pero no lo obtiene porque el empleador cree que el embarazo interferir\u00e1 de alguna manera con el negocio, esa empleada ha sido discriminada y tiene motivos para presentar una demanda por discriminaci\u00f3n contra su empleador.<\/p>\n<h2>La Comisi\u00f3n de Igualdad de Oportunidades en el Empleo (EEOC) de EE. UU.<\/h2>\n<p>Si desea presentar un cargo por discriminaci\u00f3n por embarazo ante la EEOC, puede hacerlo en la oficina m\u00e1s cercana a su lugar de residencia, o en cualquiera de las 53 oficinas de campo que existen. Cabe se\u00f1alar que la oficina m\u00e1s cercana a la sede corporativa de su empleador puede investigar su cargo contra la empresa.<\/p>\n<p>El tiempo que tiene para presentar oficialmente el expediente depende de d\u00f3nde tuvo lugar la discriminaci\u00f3n.<\/p>\n<p>Por lo general, hay un plazo de 180 d\u00edas calendario desde la discriminaci\u00f3n, pero se extiende a 300 d\u00edas calendario si el estado en el que ocurri\u00f3 tiene una ordenanza estatal o local que proh\u00edbe la discriminaci\u00f3n por embarazo (u otras formas de discriminaci\u00f3n) en el lugar de trabajo. En el estado de California, el tiempo que tiene para presentar una queja ante la EEOC contra su empleador se extiende a 300 d\u00edas.<\/p>\n<p>Muchos estados y localidades de EE. UU. cuentan con agencias y leyes que proh\u00edben la discriminaci\u00f3n, incluida la discriminaci\u00f3n por embarazo. La EEOC se refiere a estas agencias estatales y locales como Agencias de Pr\u00e1cticas Justas de Empleo, o FEPA. La EEOC y algunas FEPA tienen acuerdos de trabajo compartido para evitar cualquier duplicaci\u00f3n del proceso de cargos. \u00bfQu\u00e9 quiere decir esto? Esto significa que si presenta un cargo ante cualquiera de las agencias, autom\u00e1ticamente se presentar\u00e1 un cargo duplicado ante la otra agencia.<\/p>\n<h2>Para presentar una queja ante la EEOC <\/h2>\n<p>Hay muchas opciones disponibles para presentar un cargo contra su empleador por discriminaci\u00f3n por embarazo. Puede presentar la solicitud en persona, por tel\u00e9fono, por correo o en l\u00ednea si es una persona que vive dentro de un radio de 100 millas de cinco oficinas de la EEOC. (Estas oficinas son Charlotte, Chicago, Nueva Orleans, Phoenix o Seattle).<\/p>\n<h2>En persona<\/h2>\n<p>Cada oficina de la EEOC tiene su propia pol\u00edtica para quienes desean presentar la solicitud en persona, tanto para citas como sin cita previa. Aseg\u00farese de consultar las reglas de la oficina m\u00e1s cercana a usted antes de realizar su visita.<\/p>\n<h2>Que traer<\/h2>\n<p>Debe traer consigo cualquier informaci\u00f3n, papeles, documentos, etc., que ayuden a la EEOC a comprender su caso y darles una idea de si tiene un caso s\u00f3lido o no. Por ejemplo, si solicit\u00f3 la licencia por embarazo para hacer frente a cualquier necesidad de atenci\u00f3n m\u00e9dica relacionada con su embarazo y fue cancelada poco despu\u00e9s, es posible que desee traer el aviso que indique que fue cancelada y la solicitud de su licencia por embarazo. .<\/p>\n<h2>A qui\u00e9n traer<\/h2>\n<p>Est\u00e1 en su derecho traer a quien quiera a su reuni\u00f3n con la EEOC. Puede traer a su abogado para que lo ayude a navegar por las complejidades de las leyes que quiz\u00e1s no conozca o no conozca completamente. Si necesita asistencia especial durante la reuni\u00f3n, como un int\u00e9rprete\/traductor de un idioma extranjero o lenguaje de se\u00f1as, inf\u00f3rmeselo a la EEOC antes de la reuni\u00f3n para que puedan organizar todas las necesidades.<\/p>\n<h2>A trav\u00e9s del tel\u00e9fono<\/h2>\n<p>La EEOC no realiza cargos por tel\u00e9fono, pero eso no significa que no pueda iniciar el proceso. Puede llamar al (800) 669-4000 para transmitir informaci\u00f3n b\u00e1sica sobre su cargo; luego enviar\u00e1n esa informaci\u00f3n a la oficina de la EEOC m\u00e1s cercana. Una vez que reciban esta informaci\u00f3n, se pondr\u00e1n en contacto con usted sobre los posibles pr\u00f3ximos pasos.<\/p>\n<h2>Por correo<\/h2>\n<p>Puedes enviar un cargo por correo. Si desea presentar su cargo por correo, aseg\u00farese de tener la siguiente informaci\u00f3n dentro del sobre:<\/p>\n<ul>\n<li><em>Su <\/em>nombre, direcci\u00f3n, n\u00famero de tel\u00e9fono;<\/li>\n<li>Nombre, direcci\u00f3n, n\u00famero de tel\u00e9fono de su <em>empleador <\/em>contra qui\u00e9n desea presentar el cargo;<\/li>\n<li>Nombres y n\u00fameros de cualquiera de sus compa\u00f1eros de trabajo (si los conoce);<\/li>\n<li>Breve descripci\u00f3n de los hechos que tuvieron lugar y que usted cree que fueron discriminatorios (despidos, descensos de categor\u00eda, acoso, etc.);<\/li>\n<li>Cu\u00e1ndo ocurrieron los hechos;<\/li>\n<li>La raz\u00f3n por la que cree que fue discriminada (en este caso, discriminaci\u00f3n por embarazo);<\/li>\n<li>\u00a1Su firma! Si no firma su carta, la EEOC no puede investigar su reclamo.<\/li>\n<\/ul>\n<h2>Presentar un cargo a trav\u00e9s de la evaluaci\u00f3n en l\u00ednea de la EEOC<\/h2>\n<p>La EEOC tiene un programa en l\u00ednea al que pueden acceder personas que viven dentro de un radio de 100 millas de Charlotte, Chicago, Nueva Orleans, Phoenix o Seattle.<\/p>\n<h2>Consulta gratis<\/h2>\n<p>Si tiene alguna pregunta relacionada con la legislaci\u00f3n laboral o la legislaci\u00f3n laboral o si desea que nuestros abogados revisen su caso, comun\u00edquese con nosotros para una consulta gratuita.<\/p>","protected":false},"excerpt":{"rendered":"<p>C\u00f3mo presentar una queja ante la EEOC por discriminaci\u00f3n por embarazo Los empleadores no pueden discriminar a empleadas que est\u00e9n o que vayan a quedar embarazadas. La discriminaci\u00f3n ocurre cuando un empleador trata a un empleado de manera diferente o basa acciones contra un empleado que es parte de un grupo protegido de personas; en este caso, las mujeres embarazadas son un grupo protegido...<\/p>","protected":false},"author":1,"featured_media":0,"parent":0,"menu_order":0,"comment_status":"closed","ping_status":"closed","template":"","meta":{"om_disable_all_campaigns":false,"_monsterinsights_skip_tracking":false,"_monsterinsights_sitenote_active":false,"_monsterinsights_sitenote_note":"","_monsterinsights_sitenote_category":0,"footnotes":""},"class_list":["post-945","page","type-page","status-publish"],"aioseo_notices":[],"aioseo_head":"\n\t\t<!-- All in One SEO Pro 4.9.6.2 - aioseo.com -->\n\t<meta name=\"description\" content=\"How to File an EEOC Complaint for Pregnancy Discrimination Employers cannot discriminate against employees that are pregnant or will become pregnant. Discrimination occurs when an employer treats an employee differently or bases actions against an employee who is a part of a protected group of persons \u2014 in this case, pregnant women are a protected\" \/>\n\t<meta name=\"robots\" content=\"max-image-preview:large\" \/>\n\t<link rel=\"canonical\" href=\"https:\/\/www.losangelesemploymentattorney.org\/es\/file-eeoc-complaint-pregnancy-discrimination\/\" \/>\n\t<meta name=\"generator\" content=\"All in One SEO Pro (AIOSEO) 4.9.6.2\" \/>\n\t\t<meta property=\"og:locale\" content=\"es_MX\" \/>\n\t\t<meta property=\"og:site_name\" content=\"California Labor Law Employment Attorneys Group -\" \/>\n\t\t<meta property=\"og:type\" content=\"article\" \/>\n\t\t<meta property=\"og:title\" content=\"How to File an EEOC Complaint for Pregnancy Discrimination - California Labor Law Employment Attorneys Group\" \/>\n\t\t<meta property=\"og:description\" content=\"How to File an EEOC Complaint for Pregnancy Discrimination Employers cannot discriminate against employees that are pregnant or will become pregnant. Discrimination occurs when an employer treats an employee differently or bases actions against an employee who is a part of a protected group of persons \u2014 in this case, pregnant women are a protected\" \/>\n\t\t<meta property=\"og:url\" content=\"https:\/\/www.losangelesemploymentattorney.org\/es\/file-eeoc-complaint-pregnancy-discrimination\/\" \/>\n\t\t<meta property=\"article:published_time\" content=\"2017-07-21T01:13:51+00:00\" \/>\n\t\t<meta property=\"article:modified_time\" content=\"2019-07-16T19:59:09+00:00\" \/>\n\t\t<meta name=\"twitter:card\" content=\"summary_large_image\" \/>\n\t\t<meta name=\"twitter:title\" content=\"How to File an EEOC Complaint for Pregnancy Discrimination - California Labor Law Employment Attorneys Group\" \/>\n\t\t<meta name=\"twitter:description\" content=\"How to File an EEOC Complaint for Pregnancy Discrimination Employers cannot discriminate against employees that are pregnant or will become pregnant. Discrimination occurs when an employer treats an employee differently or bases actions against an employee who is a part of a protected group of persons \u2014 in this case, pregnant women are a protected\" \/>\n\t\t<script type=\"application\/ld+json\" class=\"aioseo-schema\">\n\t\t\t{\"@context\":\"https:\\\/\\\/schema.org\",\"@graph\":[{\"@type\":\"BreadcrumbList\",\"@id\":\"https:\\\/\\\/www.losangelesemploymentattorney.org\\\/es\\\/file-eeoc-complaint-pregnancy-discrimination\\\/#breadcrumblist\",\"itemListElement\":[{\"@type\":\"ListItem\",\"@id\":\"https:\\\/\\\/www.losangelesemploymentattorney.org\\\/es#listItem\",\"position\":1,\"name\":\"Home\",\"item\":\"https:\\\/\\\/www.losangelesemploymentattorney.org\\\/es\",\"nextItem\":{\"@type\":\"ListItem\",\"@id\":\"https:\\\/\\\/www.losangelesemploymentattorney.org\\\/es\\\/file-eeoc-complaint-pregnancy-discrimination\\\/#listItem\",\"name\":\"How to File an EEOC Complaint for Pregnancy Discrimination\"}},{\"@type\":\"ListItem\",\"@id\":\"https:\\\/\\\/www.losangelesemploymentattorney.org\\\/es\\\/file-eeoc-complaint-pregnancy-discrimination\\\/#listItem\",\"position\":2,\"name\":\"How to File an EEOC Complaint for Pregnancy Discrimination\",\"previousItem\":{\"@type\":\"ListItem\",\"@id\":\"https:\\\/\\\/www.losangelesemploymentattorney.org\\\/es#listItem\",\"name\":\"Home\"}}]},{\"@type\":\"Organization\",\"@id\":\"https:\\\/\\\/www.losangelesemploymentattorney.org\\\/es\\\/#organization\",\"name\":\"California Labor Law Employment Attorneys Group\",\"url\":\"https:\\\/\\\/www.losangelesemploymentattorney.org\\\/es\\\/\",\"email\":\"info@losangelesemploymentattorney.org\",\"telephone\":\"+18884518915\",\"numberOfEmployees\":{\"@type\":\"QuantitativeValue\",\"value\":400},\"logo\":{\"@type\":\"ImageObject\",\"url\":\"https:\\\/\\\/www.losangelesemploymentattorney.org\\\/wp-content\\\/uploads\\\/2021\\\/12\\\/clleaglogoss-01.png\",\"@id\":\"https:\\\/\\\/www.losangelesemploymentattorney.org\\\/es\\\/file-eeoc-complaint-pregnancy-discrimination\\\/#organizationLogo\",\"width\":854,\"height\":261},\"image\":{\"@id\":\"https:\\\/\\\/www.losangelesemploymentattorney.org\\\/es\\\/file-eeoc-complaint-pregnancy-discrimination\\\/#organizationLogo\"},\"address\":{\"@id\":\"https:\\\/\\\/www.losangelesemploymentattorney.org\\\/es\\\/#postaladdress\",\"@type\":\"PostalAddress\",\"streetAddress\":\"612 S Broadway, Suite 600\",\"postalCode\":\"90014\",\"addressLocality\":\"Los Angeles\",\"addressRegion\":\"California\",\"addressCountry\":\"US\"}},{\"@type\":\"WebPage\",\"@id\":\"https:\\\/\\\/www.losangelesemploymentattorney.org\\\/es\\\/file-eeoc-complaint-pregnancy-discrimination\\\/#webpage\",\"url\":\"https:\\\/\\\/www.losangelesemploymentattorney.org\\\/es\\\/file-eeoc-complaint-pregnancy-discrimination\\\/\",\"name\":\"How to File an EEOC Complaint for Pregnancy Discrimination - California Labor Law Employment Attorneys Group\",\"description\":\"How to File an EEOC Complaint for Pregnancy Discrimination Employers cannot discriminate against employees that are pregnant or will become pregnant. Discrimination occurs when an employer treats an employee differently or bases actions against an employee who is a part of a protected group of persons \\u2014 in this case, pregnant women are a protected\",\"inLanguage\":\"es-MX\",\"isPartOf\":{\"@id\":\"https:\\\/\\\/www.losangelesemploymentattorney.org\\\/es\\\/#website\"},\"breadcrumb\":{\"@id\":\"https:\\\/\\\/www.losangelesemploymentattorney.org\\\/es\\\/file-eeoc-complaint-pregnancy-discrimination\\\/#breadcrumblist\"},\"datePublished\":\"2017-07-21T01:13:51+00:00\",\"dateModified\":\"2019-07-16T19:59:09+00:00\"},{\"@type\":\"WebSite\",\"@id\":\"https:\\\/\\\/www.losangelesemploymentattorney.org\\\/es\\\/#website\",\"url\":\"https:\\\/\\\/www.losangelesemploymentattorney.org\\\/es\\\/\",\"name\":\"California Labor Law Employment Attorneys Group\",\"inLanguage\":\"es-MX\",\"publisher\":{\"@id\":\"https:\\\/\\\/www.losangelesemploymentattorney.org\\\/es\\\/#organization\"}}]}\n\t\t<\/script>\n\t\t<!-- All in One SEO Pro -->\r\n\t\t<title>How to File an EEOC Complaint for Pregnancy Discrimination - California Labor Law Employment Attorneys Group<\/title>\n\n","aioseo_head_json":{"title":"C\u00f3mo presentar una queja ante la EEOC por discriminaci\u00f3n por embarazo - Grupo de abogados laborales de derecho laboral de California","description":"C\u00f3mo presentar una queja ante la EEOC por discriminaci\u00f3n por embarazo Los empleadores no pueden discriminar a empleadas que est\u00e9n o que vayan a quedar embarazadas. La discriminaci\u00f3n ocurre cuando un empleador trata a un empleado de manera diferente o fundamenta acciones contra un empleado que es parte de un grupo protegido de personas; en este caso, las mujeres embarazadas son un grupo protegido.","canonical_url":"https:\/\/www.losangelesemploymentattorney.org\/es\/file-eeoc-complaint-pregnancy-discrimination\/","robots":"max-image-preview:large","keywords":"","webmasterTools":{"miscellaneous":""},"schema":{"@context":"https:\/\/schema.org","@graph":[{"@type":"BreadcrumbList","@id":"https:\/\/www.losangelesemploymentattorney.org\/es\/file-eeoc-complaint-pregnancy-discrimination\/#breadcrumblist","itemListElement":[{"@type":"ListItem","@id":"https:\/\/www.losangelesemploymentattorney.org\/es#listItem","position":1,"name":"Home","item":"https:\/\/www.losangelesemploymentattorney.org\/es","nextItem":{"@type":"ListItem","@id":"https:\/\/www.losangelesemploymentattorney.org\/es\/file-eeoc-complaint-pregnancy-discrimination\/#listItem","name":"How to File an EEOC Complaint for Pregnancy Discrimination"}},{"@type":"ListItem","@id":"https:\/\/www.losangelesemploymentattorney.org\/es\/file-eeoc-complaint-pregnancy-discrimination\/#listItem","position":2,"name":"How to File an EEOC Complaint for Pregnancy Discrimination","previousItem":{"@type":"ListItem","@id":"https:\/\/www.losangelesemploymentattorney.org\/es#listItem","name":"Home"}}]},{"@type":"Organization","@id":"https:\/\/www.losangelesemploymentattorney.org\/es\/#organization","name":"California Labor Law Employment Attorneys Group","url":"https:\/\/www.losangelesemploymentattorney.org\/es\/","email":"info@losangelesemploymentattorney.org","telephone":"+18884518915","numberOfEmployees":{"@type":"QuantitativeValue","value":400},"logo":{"@type":"ImageObject","url":"https:\/\/www.losangelesemploymentattorney.org\/wp-content\/uploads\/2021\/12\/clleaglogoss-01.png","@id":"https:\/\/www.losangelesemploymentattorney.org\/es\/file-eeoc-complaint-pregnancy-discrimination\/#organizationLogo","width":854,"height":261},"image":{"@id":"https:\/\/www.losangelesemploymentattorney.org\/es\/file-eeoc-complaint-pregnancy-discrimination\/#organizationLogo"},"address":{"@id":"https:\/\/www.losangelesemploymentattorney.org\/es\/#postaladdress","@type":"PostalAddress","streetAddress":"612 S Broadway, Suite 600","postalCode":"90014","addressLocality":"Los Angeles","addressRegion":"California","addressCountry":"US"}},{"@type":"WebPage","@id":"https:\/\/www.losangelesemploymentattorney.org\/es\/file-eeoc-complaint-pregnancy-discrimination\/#webpage","url":"https:\/\/www.losangelesemploymentattorney.org\/es\/file-eeoc-complaint-pregnancy-discrimination\/","name":"How to File an EEOC Complaint for Pregnancy Discrimination - California Labor Law Employment Attorneys Group","description":"How to File an EEOC Complaint for Pregnancy Discrimination Employers cannot discriminate against employees that are pregnant or will become pregnant. Discrimination occurs when an employer treats an employee differently or bases actions against an employee who is a part of a protected group of persons \u2014 in this case, pregnant women are a protected","inLanguage":"es-MX","isPartOf":{"@id":"https:\/\/www.losangelesemploymentattorney.org\/es\/#website"},"breadcrumb":{"@id":"https:\/\/www.losangelesemploymentattorney.org\/es\/file-eeoc-complaint-pregnancy-discrimination\/#breadcrumblist"},"datePublished":"2017-07-21T01:13:51+00:00","dateModified":"2019-07-16T19:59:09+00:00"},{"@type":"WebSite","@id":"https:\/\/www.losangelesemploymentattorney.org\/es\/#website","url":"https:\/\/www.losangelesemploymentattorney.org\/es\/","name":"California Labor Law Employment Attorneys Group","inLanguage":"es-MX","publisher":{"@id":"https:\/\/www.losangelesemploymentattorney.org\/es\/#organization"}}]},"og:locale":"es_MX","og:site_name":"California Labor Law Employment Attorneys Group -","og:type":"article","og:title":"How to File an EEOC Complaint for Pregnancy Discrimination - California Labor Law Employment Attorneys Group","og:description":"How to File an EEOC Complaint for Pregnancy Discrimination Employers cannot discriminate against employees that are pregnant or will become pregnant. Discrimination occurs when an employer treats an employee differently or bases actions against an employee who is a part of a protected group of persons \u2014 in this case, pregnant women are a protected","og:url":"https:\/\/www.losangelesemploymentattorney.org\/es\/file-eeoc-complaint-pregnancy-discrimination\/","article:published_time":"2017-07-21T01:13:51+00:00","article:modified_time":"2019-07-16T19:59:09+00:00","twitter:card":"summary_large_image","twitter:title":"How to File an EEOC Complaint for Pregnancy Discrimination - California Labor Law Employment Attorneys Group","twitter:description":"How to File an EEOC Complaint for Pregnancy Discrimination Employers cannot discriminate against employees that are pregnant or will become pregnant. Discrimination occurs when an employer treats an employee differently or bases actions against an employee who is a part of a protected group of persons \u2014 in this case, pregnant women are a protected"},"aioseo_meta_data":{"post_id":"945","title":null,"description":null,"keywords":null,"keyphrases":null,"primary_term":null,"canonical_url":null,"og_title":null,"og_description":null,"og_object_type":"default","og_image_type":"default","og_image_url":null,"og_image_width":null,"og_image_height":null,"og_image_custom_url":null,"og_image_custom_fields":null,"og_video":null,"og_custom_url":null,"og_article_section":null,"og_article_tags":null,"twitter_use_og":false,"twitter_card":"default","twitter_image_type":"default","twitter_image_url":null,"twitter_image_custom_url":null,"twitter_image_custom_fields":null,"twitter_title":null,"twitter_description":null,"schema":{"blockGraphs":[],"customGraphs":[],"default":{"data":{"Article":[],"Course":[],"Dataset":[],"FAQPage":[],"Movie":[],"Person":[],"Product":[],"ProductReview":[],"Car":[],"Recipe":[],"Service":[],"SoftwareApplication":[],"WebPage":[]},"graphName":"","isEnabled":true},"graphs":[]},"schema_type":"default","schema_type_options":null,"pillar_content":false,"robots_default":true,"robots_noindex":false,"robots_noarchive":false,"robots_nosnippet":false,"robots_nofollow":false,"robots_noimageindex":false,"robots_noodp":false,"robots_notranslate":false,"robots_max_snippet":null,"robots_max_videopreview":null,"robots_max_imagepreview":"large","priority":null,"frequency":null,"local_seo":null,"seo_analyzer_scan_date":"2025-10-09 03:45:38","breadcrumb_settings":null,"limit_modified_date":false,"open_ai":null,"ai":null,"created":"2024-01-10 00:10:28","updated":"2025-10-21 20:53:27"},"aioseo_breadcrumb":"<div class=\"aioseo-breadcrumbs\"><span class=\"aioseo-breadcrumb\">\n\t<a href=\"https:\/\/www.losangelesemploymentattorney.org\/es\" title=\"Home\">Home<\/a>\n<\/span><span class=\"aioseo-breadcrumb-separator\">&raquo;<\/span><span class=\"aioseo-breadcrumb\">\n\tHow to File an EEOC Complaint for Pregnancy Discrimination\n<\/span><\/div>","aioseo_breadcrumb_json":[{"label":"Home","link":"https:\/\/www.losangelesemploymentattorney.org\/es"},{"label":"How to File an EEOC Complaint for Pregnancy Discrimination","link":"https:\/\/www.losangelesemploymentattorney.org\/es\/file-eeoc-complaint-pregnancy-discrimination\/"}],"_links":{"self":[{"href":"https:\/\/www.losangelesemploymentattorney.org\/es\/wp-json\/wp\/v2\/pages\/945","targetHints":{"allow":["GET"]}}],"collection":[{"href":"https:\/\/www.losangelesemploymentattorney.org\/es\/wp-json\/wp\/v2\/pages"}],"about":[{"href":"https:\/\/www.losangelesemploymentattorney.org\/es\/wp-json\/wp\/v2\/types\/page"}],"author":[{"embeddable":true,"href":"https:\/\/www.losangelesemploymentattorney.org\/es\/wp-json\/wp\/v2\/users\/1"}],"replies":[{"embeddable":true,"href":"https:\/\/www.losangelesemploymentattorney.org\/es\/wp-json\/wp\/v2\/comments?post=945"}],"version-history":[{"count":1,"href":"https:\/\/www.losangelesemploymentattorney.org\/es\/wp-json\/wp\/v2\/pages\/945\/revisions"}],"predecessor-version":[{"id":946,"href":"https:\/\/www.losangelesemploymentattorney.org\/es\/wp-json\/wp\/v2\/pages\/945\/revisions\/946"}],"wp:attachment":[{"href":"https:\/\/www.losangelesemploymentattorney.org\/es\/wp-json\/wp\/v2\/media?parent=945"}],"curies":[{"name":"wp","href":"https:\/\/api.w.org\/{rel}","templated":true}]}}