{"id":972,"date":"2017-07-21T17:29:45","date_gmt":"2017-07-21T17:29:45","guid":{"rendered":"https:\/\/www.losangelesemploymentattorney.org\/?page_id=972"},"modified":"2019-07-16T22:19:00","modified_gmt":"2019-07-16T22:19:00","slug":"como-presentar-una-demanda-por-despido-injustificado-2","status":"publish","type":"page","link":"https:\/\/www.losangelesemploymentattorney.org\/es\/how-to-file-wrongful-termination-lawsuit\/","title":{"rendered":"C\u00f3mo presentar una demanda por despido injustificado"},"content":{"rendered":"<h2>C\u00f3mo presentar una demanda por despido injustificado<\/h2>\n<p><img loading=\"lazy\" decoding=\"async\" class=\"size-full wp-image-967 alignright\" src=\"https:\/\/www.losangelesemploymentattorney.org\/wp-content\/uploads\/2017\/07\/wrongful-termination-case-worth.jpg\" alt=\"\" width=\"374\" height=\"150\" srcset=\"https:\/\/www.losangelesemploymentattorney.org\/wp-content\/uploads\/2017\/07\/wrongful-termination-case-worth.jpg 374w, https:\/\/www.losangelesemploymentattorney.org\/wp-content\/uploads\/2017\/07\/wrongful-termination-case-worth-300x120.jpg 300w\" sizes=\"auto, (max-width: 374px) 100vw, 374px\" \/>Ser despedido o despedido de su trabajo es un evento terriblemente traum\u00e1tico. En poco menos de 24 horas, toda tu vida puede dar un vuelco: la p\u00e9rdida repentina de un ingreso estable, especialmente cuando enfrentas facturas mensuales que tienes que pagar y otras obligaciones financieras no solo contigo mismo, sino tambi\u00e9n con tu familia.<\/p>\n<p>Los empleadores no siempre cumplen con la ley cuando se trata de despedir a sus empleados de su trabajo. Cuando los empleadores despiden a sus empleados ilegalmente, se denomina \u201cdespido injustificado\u201d, lo que les da a los empleados la posibilidad de presentar una demanda contra su empleador por despedirlos o despedirlos injustamente. Una demanda por despido injustificado exitosa puede devolverle su trabajo; la mayor\u00eda de las veces, la tensi\u00f3n entre el empleado y el empleador aumenta y los tribunales pueden evitar hacerlo. Pero los tribunales tambi\u00e9n pueden ofrecerle un acuerdo o un paquete de compensaci\u00f3n adecuado por el despido ilegal que se le impuso.<\/p>\n<p>El despido injustificado puede basarse en una variedad de violaciones que el empleador ha cometido en contra de la ley. Estas son algunas de las violaciones que su empleador puede haber cometido cuando despidi\u00f3 su empleo:<\/p>\n<ul>\n<li><strong>Incumplimiento de contrato:<\/strong> Si el empleado firm\u00f3 un contrato estableciendo ciertos aspectos y garant\u00edas del trabajo, se puede considerar despido improcedente si se incumplieron o violaron los t\u00e9rminos y condiciones que estaban inscritos en el contrato.<\/li>\n<li><strong>Licencia de empleado:<\/strong> Es ilegal que los empleadores despidan a los empleados que solicitan o toman una licencia leg\u00edtima por razones familiares o m\u00e9dicas.<\/li>\n<li><strong>Fuego de represalia:<\/strong> Si un empleado saca a la luz violaciones contra la empresa para la que trabaja, el empleador no puede tomar represalias despidiendo a ese empleado.<\/li>\n<li><strong>Discriminaci\u00f3n:<\/strong> Es ilegal que los empleadores despidan a empleados por motivos como edad, raza, g\u00e9nero, religi\u00f3n, pa\u00eds de origen, etc. Esta es la forma m\u00e1s com\u00fan de despido injustificado.<\/li>\n<\/ul>\n<p>Una vez que descubra la raz\u00f3n por la que su empleador lo despidi\u00f3 injustamente, tendr\u00e1 que comenzar a reunir pruebas para desarrollar su reclamo. Un abogado experimentado puede ayudarlo a construir su caso y formular un argumento legal para ayudarlo a ganarlo.<\/p>\n<p><strong>Presentaci\u00f3n de una demanda por despido injustificado<\/strong><br \/>\nAntes de presentar una demanda contra su empleador, primero debe presentar un cargo administrativo ante una agencia administrativa gubernamental, como la Comisi\u00f3n de Igualdad de Oportunidades en el Empleo (EEOC). Debe comunicarse con la EEOC y luego presentar su reclamo, junto con su evidencia, que ser\u00e1 solicitada por la agencia para que examinen su caso.<\/p>\n<p>Adem\u00e1s, deber\u00e1 reunir pruebas que demuestren que lo m\u00e1s probable es que su empleador haya actuado ilegalmente. Esto significa que la evidencia que usted y su abogado recopilen debe demostrar que su empleador probablemente se desvi\u00f3 de la pol\u00edtica normal y trat\u00f3 su despido de manera diferente a otros. A continuaci\u00f3n se ofrecen algunos consejos sobre c\u00f3mo puede reunir pruebas s\u00f3lidas contra su empleador:<\/p>\n<ol>\n<li><strong>Preg\u00fantele a su antiguo empleador por qu\u00e9 despidi\u00f3 su empleo<\/strong>. Si puedes, toma notas. Pida que su empleador ponga por escrito el motivo o motivos por los que despidi\u00f3 su empleo. (Est\u00e1 prohibido grabar una conversaci\u00f3n en estos estados a menos que exista el consentimiento de todas las partes involucradas: California, Connecticut, Delaware, Florida, Illinois, Maryland, Massachusetts, Michigan, Montana, New Hampshire, Pennsylvania y Washington).<\/li>\n<li><strong>Solicita tu expediente personal<\/strong>. Es mejor tener copias de todos los documentos relacionados con su despido. La mayor\u00eda de los empleadores no est\u00e1n obligados a entregar sus expedientes legalmente, pero siempre vale la pena intentarlo. Su abogado puede citar a su empleador para esos archivos m\u00e1s adelante si es necesario.<\/li>\n<li><strong>Registre todo en su diario<\/strong>. Un diario en el que escriba toda la informaci\u00f3n necesaria lo mantendr\u00e1 organizado y podr\u00e1 agilizar todo el proceso. Anote nombres, informaci\u00f3n relevante del contrato, declaraciones. Incluya referencias a otros empleados que no fueron despedidos a pesar de que su desempe\u00f1o fue similar al suyo: esto puede ayudar a determinar si hubo un doble rasero. Tambi\u00e9n vale la pena anotar la informaci\u00f3n de los testigos.<\/li>\n<li><strong>Determinar si su empleador despidi\u00f3 su empleo por motivos ilegales<\/strong>. Si usted y su abogado concluyen que hubo un incumplimiento de contrato o discriminaci\u00f3n que condujo a su despido, presente una queja ante la EEOC y haga copias de su solicitud y de cualquier comunicaci\u00f3n con la EEOC.<br \/>\nLa EEOC puede otorgarle una carta de \u201cderecho a demandar\u201d, que le permite presentar una demanda (basada en la infracci\u00f3n que cometi\u00f3 su empleador) contra su empleador. Seg\u00fan la ley que viol\u00f3 su empleador, tendr\u00e1 una cierta cantidad de tiempo para presentar esta demanda.<\/li>\n<\/ol>\n<p><strong>Lo que un abogado puede hacer por usted<\/strong><br \/>\nNo es necesario tener un abogado al presentar la queja ante la EEOC, pero si realmente quiere continuar con su despido injustificado y obtener las compensaciones a las que tiene derecho, siempre es una buena idea hacerlo para que le orienten. usted a trav\u00e9s de las complejidades de la ley de acuerdo con su estado y localidad, y lo representar\u00e1 con su conocimiento de la ley. En la mayor\u00eda de los casos de despido injustificado, los registros de su empleador deben revisarse y normalmente solo se puede acceder a ellos mediante una citaci\u00f3n que debe solicitar un abogado legal.<\/p>\n<p>Los abogados tambi\u00e9n pueden tomar declaraciones ordenadas por el tribunal de empleadores, empleados (que trabajaban all\u00ed y sol\u00edan trabajar all\u00ed), testigos y m\u00e1s. Las declaraciones son declaraciones juradas grabadas que pueden ayudarle a proporcionar pruebas para su demanda contra su antiguo jefe.<\/p>\n<p><strong>Compensaci\u00f3n por despido injustificado<\/strong><\/p>\n<ul>\n<li><strong>Pago perdido<\/strong> \u2014 El salario que habr\u00eda ganado si no lo hubieran despedido, as\u00ed como las horas extras, los salarios no pagados y ganados, u otras formas de compensaci\u00f3n que el empleador no entreg\u00f3.<\/li>\n<li><strong>Beneficios perdidos<\/strong> \u2014 El costo y el monto que tienen tus beneficios en t\u00e9rminos de d\u00f3lares es bastante dif\u00edcil de cuantificar sin un experto que eval\u00fae todo lo que acumulaste.<\/li>\n<li><strong>Estr\u00e9s emocional<\/strong> \u2014 Su despido puede haber causado cierta angustia emocional, tambi\u00e9n conocida como \u201cdolor y sufrimiento\u201d, pero generalmente solo se concede si hay pruebas suficientes que demuestren que el empleador actu\u00f3 con malicia cuando despidi\u00f3 su empleo.<\/li>\n<\/ul>\n<h2>Consulta gratuita y garant\u00eda de tarifa cero<\/h2>\n<p>Nuestro bufete de abogados ofrece consultas gratuitas a cualquier persona que crea que tiene un motivo para demandar a su empleador. Adem\u00e1s, cualquiera que se registre con nosotros est\u00e1 respaldado por nuestra garant\u00eda de tarifa cero. Esto significa que nuestra firma nunca cobra honorarios por adelantado. Cobramos tarifas solo si le entregamos dinero. Si no te conseguimos dinero, no cobramos nada.<\/p>","protected":false},"excerpt":{"rendered":"<p>C\u00f3mo presentar una demanda por despido injustificado Ser despedido o despedido de su trabajo es un evento terriblemente traum\u00e1tico. En poco menos de 24 horas, toda tu vida puede dar un vuelco: la p\u00e9rdida repentina de un ingreso estable, especialmente cuando enfrentas facturas mensuales que tienes que pagar y otras obligaciones financieras que...<\/p>","protected":false},"author":1,"featured_media":0,"parent":0,"menu_order":0,"comment_status":"closed","ping_status":"closed","template":"","meta":{"om_disable_all_campaigns":false,"_monsterinsights_skip_tracking":false,"_monsterinsights_sitenote_active":false,"_monsterinsights_sitenote_note":"","_monsterinsights_sitenote_category":0,"footnotes":""},"class_list":["post-972","page","type-page","status-publish"],"aioseo_notices":[],"aioseo_head":"\n\t\t<!-- All in One SEO Pro 4.9.6.2 - aioseo.com -->\n\t<meta name=\"description\" content=\"How to File a Wrongful Termination Lawsuit Getting fired or let go from your job is a terribly traumatic event. In just under 24 hours, your entire life can get flipped upside down: the sudden loss of a steady income, especially when you face monthly bills you have to pay and other financial obligation to\" \/>\n\t<meta name=\"robots\" content=\"max-image-preview:large\" \/>\n\t<link rel=\"canonical\" href=\"https:\/\/www.losangelesemploymentattorney.org\/es\/how-to-file-wrongful-termination-lawsuit\/\" \/>\n\t<meta name=\"generator\" content=\"All in One SEO Pro (AIOSEO) 4.9.6.2\" \/>\n\t\t<meta property=\"og:locale\" content=\"es_MX\" \/>\n\t\t<meta property=\"og:site_name\" content=\"California Labor Law Employment Attorneys Group -\" \/>\n\t\t<meta property=\"og:type\" content=\"article\" \/>\n\t\t<meta property=\"og:title\" content=\"How to File a Wrongful Termination Lawsuit - California Labor Law Employment Attorneys Group\" \/>\n\t\t<meta property=\"og:description\" content=\"How to File a Wrongful Termination Lawsuit Getting fired or let go from your job is a terribly traumatic event. In just under 24 hours, your entire life can get flipped upside down: the sudden loss of a steady income, especially when you face monthly bills you have to pay and other financial obligation to\" \/>\n\t\t<meta property=\"og:url\" content=\"https:\/\/www.losangelesemploymentattorney.org\/es\/how-to-file-wrongful-termination-lawsuit\/\" \/>\n\t\t<meta property=\"article:published_time\" content=\"2017-07-21T17:29:45+00:00\" \/>\n\t\t<meta property=\"article:modified_time\" content=\"2019-07-16T22:19:00+00:00\" \/>\n\t\t<meta name=\"twitter:card\" content=\"summary_large_image\" \/>\n\t\t<meta name=\"twitter:title\" content=\"How to File a Wrongful Termination Lawsuit - California Labor Law Employment Attorneys Group\" \/>\n\t\t<meta name=\"twitter:description\" content=\"How to File a Wrongful Termination Lawsuit Getting fired or let go from your job is a terribly traumatic event. In just under 24 hours, your entire life can get flipped upside down: the sudden loss of a steady income, especially when you face monthly bills you have to pay and other financial obligation to\" \/>\n\t\t<script type=\"application\/ld+json\" class=\"aioseo-schema\">\n\t\t\t{\"@context\":\"https:\\\/\\\/schema.org\",\"@graph\":[{\"@type\":\"BreadcrumbList\",\"@id\":\"https:\\\/\\\/www.losangelesemploymentattorney.org\\\/es\\\/how-to-file-wrongful-termination-lawsuit\\\/#breadcrumblist\",\"itemListElement\":[{\"@type\":\"ListItem\",\"@id\":\"https:\\\/\\\/www.losangelesemploymentattorney.org\\\/es#listItem\",\"position\":1,\"name\":\"Home\",\"item\":\"https:\\\/\\\/www.losangelesemploymentattorney.org\\\/es\",\"nextItem\":{\"@type\":\"ListItem\",\"@id\":\"https:\\\/\\\/www.losangelesemploymentattorney.org\\\/es\\\/how-to-file-wrongful-termination-lawsuit\\\/#listItem\",\"name\":\"How to File a Wrongful Termination Lawsuit\"}},{\"@type\":\"ListItem\",\"@id\":\"https:\\\/\\\/www.losangelesemploymentattorney.org\\\/es\\\/how-to-file-wrongful-termination-lawsuit\\\/#listItem\",\"position\":2,\"name\":\"How to File a Wrongful Termination Lawsuit\",\"previousItem\":{\"@type\":\"ListItem\",\"@id\":\"https:\\\/\\\/www.losangelesemploymentattorney.org\\\/es#listItem\",\"name\":\"Home\"}}]},{\"@type\":\"Organization\",\"@id\":\"https:\\\/\\\/www.losangelesemploymentattorney.org\\\/es\\\/#organization\",\"name\":\"California Labor Law Employment Attorneys Group\",\"url\":\"https:\\\/\\\/www.losangelesemploymentattorney.org\\\/es\\\/\",\"email\":\"info@losangelesemploymentattorney.org\",\"telephone\":\"+18884518915\",\"numberOfEmployees\":{\"@type\":\"QuantitativeValue\",\"value\":400},\"logo\":{\"@type\":\"ImageObject\",\"url\":\"https:\\\/\\\/www.losangelesemploymentattorney.org\\\/wp-content\\\/uploads\\\/2021\\\/12\\\/clleaglogoss-01.png\",\"@id\":\"https:\\\/\\\/www.losangelesemploymentattorney.org\\\/es\\\/how-to-file-wrongful-termination-lawsuit\\\/#organizationLogo\",\"width\":854,\"height\":261},\"image\":{\"@id\":\"https:\\\/\\\/www.losangelesemploymentattorney.org\\\/es\\\/how-to-file-wrongful-termination-lawsuit\\\/#organizationLogo\"},\"address\":{\"@id\":\"https:\\\/\\\/www.losangelesemploymentattorney.org\\\/es\\\/#postaladdress\",\"@type\":\"PostalAddress\",\"streetAddress\":\"612 S Broadway, Suite 600\",\"postalCode\":\"90014\",\"addressLocality\":\"Los Angeles\",\"addressRegion\":\"California\",\"addressCountry\":\"US\"}},{\"@type\":\"WebPage\",\"@id\":\"https:\\\/\\\/www.losangelesemploymentattorney.org\\\/es\\\/how-to-file-wrongful-termination-lawsuit\\\/#webpage\",\"url\":\"https:\\\/\\\/www.losangelesemploymentattorney.org\\\/es\\\/how-to-file-wrongful-termination-lawsuit\\\/\",\"name\":\"How to File a Wrongful Termination Lawsuit - California Labor Law Employment Attorneys Group\",\"description\":\"How to File a Wrongful Termination Lawsuit Getting fired or let go from your job is a terribly traumatic event. In just under 24 hours, your entire life can get flipped upside down: the sudden loss of a steady income, especially when you face monthly bills you have to pay and other financial obligation to\",\"inLanguage\":\"es-MX\",\"isPartOf\":{\"@id\":\"https:\\\/\\\/www.losangelesemploymentattorney.org\\\/es\\\/#website\"},\"breadcrumb\":{\"@id\":\"https:\\\/\\\/www.losangelesemploymentattorney.org\\\/es\\\/how-to-file-wrongful-termination-lawsuit\\\/#breadcrumblist\"},\"datePublished\":\"2017-07-21T17:29:45+00:00\",\"dateModified\":\"2019-07-16T22:19:00+00:00\"},{\"@type\":\"WebSite\",\"@id\":\"https:\\\/\\\/www.losangelesemploymentattorney.org\\\/es\\\/#website\",\"url\":\"https:\\\/\\\/www.losangelesemploymentattorney.org\\\/es\\\/\",\"name\":\"California Labor Law Employment Attorneys Group\",\"inLanguage\":\"es-MX\",\"publisher\":{\"@id\":\"https:\\\/\\\/www.losangelesemploymentattorney.org\\\/es\\\/#organization\"}}]}\n\t\t<\/script>\n\t\t<!-- All in One SEO Pro -->\r\n\t\t<title>How to File a Wrongful Termination Lawsuit - California Labor Law Employment Attorneys Group<\/title>\n\n","aioseo_head_json":{"title":"C\u00f3mo presentar una demanda por despido injustificado - Grupo de abogados de empleo de derecho laboral de California","description":"C\u00f3mo presentar una demanda por despido injustificado Ser despedido o despedido de su trabajo es un evento terriblemente traum\u00e1tico. En poco menos de 24 horas, toda tu vida puede dar un vuelco: la p\u00e9rdida repentina de un ingreso estable, especialmente cuando enfrentas facturas mensuales que tienes que pagar y otras obligaciones financieras que debes pagar.","canonical_url":"https:\/\/www.losangelesemploymentattorney.org\/es\/how-to-file-wrongful-termination-lawsuit\/","robots":"max-image-preview:large","keywords":"","webmasterTools":{"miscellaneous":""},"schema":{"@context":"https:\/\/schema.org","@graph":[{"@type":"BreadcrumbList","@id":"https:\/\/www.losangelesemploymentattorney.org\/es\/how-to-file-wrongful-termination-lawsuit\/#breadcrumblist","itemListElement":[{"@type":"ListItem","@id":"https:\/\/www.losangelesemploymentattorney.org\/es#listItem","position":1,"name":"Home","item":"https:\/\/www.losangelesemploymentattorney.org\/es","nextItem":{"@type":"ListItem","@id":"https:\/\/www.losangelesemploymentattorney.org\/es\/how-to-file-wrongful-termination-lawsuit\/#listItem","name":"How to File a Wrongful Termination Lawsuit"}},{"@type":"ListItem","@id":"https:\/\/www.losangelesemploymentattorney.org\/es\/how-to-file-wrongful-termination-lawsuit\/#listItem","position":2,"name":"How to File a Wrongful Termination Lawsuit","previousItem":{"@type":"ListItem","@id":"https:\/\/www.losangelesemploymentattorney.org\/es#listItem","name":"Home"}}]},{"@type":"Organization","@id":"https:\/\/www.losangelesemploymentattorney.org\/es\/#organization","name":"California Labor Law Employment Attorneys Group","url":"https:\/\/www.losangelesemploymentattorney.org\/es\/","email":"info@losangelesemploymentattorney.org","telephone":"+18884518915","numberOfEmployees":{"@type":"QuantitativeValue","value":400},"logo":{"@type":"ImageObject","url":"https:\/\/www.losangelesemploymentattorney.org\/wp-content\/uploads\/2021\/12\/clleaglogoss-01.png","@id":"https:\/\/www.losangelesemploymentattorney.org\/es\/how-to-file-wrongful-termination-lawsuit\/#organizationLogo","width":854,"height":261},"image":{"@id":"https:\/\/www.losangelesemploymentattorney.org\/es\/how-to-file-wrongful-termination-lawsuit\/#organizationLogo"},"address":{"@id":"https:\/\/www.losangelesemploymentattorney.org\/es\/#postaladdress","@type":"PostalAddress","streetAddress":"612 S Broadway, Suite 600","postalCode":"90014","addressLocality":"Los Angeles","addressRegion":"California","addressCountry":"US"}},{"@type":"WebPage","@id":"https:\/\/www.losangelesemploymentattorney.org\/es\/how-to-file-wrongful-termination-lawsuit\/#webpage","url":"https:\/\/www.losangelesemploymentattorney.org\/es\/how-to-file-wrongful-termination-lawsuit\/","name":"How to File a Wrongful Termination Lawsuit - California Labor Law Employment Attorneys Group","description":"How to File a Wrongful Termination Lawsuit Getting fired or let go from your job is a terribly traumatic event. In just under 24 hours, your entire life can get flipped upside down: the sudden loss of a steady income, especially when you face monthly bills you have to pay and other financial obligation to","inLanguage":"es-MX","isPartOf":{"@id":"https:\/\/www.losangelesemploymentattorney.org\/es\/#website"},"breadcrumb":{"@id":"https:\/\/www.losangelesemploymentattorney.org\/es\/how-to-file-wrongful-termination-lawsuit\/#breadcrumblist"},"datePublished":"2017-07-21T17:29:45+00:00","dateModified":"2019-07-16T22:19:00+00:00"},{"@type":"WebSite","@id":"https:\/\/www.losangelesemploymentattorney.org\/es\/#website","url":"https:\/\/www.losangelesemploymentattorney.org\/es\/","name":"California Labor Law Employment Attorneys Group","inLanguage":"es-MX","publisher":{"@id":"https:\/\/www.losangelesemploymentattorney.org\/es\/#organization"}}]},"og:locale":"es_MX","og:site_name":"California Labor Law Employment Attorneys Group -","og:type":"article","og:title":"How to File a Wrongful Termination Lawsuit - California Labor Law Employment Attorneys Group","og:description":"How to File a Wrongful Termination Lawsuit Getting fired or let go from your job is a terribly traumatic event. In just under 24 hours, your entire life can get flipped upside down: the sudden loss of a steady income, especially when you face monthly bills you have to pay and other financial obligation to","og:url":"https:\/\/www.losangelesemploymentattorney.org\/es\/how-to-file-wrongful-termination-lawsuit\/","article:published_time":"2017-07-21T17:29:45+00:00","article:modified_time":"2019-07-16T22:19:00+00:00","twitter:card":"summary_large_image","twitter:title":"How to File a Wrongful Termination Lawsuit - California Labor Law Employment Attorneys Group","twitter:description":"How to File a Wrongful Termination Lawsuit Getting fired or let go from your job is a terribly traumatic event. In just under 24 hours, your entire life can get flipped upside down: the sudden loss of a steady income, especially when you face monthly bills you have to pay and other financial obligation to"},"aioseo_meta_data":{"post_id":"972","title":null,"description":null,"keywords":null,"keyphrases":null,"primary_term":null,"canonical_url":null,"og_title":null,"og_description":null,"og_object_type":"default","og_image_type":"default","og_image_url":null,"og_image_width":null,"og_image_height":null,"og_image_custom_url":null,"og_image_custom_fields":null,"og_video":null,"og_custom_url":null,"og_article_section":null,"og_article_tags":null,"twitter_use_og":false,"twitter_card":"default","twitter_image_type":"default","twitter_image_url":null,"twitter_image_custom_url":null,"twitter_image_custom_fields":null,"twitter_title":null,"twitter_description":null,"schema":{"blockGraphs":[],"customGraphs":[],"default":{"data":{"Article":[],"Course":[],"Dataset":[],"FAQPage":[],"Movie":[],"Person":[],"Product":[],"ProductReview":[],"Car":[],"Recipe":[],"Service":[],"SoftwareApplication":[],"WebPage":[]},"graphName":"","isEnabled":true},"graphs":[]},"schema_type":"default","schema_type_options":null,"pillar_content":false,"robots_default":true,"robots_noindex":false,"robots_noarchive":false,"robots_nosnippet":false,"robots_nofollow":false,"robots_noimageindex":false,"robots_noodp":false,"robots_notranslate":false,"robots_max_snippet":null,"robots_max_videopreview":null,"robots_max_imagepreview":"large","priority":null,"frequency":null,"local_seo":null,"seo_analyzer_scan_date":"2025-10-09 03:49:02","breadcrumb_settings":null,"limit_modified_date":false,"open_ai":null,"ai":null,"created":"2024-01-10 00:10:28","updated":"2025-10-21 20:53:27"},"aioseo_breadcrumb":"<div class=\"aioseo-breadcrumbs\"><span class=\"aioseo-breadcrumb\">\n\t<a href=\"https:\/\/www.losangelesemploymentattorney.org\/es\" title=\"Home\">Home<\/a>\n<\/span><span class=\"aioseo-breadcrumb-separator\">&raquo;<\/span><span class=\"aioseo-breadcrumb\">\n\tHow to File a Wrongful Termination Lawsuit\n<\/span><\/div>","aioseo_breadcrumb_json":[{"label":"Home","link":"https:\/\/www.losangelesemploymentattorney.org\/es"},{"label":"How to File a Wrongful Termination Lawsuit","link":"https:\/\/www.losangelesemploymentattorney.org\/es\/how-to-file-wrongful-termination-lawsuit\/"}],"_links":{"self":[{"href":"https:\/\/www.losangelesemploymentattorney.org\/es\/wp-json\/wp\/v2\/pages\/972","targetHints":{"allow":["GET"]}}],"collection":[{"href":"https:\/\/www.losangelesemploymentattorney.org\/es\/wp-json\/wp\/v2\/pages"}],"about":[{"href":"https:\/\/www.losangelesemploymentattorney.org\/es\/wp-json\/wp\/v2\/types\/page"}],"author":[{"embeddable":true,"href":"https:\/\/www.losangelesemploymentattorney.org\/es\/wp-json\/wp\/v2\/users\/1"}],"replies":[{"embeddable":true,"href":"https:\/\/www.losangelesemploymentattorney.org\/es\/wp-json\/wp\/v2\/comments?post=972"}],"version-history":[{"count":4,"href":"https:\/\/www.losangelesemploymentattorney.org\/es\/wp-json\/wp\/v2\/pages\/972\/revisions"}],"predecessor-version":[{"id":8326,"href":"https:\/\/www.losangelesemploymentattorney.org\/es\/wp-json\/wp\/v2\/pages\/972\/revisions\/8326"}],"wp:attachment":[{"href":"https:\/\/www.losangelesemploymentattorney.org\/es\/wp-json\/wp\/v2\/media?parent=972"}],"curies":[{"name":"wp","href":"https:\/\/api.w.org\/{rel}","templated":true}]}}